{"id":3401,"date":"2022-11-25T13:42:42","date_gmt":"2022-11-25T10:42:42","guid":{"rendered":"http:\/\/timeksyalitim.com.tr\/home\/?post_type=product&#038;p=3401"},"modified":"2022-11-25T14:35:37","modified_gmt":"2022-11-25T11:35:37","slug":"bonus-xps-pro-cati","status":"publish","type":"product","link":"https:\/\/timeksyalitim.com.tr\/home\/product\/bonus-xps-pro-cati\/","title":{"rendered":"Bonus XPS Pro \u00c7at\u0131"},"content":{"rendered":"<p><strong>Bonus XPS Pro \u00c7at\u0131,\u00a0<\/strong>\u00e7at\u0131larda ve temel perde duvarlarda koruma amac\u0131 ile kullan\u0131lan yal\u0131t\u0131m levhas\u0131d\u0131r. Y\u00fczeyi p\u00fcr\u00fczl\u00fc ve kanall\u0131 \u00f6zelli\u011fe sahip, kenarlar\u0131 binili 30, 40 ve 50 mm kal\u0131nl\u0131klar\u0131nda, 585 mm X 2.650 mm ebad\u0131nda \u00fcretilmektedir.<\/p>\n<div class=\"table__wrapper\">[wpdm_package id=&#8217;3399&#8242;]<\/div>\n","protected":false},"excerpt":{"rendered":"<p><strong>Bonus XPS Pro \u00c7at\u0131,\u00a0<\/strong>\u00e7at\u0131larda ve temel perde duvarlarda koruma amac\u0131 ile kullan\u0131lan yal\u0131t\u0131m levhas\u0131d\u0131r.<\/p>\n","protected":false},"featured_media":3416,"comment_status":"open","ping_status":"closed","template":"","meta":[],"product_brand":[],"product_cat":[170],"product_tag":[364,209],"class_list":{"0":"post-3401","1":"product","2":"type-product","3":"status-publish","4":"has-post-thumbnail","6":"product_cat-levha-xps","7":"product_tag-bonus-xps-pro-cati","8":"product_tag-xps","10":"first","11":"instock","12":"taxable","13":"shipping-taxable","14":"product-type-simple"},"_links":{"self":[{"href":"https:\/\/timeksyalitim.com.tr\/home\/wp-json\/wp\/v2\/product\/3401","targetHints":{"allow":["GET"]}}],"collection":[{"href":"https:\/\/timeksyalitim.com.tr\/home\/wp-json\/wp\/v2\/product"}],"about":[{"href":"https:\/\/timeksyalitim.com.tr\/home\/wp-json\/wp\/v2\/types\/product"}],"replies":[{"embeddable":true,"href":"https:\/\/timeksyalitim.com.tr\/home\/wp-json\/wp\/v2\/comments?post=3401"}],"wp:featuredmedia":[{"embeddable":true,"href":"https:\/\/timeksyalitim.com.tr\/home\/wp-json\/wp\/v2\/media\/3416"}],"wp:attachment":[{"href":"https:\/\/timeksyalitim.com.tr\/home\/wp-json\/wp\/v2\/media?parent=3401"}],"wp:term":[{"taxonomy":"product_brand","embeddable":true,"href":"https:\/\/timeksyalitim.com.tr\/home\/wp-json\/wp\/v2\/product_brand?post=3401"},{"taxonomy":"product_cat","embeddable":true,"href":"https:\/\/timeksyalitim.com.tr\/home\/wp-json\/wp\/v2\/product_cat?post=3401"},{"taxonomy":"product_tag","embeddable":true,"href":"https:\/\/timeksyalitim.com.tr\/home\/wp-json\/wp\/v2\/product_tag?post=3401"}],"curies":[{"name":"wp","href":"https:\/\/api.w.org\/{rel}","templated":true}]}}