{"id":3403,"date":"2022-11-25T14:01:47","date_gmt":"2022-11-25T11:01:47","guid":{"rendered":"http:\/\/timeksyalitim.com.tr\/home\/?post_type=product&#038;p=3403"},"modified":"2022-11-25T14:38:11","modified_gmt":"2022-11-25T11:38:11","slug":"bonus-xps-premium","status":"publish","type":"product","link":"https:\/\/timeksyalitim.com.tr\/home\/product\/bonus-xps-premium\/","title":{"rendered":"Bonus XPS Premium"},"content":{"rendered":"<p><strong>Bonus XPS Premium\u00a0<\/strong>\u0131s\u0131 yal\u0131t\u0131m levhalar\u0131 i\u00e7ten yal\u0131t\u0131m uygulamalar\u0131nda kullan\u0131lmakta olup, 30 mm &#8211; 120 mm kal\u0131nl\u0131klar\u0131nda, 600 mm x 2.650 mm ebad\u0131nda \u00f6zel olarak \u00fcretilmektedir.<\/p>\n<div class=\"table__wrapper\">[wpdm_package id=&#8217;3402&#8242;]<\/div>\n","protected":false},"excerpt":{"rendered":"<p><strong>Bonus XPS Premium\u00a0<\/strong>\u0131s\u0131 yal\u0131t\u0131m levhalar\u0131 i\u00e7ten yal\u0131t\u0131m uygulamalar\u0131nda kullan\u0131lmakta olup, 30 mm &#8211; 120 mm kal\u0131nl\u0131klar\u0131nda, 600 mm x 2.650 mm ebad\u0131nda \u00f6zel olarak \u00fcretilmektedir.<\/p>\n","protected":false},"featured_media":3417,"comment_status":"open","ping_status":"closed","template":"","meta":[],"product_brand":[],"product_cat":[170],"product_tag":[365,209],"class_list":{"0":"post-3403","1":"product","2":"type-product","3":"status-publish","4":"has-post-thumbnail","6":"product_cat-levha-xps","7":"product_tag-bonus-xps-premium","8":"product_tag-xps","10":"first","11":"instock","12":"taxable","13":"shipping-taxable","14":"product-type-simple"},"_links":{"self":[{"href":"https:\/\/timeksyalitim.com.tr\/home\/wp-json\/wp\/v2\/product\/3403","targetHints":{"allow":["GET"]}}],"collection":[{"href":"https:\/\/timeksyalitim.com.tr\/home\/wp-json\/wp\/v2\/product"}],"about":[{"href":"https:\/\/timeksyalitim.com.tr\/home\/wp-json\/wp\/v2\/types\/product"}],"replies":[{"embeddable":true,"href":"https:\/\/timeksyalitim.com.tr\/home\/wp-json\/wp\/v2\/comments?post=3403"}],"wp:featuredmedia":[{"embeddable":true,"href":"https:\/\/timeksyalitim.com.tr\/home\/wp-json\/wp\/v2\/media\/3417"}],"wp:attachment":[{"href":"https:\/\/timeksyalitim.com.tr\/home\/wp-json\/wp\/v2\/media?parent=3403"}],"wp:term":[{"taxonomy":"product_brand","embeddable":true,"href":"https:\/\/timeksyalitim.com.tr\/home\/wp-json\/wp\/v2\/product_brand?post=3403"},{"taxonomy":"product_cat","embeddable":true,"href":"https:\/\/timeksyalitim.com.tr\/home\/wp-json\/wp\/v2\/product_cat?post=3403"},{"taxonomy":"product_tag","embeddable":true,"href":"https:\/\/timeksyalitim.com.tr\/home\/wp-json\/wp\/v2\/product_tag?post=3403"}],"curies":[{"name":"wp","href":"https:\/\/api.w.org\/{rel}","templated":true}]}}