{"id":3424,"date":"2022-11-25T15:23:11","date_gmt":"2022-11-25T12:23:11","guid":{"rendered":"http:\/\/timeksyalitim.com.tr\/home\/?post_type=product&#038;p=3424"},"modified":"2022-11-25T15:44:28","modified_gmt":"2022-11-25T12:44:28","slug":"bonus-tas-yunu-plus","status":"publish","type":"product","link":"https:\/\/timeksyalitim.com.tr\/home\/product\/bonus-tas-yunu-plus\/","title":{"rendered":"Bonus Ta\u015f Y\u00fcn\u00fc Plus"},"content":{"rendered":"<p>40 kg\/m\u00b3 yo\u011funlukta \u00fcretilen\u00a0<strong>Bonus Ta\u015f Y\u00fcn\u00fc Plus<\/strong>\u00a0<strong>40 Ara B\u00f6lme Levhalar\u0131<\/strong>\u00a0bina i\u00e7inde yap\u0131lan ve \u0131s\u0131 yal\u0131t\u0131m\u0131n\u0131n herhangi bir y\u00fck ta\u015f\u0131mad\u0131\u011f\u0131 her t\u00fcrl\u00fc yap\u0131da kullan\u0131lmak \u00fczere \u00fcretilen hafif yal\u0131t\u0131m \u00fcr\u00fcnleridir. \u00dcretilen bu levha, temel kullan\u0131m alan\u0131 olan b\u00f6lme duvarlarda ses yal\u0131t\u0131m\u0131 sa\u011flarken, ayn\u0131 zamanda \u0131s\u0131 ve yang\u0131n yal\u0131t\u0131m\u0131n\u0131 da sa\u011flamaktad\u0131r. M\u00fckemmel ses emicili\u011fi sayesinde\u00a0<strong>Bonus Ta\u015f Y\u00fcn\u00fc Plus\u00a0<\/strong>bina i\u00e7inde ya da d\u0131\u015f\u0131nda kullan\u0131lan her t\u00fcrl\u00fc akustik eleman\u0131n olu\u015fturulmas\u0131 i\u00e7in en uygun malzemedir.<\/p>\n<p><strong>\u00dcr\u00fcn \u00d6zellikleri<\/strong><\/p>\n<ul>\n<li>T\u00fcm duvar geni\u015fliklerinde kullan\u0131labilir.<\/li>\n<li>Rijit olarak durur.<\/li>\n<li>T\u00fcm metal veya ah\u015fap \u00e7er\u00e7eve bo\u015fluklar\u0131nda kullan\u0131labilir.<\/li>\n<li>M\u00fckemmel bir \u0131s\u0131 yal\u0131t\u0131m\u0131, akustik perfrmans ve yang\u0131n dayan\u0131m\u0131 g\u00f6sterir.<\/li>\n<li>Ta\u015f\u0131nmas\u0131 ve uygulanmas\u0131 kolayd\u0131r.<\/li>\n<\/ul>\n<p><strong>Kullan\u0131m Alanlar\u0131<\/strong><\/p>\n<ul>\n<li>Hafif ara b\u00f6lme duvarlar\u0131nda<\/li>\n<li>D\u0131\u015f duvarlar\u0131n i\u00e7ten yal\u0131t\u0131m\u0131nda<\/li>\n<li>Merdiven ve asans\u00f6r bo\u015fluklar\u0131nda<\/li>\n<li>Yang\u0131n kap\u0131lar\u0131nda<\/li>\n<li>Al\u00e7\u0131 panel duvar ve kom\u015fu duvar uygulamalar\u0131nda kullan\u0131lmaktad\u0131r.<\/li>\n<\/ul>\n<h2><\/h2>\n<p><strong>Uygulama Y\u00f6ntemi<\/strong><\/p>\n<p>Ara b\u00f6lme levhas\u0131, ah\u015fap veya metal konstr\u00fcksiyonlar\u0131n aras\u0131na yerle\u015ftirilerek uygulan\u0131r. Uygulama yerine g\u00f6re profiller aras\u0131na levhalar yerle\u015ftirildikten sonra i\u00e7 mekana bakan y\u00fcze ya da her iki y\u00fcze profiller yard\u0131m\u0131 ile al\u00e7\u0131 paneller tespit edilir.<\/p>\n<p>Ara b\u00f6lme uygulamas\u0131n\u0131n detaylar\u0131, hedeflenen \u0131s\u0131, yang\u0131n, ve \u00f6zellikle ses yal\u0131t\u0131m\u0131 performans\u0131na g\u00f6re ta\u015f y\u00fcn\u00fc kal\u0131nl\u0131\u011f\u0131, yo\u011funlu\u011fu, hava bo\u015flu\u011funun geni\u015fli\u011fi ve d\u0131\u015f kaplama tipi gibi parametrelerin belirlenmesi ile tasarlan\u0131r.<\/p>\n<p>[wpdm_package id=&#8217;3426&#8242;]<\/p>\n","protected":false},"excerpt":{"rendered":"<p>40 kg\/m\u00b3 yo\u011funlukta \u00fcretilen\u00a0<strong>Bonus Ta\u015f Y\u00fcn\u00fc Plus<\/strong>\u00a0<strong>40 Ara B\u00f6lme Levhalar\u0131<\/strong>\u00a0bina i\u00e7inde yap\u0131lan ve \u0131s\u0131 yal\u0131t\u0131m\u0131n\u0131n herhangi bir y\u00fck ta\u015f\u0131mad\u0131\u011f\u0131 her t\u00fcrl\u00fc yap\u0131da kullan\u0131lmak \u00fczere \u00fcretilen hafif yal\u0131t\u0131m \u00fcr\u00fcnleridir<\/p>\n","protected":false},"featured_media":3425,"comment_status":"open","ping_status":"closed","template":"","meta":[],"product_brand":[],"product_cat":[234],"product_tag":[371,372],"class_list":{"0":"post-3424","1":"product","2":"type-product","3":"status-publish","4":"has-post-thumbnail","6":"product_cat-tasyunu-levha","7":"product_tag-bonus-tas-yunu-plus","8":"product_tag-tas-yunu","10":"first","11":"instock","12":"taxable","13":"shipping-taxable","14":"product-type-simple"},"_links":{"self":[{"href":"https:\/\/timeksyalitim.com.tr\/home\/wp-json\/wp\/v2\/product\/3424","targetHints":{"allow":["GET"]}}],"collection":[{"href":"https:\/\/timeksyalitim.com.tr\/home\/wp-json\/wp\/v2\/product"}],"about":[{"href":"https:\/\/timeksyalitim.com.tr\/home\/wp-json\/wp\/v2\/types\/product"}],"replies":[{"embeddable":true,"href":"https:\/\/timeksyalitim.com.tr\/home\/wp-json\/wp\/v2\/comments?post=3424"}],"wp:featuredmedia":[{"embeddable":true,"href":"https:\/\/timeksyalitim.com.tr\/home\/wp-json\/wp\/v2\/media\/3425"}],"wp:attachment":[{"href":"https:\/\/timeksyalitim.com.tr\/home\/wp-json\/wp\/v2\/media?parent=3424"}],"wp:term":[{"taxonomy":"product_brand","embeddable":true,"href":"https:\/\/timeksyalitim.com.tr\/home\/wp-json\/wp\/v2\/product_brand?post=3424"},{"taxonomy":"product_cat","embeddable":true,"href":"https:\/\/timeksyalitim.com.tr\/home\/wp-json\/wp\/v2\/product_cat?post=3424"},{"taxonomy":"product_tag","embeddable":true,"href":"https:\/\/timeksyalitim.com.tr\/home\/wp-json\/wp\/v2\/product_tag?post=3424"}],"curies":[{"name":"wp","href":"https:\/\/api.w.org\/{rel}","templated":true}]}}