{"id":3434,"date":"2022-11-25T15:55:37","date_gmt":"2022-11-25T12:55:37","guid":{"rendered":"http:\/\/timeksyalitim.com.tr\/home\/?post_type=product&#038;p=3434"},"modified":"2022-11-25T15:57:09","modified_gmt":"2022-11-25T12:57:09","slug":"bonus-tas-yunu-premium-r","status":"publish","type":"product","link":"https:\/\/timeksyalitim.com.tr\/home\/product\/bonus-tas-yunu-premium-r\/","title":{"rendered":"Bonus Tas\u0327 Yu\u0308nu\u0308 Premium R"},"content":{"rendered":"<p><strong>Premium R<\/strong>\u00a0ve\u00a0<strong>Premium R 150<\/strong>\u00a0olmak \u00fczere iki seri olarak \u00fcretilen teras \u00e7at\u0131 levhas\u0131, \u0131s\u0131 &#8211; ses yal\u0131t\u0131m\u0131 ve yang\u0131n g\u00fcvenli\u011fi konusunda t\u00fcm gereksinimleri kar\u015f\u0131layabilmekte ve t\u00fcm \u00e7at\u0131 tiplerinde uygulanabilmektedir. D\u00fc\u015f\u00fck kal\u0131nl\u0131klarda da \u00fcretilebildi\u011finden, gerekti\u011finde \u00e7ift kat olarak da kullan\u0131labilmektedir.<\/p>\n<p><strong>Kullan\u0131m Alanlar\u0131:<\/strong><\/p>\n<p>Her t\u00fcrde e\u011fimdeki metal ve ah\u015fap \u00e7at\u0131larda kullan\u0131ld\u0131\u011f\u0131 gibi gezilebilen ve gezilmeyen teras \u00e7at\u0131larda da kullan\u0131labilmektedir.<\/p>\n","protected":false},"excerpt":{"rendered":"<p><strong>Premium R<\/strong>\u00a0ve\u00a0<strong>Premium R 150<\/strong>\u00a0olmak \u00fczere iki seri olarak \u00fcretilen teras \u00e7at\u0131 levhas\u0131, \u0131s\u0131 &#8211; ses yal\u0131t\u0131m\u0131 ve yang\u0131n g\u00fcvenli\u011fi konusunda t\u00fcm gereksinimleri kar\u015f\u0131layabilmekte ve t\u00fcm \u00e7at\u0131 tiplerinde uygulanabilmektedir.<\/p>\n","protected":false},"featured_media":3435,"comment_status":"open","ping_status":"closed","template":"","meta":[],"product_brand":[],"product_cat":[234],"product_tag":[377,372],"class_list":{"0":"post-3434","1":"product","2":"type-product","3":"status-publish","4":"has-post-thumbnail","6":"product_cat-tasyunu-levha","7":"product_tag-bonus-tas-yunu-premium-r","8":"product_tag-tas-yunu","10":"first","11":"instock","12":"taxable","13":"shipping-taxable","14":"product-type-simple"},"_links":{"self":[{"href":"https:\/\/timeksyalitim.com.tr\/home\/wp-json\/wp\/v2\/product\/3434","targetHints":{"allow":["GET"]}}],"collection":[{"href":"https:\/\/timeksyalitim.com.tr\/home\/wp-json\/wp\/v2\/product"}],"about":[{"href":"https:\/\/timeksyalitim.com.tr\/home\/wp-json\/wp\/v2\/types\/product"}],"replies":[{"embeddable":true,"href":"https:\/\/timeksyalitim.com.tr\/home\/wp-json\/wp\/v2\/comments?post=3434"}],"wp:featuredmedia":[{"embeddable":true,"href":"https:\/\/timeksyalitim.com.tr\/home\/wp-json\/wp\/v2\/media\/3435"}],"wp:attachment":[{"href":"https:\/\/timeksyalitim.com.tr\/home\/wp-json\/wp\/v2\/media?parent=3434"}],"wp:term":[{"taxonomy":"product_brand","embeddable":true,"href":"https:\/\/timeksyalitim.com.tr\/home\/wp-json\/wp\/v2\/product_brand?post=3434"},{"taxonomy":"product_cat","embeddable":true,"href":"https:\/\/timeksyalitim.com.tr\/home\/wp-json\/wp\/v2\/product_cat?post=3434"},{"taxonomy":"product_tag","embeddable":true,"href":"https:\/\/timeksyalitim.com.tr\/home\/wp-json\/wp\/v2\/product_tag?post=3434"}],"curies":[{"name":"wp","href":"https:\/\/api.w.org\/{rel}","templated":true}]}}