{"id":3451,"date":"2022-11-26T10:26:55","date_gmt":"2022-11-26T07:26:55","guid":{"rendered":"http:\/\/timeksyalitim.com.tr\/home\/?post_type=product&#038;p=3451"},"modified":"2022-11-26T10:32:42","modified_gmt":"2022-11-26T07:32:42","slug":"weber-dry-ss-10","status":"publish","type":"product","link":"https:\/\/timeksyalitim.com.tr\/home\/product\/weber-dry-ss-10\/","title":{"rendered":"Weber Dry SS-10"},"content":{"rendered":"<p>\u00d6zellikle s\u0131cak ve so\u011fuk de\u011fi\u015fiminin fazla oldu\u011fu zorlu ko\u015fullar i\u00e7in, polimer em\u00fclsiyon modifiyeli, \u00e7imento esasl\u0131, \u00e7ift komponentli, tam elastik, CMO2P s\u0131n\u0131f\u0131 su yal\u0131t\u0131m harc\u0131.<\/p>\n<p>T\u00fcm yap\u0131larda, \u00f6zellikle balkon, banyo, tuvalet ve mutfak gibi \u0131slak mekanlarda, teraslarda, y\u00fczme havuzlar\u0131nda ve su depolar\u0131nda seramik alt\u0131 su yal\u0131t\u0131m malzemesi olarak kullan\u0131l\u0131r.<\/p>\n<p>&nbsp;<\/p>\n<ul>\n<li>S\u00fcper Elastik<\/li>\n<li>\u0130\u00e7me Suyuna Uygun<\/li>\n<\/ul>\n<p><strong>Uygulama alan\u0131<\/strong><\/p>\n<ul>\n<li>Duvar<\/li>\n<li>Zemin<\/li>\n<\/ul>\n","protected":false},"excerpt":{"rendered":"<p>\u00d6zellikle s\u0131cak ve so\u011fuk de\u011fi\u015fiminin fazla oldu\u011fu zorlu ko\u015fullar i\u00e7in, polimer em\u00fclsiyon modifiyeli, \u00e7imento esasl\u0131, \u00e7ift komponentli, tam elastik, CMO2P s\u0131n\u0131f\u0131 su yal\u0131t\u0131m harc\u0131.<\/p>\n","protected":false},"featured_media":3452,"comment_status":"open","ping_status":"closed","template":"","meta":[],"product_brand":[],"product_cat":[224],"product_tag":[386],"class_list":{"0":"post-3451","1":"product","2":"type-product","3":"status-publish","4":"has-post-thumbnail","6":"product_cat-harclar","7":"product_tag-weber-dry-ss-10","9":"first","10":"instock","11":"taxable","12":"shipping-taxable","13":"product-type-simple"},"_links":{"self":[{"href":"https:\/\/timeksyalitim.com.tr\/home\/wp-json\/wp\/v2\/product\/3451","targetHints":{"allow":["GET"]}}],"collection":[{"href":"https:\/\/timeksyalitim.com.tr\/home\/wp-json\/wp\/v2\/product"}],"about":[{"href":"https:\/\/timeksyalitim.com.tr\/home\/wp-json\/wp\/v2\/types\/product"}],"replies":[{"embeddable":true,"href":"https:\/\/timeksyalitim.com.tr\/home\/wp-json\/wp\/v2\/comments?post=3451"}],"wp:featuredmedia":[{"embeddable":true,"href":"https:\/\/timeksyalitim.com.tr\/home\/wp-json\/wp\/v2\/media\/3452"}],"wp:attachment":[{"href":"https:\/\/timeksyalitim.com.tr\/home\/wp-json\/wp\/v2\/media?parent=3451"}],"wp:term":[{"taxonomy":"product_brand","embeddable":true,"href":"https:\/\/timeksyalitim.com.tr\/home\/wp-json\/wp\/v2\/product_brand?post=3451"},{"taxonomy":"product_cat","embeddable":true,"href":"https:\/\/timeksyalitim.com.tr\/home\/wp-json\/wp\/v2\/product_cat?post=3451"},{"taxonomy":"product_tag","embeddable":true,"href":"https:\/\/timeksyalitim.com.tr\/home\/wp-json\/wp\/v2\/product_tag?post=3451"}],"curies":[{"name":"wp","href":"https:\/\/api.w.org\/{rel}","templated":true}]}}