{"id":3453,"date":"2022-11-26T10:59:29","date_gmt":"2022-11-26T07:59:29","guid":{"rendered":"http:\/\/timeksyalitim.com.tr\/home\/?post_type=product&#038;p=3453"},"modified":"2022-11-26T11:02:47","modified_gmt":"2022-11-26T08:02:47","slug":"weber-ankraj-ea","status":"publish","type":"product","link":"https:\/\/timeksyalitim.com.tr\/home\/product\/weber-ankraj-ea\/","title":{"rendered":"Weber Ankraj EA"},"content":{"rendered":"<p>Epoksi akrilat esasl\u0131, iki bile\u015fenli, \u00e7ok h\u0131zl\u0131 priz alan, tiksotropik ankraj ve montaj malzemesi.<\/p>\n<p>T\u00fcm yap\u0131lar\u0131n i\u00e7 ve d\u0131\u015f cephelerinde; g\u00fc\u00e7lendirmelerde veya ek in\u015faat yap\u0131l\u0131rken betonlara donat\u0131 ekiminde, a\u011f\u0131r ve orta y\u00fcke maruz kalacak montaj i\u015flemlerinde, enjeksiyon pakerlerinin sabitlenmesinde, \u00e7atlaklar\u0131n izolasyonunda, civata ve d\u00fcbellerin montaj\u0131nda, beton, ta\u015f, pre-cast vb, yap\u0131 malzemelerin yap\u0131\u015ft\u0131r\u0131lmas\u0131nda kullan\u0131l\u0131r.<\/p>\n<ul>\n<li>\u00a0Korozyona Dayan\u0131m<\/li>\n<li>Kimyasallara Dayan\u0131m<\/li>\n<li>End\u00fcstriyel Alanlara Uygun<\/li>\n<li>H\u0131zl\u0131 Priz Alan<\/li>\n<li style=\"list-style-type: none;\"><\/li>\n<\/ul>\n<p><strong>Uygulama alan\u0131<\/strong><\/p>\n<ul>\n<li>Duvar<\/li>\n<\/ul>\n","protected":false},"excerpt":{"rendered":"<p>Epoksi akrilat esasl\u0131, iki bile\u015fenli, \u00e7ok h\u0131zl\u0131 priz alan, tiksotropik ankraj ve montaj malzemesi.<\/p>\n","protected":false},"featured_media":3454,"comment_status":"open","ping_status":"closed","template":"","meta":[],"product_brand":[],"product_cat":[238],"product_tag":[387],"class_list":{"0":"post-3453","1":"product","2":"type-product","3":"status-publish","4":"has-post-thumbnail","6":"product_cat-mastikler-2","7":"product_tag-weber-ankraj-ea","9":"first","10":"instock","11":"taxable","12":"shipping-taxable","13":"product-type-simple"},"_links":{"self":[{"href":"https:\/\/timeksyalitim.com.tr\/home\/wp-json\/wp\/v2\/product\/3453","targetHints":{"allow":["GET"]}}],"collection":[{"href":"https:\/\/timeksyalitim.com.tr\/home\/wp-json\/wp\/v2\/product"}],"about":[{"href":"https:\/\/timeksyalitim.com.tr\/home\/wp-json\/wp\/v2\/types\/product"}],"replies":[{"embeddable":true,"href":"https:\/\/timeksyalitim.com.tr\/home\/wp-json\/wp\/v2\/comments?post=3453"}],"wp:featuredmedia":[{"embeddable":true,"href":"https:\/\/timeksyalitim.com.tr\/home\/wp-json\/wp\/v2\/media\/3454"}],"wp:attachment":[{"href":"https:\/\/timeksyalitim.com.tr\/home\/wp-json\/wp\/v2\/media?parent=3453"}],"wp:term":[{"taxonomy":"product_brand","embeddable":true,"href":"https:\/\/timeksyalitim.com.tr\/home\/wp-json\/wp\/v2\/product_brand?post=3453"},{"taxonomy":"product_cat","embeddable":true,"href":"https:\/\/timeksyalitim.com.tr\/home\/wp-json\/wp\/v2\/product_cat?post=3453"},{"taxonomy":"product_tag","embeddable":true,"href":"https:\/\/timeksyalitim.com.tr\/home\/wp-json\/wp\/v2\/product_tag?post=3453"}],"curies":[{"name":"wp","href":"https:\/\/api.w.org\/{rel}","templated":true}]}}