{"id":3457,"date":"2022-11-26T11:08:18","date_gmt":"2022-11-26T08:08:18","guid":{"rendered":"http:\/\/timeksyalitim.com.tr\/home\/?post_type=product&#038;p=3457"},"modified":"2022-11-26T11:10:56","modified_gmt":"2022-11-26T08:10:56","slug":"weber-antifreeze","status":"publish","type":"product","link":"https:\/\/timeksyalitim.com.tr\/home\/product\/weber-antifreeze\/","title":{"rendered":"Weber Antifreeze"},"content":{"rendered":"<p>So\u011fuk ve don riskine kar\u015f\u0131, har\u00e7 ve beton yap\u0131m\u0131nda kullan\u0131lan, klor\u00fcr i\u00e7ermeyen \u00f6zel katk\u0131 malzemesi<\/p>\n<p>Hafif don etkisinin g\u00fcn boyu devam etti\u011fi durumlarda; uygulama sonras\u0131nda ilk 24 saat i\u00e7erisinde don tehlikesi olan durumlarda; ani s\u0131cakl\u0131k d\u00fc\u015fmesi ihtimali olan durumlarda; erken kal\u0131p al\u0131nmas\u0131 gereken zamanlarda.<\/p>\n","protected":false},"excerpt":{"rendered":"<p>So\u011fuk ve don riskine kar\u015f\u0131, har\u00e7 ve beton yap\u0131m\u0131nda kullan\u0131lan, klor\u00fcr i\u00e7ermeyen \u00f6zel katk\u0131 malzemesi<\/p>\n","protected":false},"featured_media":3458,"comment_status":"open","ping_status":"closed","template":"","meta":[],"product_brand":[],"product_cat":[224],"product_tag":[389],"class_list":{"0":"post-3457","1":"product","2":"type-product","3":"status-publish","4":"has-post-thumbnail","6":"product_cat-harclar","7":"product_tag-weber-antifreeze","9":"first","10":"instock","11":"taxable","12":"shipping-taxable","13":"product-type-simple"},"_links":{"self":[{"href":"https:\/\/timeksyalitim.com.tr\/home\/wp-json\/wp\/v2\/product\/3457","targetHints":{"allow":["GET"]}}],"collection":[{"href":"https:\/\/timeksyalitim.com.tr\/home\/wp-json\/wp\/v2\/product"}],"about":[{"href":"https:\/\/timeksyalitim.com.tr\/home\/wp-json\/wp\/v2\/types\/product"}],"replies":[{"embeddable":true,"href":"https:\/\/timeksyalitim.com.tr\/home\/wp-json\/wp\/v2\/comments?post=3457"}],"wp:featuredmedia":[{"embeddable":true,"href":"https:\/\/timeksyalitim.com.tr\/home\/wp-json\/wp\/v2\/media\/3458"}],"wp:attachment":[{"href":"https:\/\/timeksyalitim.com.tr\/home\/wp-json\/wp\/v2\/media?parent=3457"}],"wp:term":[{"taxonomy":"product_brand","embeddable":true,"href":"https:\/\/timeksyalitim.com.tr\/home\/wp-json\/wp\/v2\/product_brand?post=3457"},{"taxonomy":"product_cat","embeddable":true,"href":"https:\/\/timeksyalitim.com.tr\/home\/wp-json\/wp\/v2\/product_cat?post=3457"},{"taxonomy":"product_tag","embeddable":true,"href":"https:\/\/timeksyalitim.com.tr\/home\/wp-json\/wp\/v2\/product_tag?post=3457"}],"curies":[{"name":"wp","href":"https:\/\/api.w.org\/{rel}","templated":true}]}}