{"id":3459,"date":"2022-11-26T11:13:48","date_gmt":"2022-11-26T08:13:48","guid":{"rendered":"http:\/\/timeksyalitim.com.tr\/home\/?post_type=product&#038;p=3459"},"modified":"2022-11-26T11:15:30","modified_gmt":"2022-11-26T08:15:30","slug":"weber-silikon-banyo","status":"publish","type":"product","link":"https:\/\/timeksyalitim.com.tr\/home\/product\/weber-silikon-banyo\/","title":{"rendered":"Weber Silikon Banyo"},"content":{"rendered":"<p>Banyo ve du\u015fakabinlerde kullan\u0131m i\u00e7in tasarlanm\u0131\u015f, tek bile\u015fenli, kullan\u0131ma haz\u0131r, nemle k\u00fcrlenen asetoksi bazl\u0131 silikon mastik.<\/p>\n<p>Mutfak ve banyolarda; seramik, cam, al\u00fcminyum ve metaller i\u00e7in s\u0131zd\u0131rmazl\u0131k ve yap\u0131\u015ft\u0131rma malzemesi olarak kullan\u0131l\u0131r.<\/p>\n<p><strong>Uygulama alan\u0131<\/strong><\/p>\n<ul>\n<li>Duvar<\/li>\n<li>Zemin<\/li>\n<li>Tavan<\/li>\n<\/ul>\n","protected":false},"excerpt":{"rendered":"<p>Banyo ve du\u015fakabinlerde kullan\u0131m i\u00e7in tasarlanm\u0131\u015f, tek bile\u015fenli, kullan\u0131ma haz\u0131r, nemle k\u00fcrlenen asetoksi bazl\u0131 silikon mastik.<\/p>\n","protected":false},"featured_media":3460,"comment_status":"open","ping_status":"closed","template":"","meta":[],"product_brand":[],"product_cat":[238],"product_tag":[390],"class_list":{"0":"post-3459","1":"product","2":"type-product","3":"status-publish","4":"has-post-thumbnail","6":"product_cat-mastikler-2","7":"product_tag-weber-silikon-banyo","9":"first","10":"instock","11":"taxable","12":"shipping-taxable","13":"product-type-simple"},"_links":{"self":[{"href":"https:\/\/timeksyalitim.com.tr\/home\/wp-json\/wp\/v2\/product\/3459","targetHints":{"allow":["GET"]}}],"collection":[{"href":"https:\/\/timeksyalitim.com.tr\/home\/wp-json\/wp\/v2\/product"}],"about":[{"href":"https:\/\/timeksyalitim.com.tr\/home\/wp-json\/wp\/v2\/types\/product"}],"replies":[{"embeddable":true,"href":"https:\/\/timeksyalitim.com.tr\/home\/wp-json\/wp\/v2\/comments?post=3459"}],"wp:featuredmedia":[{"embeddable":true,"href":"https:\/\/timeksyalitim.com.tr\/home\/wp-json\/wp\/v2\/media\/3460"}],"wp:attachment":[{"href":"https:\/\/timeksyalitim.com.tr\/home\/wp-json\/wp\/v2\/media?parent=3459"}],"wp:term":[{"taxonomy":"product_brand","embeddable":true,"href":"https:\/\/timeksyalitim.com.tr\/home\/wp-json\/wp\/v2\/product_brand?post=3459"},{"taxonomy":"product_cat","embeddable":true,"href":"https:\/\/timeksyalitim.com.tr\/home\/wp-json\/wp\/v2\/product_cat?post=3459"},{"taxonomy":"product_tag","embeddable":true,"href":"https:\/\/timeksyalitim.com.tr\/home\/wp-json\/wp\/v2\/product_tag?post=3459"}],"curies":[{"name":"wp","href":"https:\/\/api.w.org\/{rel}","templated":true}]}}