{"id":3461,"date":"2022-11-26T11:21:26","date_gmt":"2022-11-26T08:21:26","guid":{"rendered":"http:\/\/timeksyalitim.com.tr\/home\/?post_type=product&#038;p=3461"},"modified":"2022-11-26T11:25:09","modified_gmt":"2022-11-26T08:25:09","slug":"weber-ep-800","status":"publish","type":"product","link":"https:\/\/timeksyalitim.com.tr\/home\/product\/weber-ep-800\/","title":{"rendered":"Weber EP 800"},"content":{"rendered":"<p>Epoksi esasl\u0131, iki bile\u015fenli, kimyasallara dayan\u0131kl\u0131 seramik yap\u0131\u015ft\u0131r\u0131c\u0131s\u0131 ve derz dolgusu.<\/p>\n<ul>\n<li>Seramik, fayans, granit seramik, cam mozaik gibi kaplama malzemelerinin, 10 mm kadar aras\u0131 derz uygulamalar\u0131nda, asit ve alkalilere kar\u015f\u0131 \u00f6zel diren\u00e7 gerektiren ortamlarda, duvar ve zemine yap\u0131\u015ft\u0131r\u0131lmas\u0131, derzlenmesi ve y\u0131pranm\u0131\u015f derzlerin yenilenmesinde kullan\u0131l\u0131r.<\/li>\n<li>\u0130\u00e7 ve d\u0131\u015f mekanlarda, duvar ve zeminde;<\/li>\n<li>Kimya sanayii;laboratuvarlar, \u00fcretim ve depolama\u00a0merkezleri, ka\u011f\u0131t, deri ve ak\u00fc imalathaneleri vb.<\/li>\n<li>G\u0131da sanayii;Kesimhaneler, mand\u0131ralar, restoranlar, \u015farap ve bir fabrikalar\u0131, ya\u015f-kuru meyve i\u015fleme tesisleri, zeytin fabrikalar\u0131, bisk\u00fcvi fabrikalar\u0131, sal\u00e7a fabrikalar\u0131.<\/li>\n<li>Hastane ve klinikler;Ameliyathaneler, mutfaklar, du\u015flar,\u00a0s\u0131hhi b\u00f6lgeler vb.<\/li>\n<li>Y\u00fczme havuzlar\u0131;Havuzlar ve \u00e7evre alanlar\u0131,sauna ve s\u0131hhi banyolar,termal ve tuzlu su kapl\u0131calar\u0131.<\/li>\n<li>Marketler, al\u0131\u015fveri\u015f merkezleri, metrolar ve garajlar \u015fark\u00fcteriler,enerji odalar\u0131,genel tuvaletler,su filtrasyon merkezleri vb. ortamlarda kullan\u0131l\u0131r<\/li>\n<\/ul>\n<p>&nbsp;<\/p>\n<ul>\n<li>Kimyasallara Dayan\u0131m<\/li>\n<li>K\u00fcf Ve Mantar Direnci<\/li>\n<li>Su \u0130tici<\/li>\n<li>Zor Kirlenen<\/li>\n<li>A\u015f\u0131nma Dayan\u0131m\u0131 Y\u00fcksek<\/li>\n<\/ul>\n<p><strong>Uygulama alan\u0131<\/strong><\/p>\n<ul>\n<li>Duvar<\/li>\n<li>Zemin<\/li>\n<\/ul>\n","protected":false},"excerpt":{"rendered":"<p>Epoksi esasl\u0131, iki bile\u015fenli, kimyasallara dayan\u0131kl\u0131 seramik yap\u0131\u015ft\u0131r\u0131c\u0131s\u0131 ve derz dolgusu.<\/p>\n","protected":false},"featured_media":3462,"comment_status":"open","ping_status":"closed","template":"","meta":[],"product_brand":[],"product_cat":[240],"product_tag":[391],"class_list":{"0":"post-3461","1":"product","2":"type-product","3":"status-publish","4":"has-post-thumbnail","6":"product_cat-yapistiricilar-2","7":"product_tag-weber-ep-800","9":"first","10":"instock","11":"taxable","12":"shipping-taxable","13":"product-type-simple"},"_links":{"self":[{"href":"https:\/\/timeksyalitim.com.tr\/home\/wp-json\/wp\/v2\/product\/3461","targetHints":{"allow":["GET"]}}],"collection":[{"href":"https:\/\/timeksyalitim.com.tr\/home\/wp-json\/wp\/v2\/product"}],"about":[{"href":"https:\/\/timeksyalitim.com.tr\/home\/wp-json\/wp\/v2\/types\/product"}],"replies":[{"embeddable":true,"href":"https:\/\/timeksyalitim.com.tr\/home\/wp-json\/wp\/v2\/comments?post=3461"}],"wp:featuredmedia":[{"embeddable":true,"href":"https:\/\/timeksyalitim.com.tr\/home\/wp-json\/wp\/v2\/media\/3462"}],"wp:attachment":[{"href":"https:\/\/timeksyalitim.com.tr\/home\/wp-json\/wp\/v2\/media?parent=3461"}],"wp:term":[{"taxonomy":"product_brand","embeddable":true,"href":"https:\/\/timeksyalitim.com.tr\/home\/wp-json\/wp\/v2\/product_brand?post=3461"},{"taxonomy":"product_cat","embeddable":true,"href":"https:\/\/timeksyalitim.com.tr\/home\/wp-json\/wp\/v2\/product_cat?post=3461"},{"taxonomy":"product_tag","embeddable":true,"href":"https:\/\/timeksyalitim.com.tr\/home\/wp-json\/wp\/v2\/product_tag?post=3461"}],"curies":[{"name":"wp","href":"https:\/\/api.w.org\/{rel}","templated":true}]}}