{"id":3463,"date":"2022-11-26T11:28:15","date_gmt":"2022-11-26T08:28:15","guid":{"rendered":"http:\/\/timeksyalitim.com.tr\/home\/?post_type=product&#038;p=3463"},"modified":"2022-11-26T11:59:46","modified_gmt":"2022-11-26T08:59:46","slug":"weber-dress-siva","status":"publish","type":"product","link":"https:\/\/timeksyalitim.com.tr\/home\/product\/weber-dress-siva\/","title":{"rendered":"Weber Dress S\u0131va"},"content":{"rendered":"<p>\u00c7imento esasl\u0131, el ve makina ile uygulanan i\u00e7 ve d\u0131\u015f cephede kullan\u0131lan s\u0131va.<br \/>\nT\u00fcm yap\u0131lar\u0131n i\u00e7 ve d\u0131\u015f cephelerinde, kaba s\u0131va olarak kullan\u0131l\u0131r.<\/p>\n<p>Makine \u0130le Uygulanan<\/p>\n<p><strong>Uygulama alan\u0131<\/strong><\/p>\n<ul>\n<li>Duvar<\/li>\n<li>Tavan<\/li>\n<\/ul>\n<p>Renk Se\u00e7enekleri i\u00e7in l\u00fctfen ileti\u015fime ge\u00e7iniz.<\/p>\n<p><strong>\u00dcr\u00fcn Bilgileri<\/strong><\/p>\n<ul>\n<li>Uygulama Aletleri: S\u0131va makinas\u0131, elektrikli mikser, mastar, \u00e7elik mala<\/li>\n<li>Ortam s\u0131cakl\u0131\u011f\u0131: +5 \u00b0C ile +35 \u00b0C aras\u0131.<\/li>\n<li>Astar kat sonras\u0131nda beklenilmesi gereken s\u00fcre: 24 saat<\/li>\n<li>Uygulama kal\u0131nl\u0131\u011f\u0131: 10 mm \u2013 50 mm<\/li>\n<li>Uygulama tek kat kal\u0131nl\u0131\u011f\u0131: Max. 25 mm<\/li>\n<li>Katlar aras\u0131nda beklenilmesi gereken s\u00fcre: Min. 1 g\u00fcn<\/li>\n<li>Haz\u0131rlanan harc\u0131n kullan\u0131labilme s\u00fcresi: 4 saat.<\/li>\n<\/ul>\n<p><strong>Avantajlar\u0131<\/strong><\/p>\n<ul>\n<li>Kolay ve h\u0131zl\u0131 uygulan\u0131r.<\/li>\n<li>Y\u00fcksek aderans ve dayan\u0131kl\u0131l\u0131k sa\u011flar.<\/li>\n<li>Makine ile uygulanabilir.<\/li>\n<\/ul>\n<p><strong>Uyar\u0131lar ve \u00d6neriler<\/strong><\/p>\n<ul>\n<li>Metal, tahta, ah\u015fap \u00fcst\u00fc y\u00fczeyler \u00fczerine direkt s\u0131va uygulamas\u0131 yap\u0131lmamal\u0131d\u0131r.<\/li>\n<li>Sa\u011flam olmayan ve 3 mm\u2019den daha kal\u0131n s\u0131va bozuklu\u011fu olan y\u00fczeylerde uygulanmaz.<\/li>\n<li>Eski boyal\u0131, haz\u0131r renkli s\u0131va veya d\u0131\u015f cephe kaplamas\u0131 uygulanm\u0131\u015f, s\u00fcrekli neme maruz kalabilecek y\u00fczeyler \u00fczerinde uygulanmaz.<\/li>\n<li>Kesinlikle yabanc\u0131 malzemeler ilave edilmemelidir.<\/li>\n<li>Uygulama sonras\u0131nda kullan\u0131lan t\u00fcm aletler kurumadan su ile y\u0131kanmal\u0131d\u0131r<\/li>\n<li>\u00dcr\u00fcne ait performans de\u011ferleri laboratuvar deneyleri sonucu elde edilmi\u015f olup, bitmi\u015f uygulamalar\u0131n<\/li>\n<li>28 g\u00fcn sonraki performans\u0131 i\u00e7in ge\u00e7erlidir. \u015eantiye ortam\u0131 farkl\u0131l\u0131\u011f\u0131ndan dolay\u0131 de\u011ferler de\u011fi\u015febilir.<\/li>\n<\/ul>\n","protected":false},"excerpt":{"rendered":"<p>\u00c7imento esasl\u0131, el ve makina ile uygulanan i\u00e7 ve d\u0131\u015f cephede kullan\u0131lan s\u0131va.<\/p>\n","protected":false},"featured_media":3464,"comment_status":"open","ping_status":"closed","template":"","meta":[],"product_brand":[],"product_cat":[227],"product_tag":[392],"class_list":{"0":"post-3463","1":"product","2":"type-product","3":"status-publish","4":"has-post-thumbnail","6":"product_cat-sivalar","7":"product_tag-weber-dress-siva","9":"first","10":"instock","11":"taxable","12":"shipping-taxable","13":"product-type-simple"},"_links":{"self":[{"href":"https:\/\/timeksyalitim.com.tr\/home\/wp-json\/wp\/v2\/product\/3463","targetHints":{"allow":["GET"]}}],"collection":[{"href":"https:\/\/timeksyalitim.com.tr\/home\/wp-json\/wp\/v2\/product"}],"about":[{"href":"https:\/\/timeksyalitim.com.tr\/home\/wp-json\/wp\/v2\/types\/product"}],"replies":[{"embeddable":true,"href":"https:\/\/timeksyalitim.com.tr\/home\/wp-json\/wp\/v2\/comments?post=3463"}],"wp:featuredmedia":[{"embeddable":true,"href":"https:\/\/timeksyalitim.com.tr\/home\/wp-json\/wp\/v2\/media\/3464"}],"wp:attachment":[{"href":"https:\/\/timeksyalitim.com.tr\/home\/wp-json\/wp\/v2\/media?parent=3463"}],"wp:term":[{"taxonomy":"product_brand","embeddable":true,"href":"https:\/\/timeksyalitim.com.tr\/home\/wp-json\/wp\/v2\/product_brand?post=3463"},{"taxonomy":"product_cat","embeddable":true,"href":"https:\/\/timeksyalitim.com.tr\/home\/wp-json\/wp\/v2\/product_cat?post=3463"},{"taxonomy":"product_tag","embeddable":true,"href":"https:\/\/timeksyalitim.com.tr\/home\/wp-json\/wp\/v2\/product_tag?post=3463"}],"curies":[{"name":"wp","href":"https:\/\/api.w.org\/{rel}","templated":true}]}}