{"id":3465,"date":"2022-11-26T11:33:22","date_gmt":"2022-11-26T08:33:22","guid":{"rendered":"http:\/\/timeksyalitim.com.tr\/home\/?post_type=product&#038;p=3465"},"modified":"2022-11-26T11:58:21","modified_gmt":"2022-11-26T08:58:21","slug":"weber-dress-tek-siva","status":"publish","type":"product","link":"https:\/\/timeksyalitim.com.tr\/home\/product\/weber-dress-tek-siva\/","title":{"rendered":"Weber Dress Tek S\u0131va"},"content":{"rendered":"<p>\u00c7imento esasl\u0131 i\u00e7 ve d\u0131\u015f cephelerde el ve makina ile uygulanabilen perlit ve y\u00fcksek oranda elyaf takviyesi i\u00e7eren genel ama\u00e7l\u0131 s\u0131va harc\u0131.<\/p>\n<p>T\u00fcm yap\u0131lar\u0131n i\u00e7 ve d\u0131\u015f cephelerinde tek kat s\u0131va olarak kullan\u0131l\u0131r.<\/p>\n<p>Makine \u0130le Uygulanan<\/p>\n<p><strong>Uygulama alan\u0131<\/strong><\/p>\n<ul>\n<li>Duvar<\/li>\n<li>Tavan<\/li>\n<\/ul>\n<p><strong>\u00dcr\u00fcn Bilgileri<\/strong><\/p>\n<ul>\n<li>Uygulama Aletleri: S\u0131va makinesi, elektrikli mikser, mastar, \u00e7elik mala.<\/li>\n<li>Ortam s\u0131cakl\u0131\u011f\u0131 +5\u00b0C ile +35\u00b0C aras\u0131nda olmal\u0131d\u0131r.<\/li>\n<li>Astar kat sonras\u0131nda beklenilmesi gereken minimum s\u00fcre: 30 dakika<\/li>\n<li>Uygulama kal\u0131nl\u0131\u011f\u0131:10mm \u2013 50mm<\/li>\n<li>Uygulama tek kat kal\u0131nl\u0131\u011f\u0131. Max. 25 mm<\/li>\n<li>Katlar aras\u0131nda beklenilmesi gereken s\u00fcre: Min.1 g\u00fcn<\/li>\n<\/ul>\n<p><strong>Avantajlar\u0131<\/strong><\/p>\n<ul>\n<li>\u0130nce ve kaba s\u0131va olarak uygulama kolayl\u0131\u011f\u0131<\/li>\n<li>Y\u00fcksek ba\u011f dayan\u0131m\u0131 ve bas\u0131n\u00e7 mukavemeti<\/li>\n<li>Kolay ve h\u0131zl\u0131 uygulama<\/li>\n<li>Optimum \u00e7al\u0131\u015fma s\u00fcresi<\/li>\n<li>S\u0131va uygulamalar\u0131nda standart sonu\u00e7<\/li>\n<\/ul>\n<p><strong>Uyar\u0131lar ve \u00d6neriler<\/strong><\/p>\n<ul>\n<li>Metal,tahta, ah\u015fap \u00fcst\u00fc\u00a0y\u00fczeyler \u00fczerine direk s\u0131va\u00a0uygulamas\u0131 yap\u0131lmamal\u0131d\u0131r.<\/li>\n<li>Al\u00e7\u0131 y\u00fczeylerde uygulanmaz.<\/li>\n<li>Eski boyal\u0131 y\u00fczey, haz\u0131r renkli s\u0131va, d\u0131\u015f cephe\u00a0kaplamas\u0131, sa\u011flam olmayan eski s\u0131val\u0131, s\u00fcrekli neme\u00a0maruz kalabilecek,asbest \u00e7imento ya da yal\u0131t\u0131m paneli\u00a0y\u00fczeyler \u00fczerinde uygulanmaz.<\/li>\n<\/ul>\n","protected":false},"excerpt":{"rendered":"<p>\u00c7imento esasl\u0131 i\u00e7 ve d\u0131\u015f cephelerde el ve makina ile uygulanabilen perlit ve y\u00fcksek oranda elyaf takviyesi i\u00e7eren genel ama\u00e7l\u0131 s\u0131va harc\u0131.<\/p>\n","protected":false},"featured_media":3464,"comment_status":"open","ping_status":"closed","template":"","meta":[],"product_brand":[],"product_cat":[227],"product_tag":[393],"class_list":{"0":"post-3465","1":"product","2":"type-product","3":"status-publish","4":"has-post-thumbnail","6":"product_cat-sivalar","7":"product_tag-weber-dress-tek-siva","9":"first","10":"instock","11":"taxable","12":"shipping-taxable","13":"product-type-simple"},"_links":{"self":[{"href":"https:\/\/timeksyalitim.com.tr\/home\/wp-json\/wp\/v2\/product\/3465","targetHints":{"allow":["GET"]}}],"collection":[{"href":"https:\/\/timeksyalitim.com.tr\/home\/wp-json\/wp\/v2\/product"}],"about":[{"href":"https:\/\/timeksyalitim.com.tr\/home\/wp-json\/wp\/v2\/types\/product"}],"replies":[{"embeddable":true,"href":"https:\/\/timeksyalitim.com.tr\/home\/wp-json\/wp\/v2\/comments?post=3465"}],"wp:featuredmedia":[{"embeddable":true,"href":"https:\/\/timeksyalitim.com.tr\/home\/wp-json\/wp\/v2\/media\/3464"}],"wp:attachment":[{"href":"https:\/\/timeksyalitim.com.tr\/home\/wp-json\/wp\/v2\/media?parent=3465"}],"wp:term":[{"taxonomy":"product_brand","embeddable":true,"href":"https:\/\/timeksyalitim.com.tr\/home\/wp-json\/wp\/v2\/product_brand?post=3465"},{"taxonomy":"product_cat","embeddable":true,"href":"https:\/\/timeksyalitim.com.tr\/home\/wp-json\/wp\/v2\/product_cat?post=3465"},{"taxonomy":"product_tag","embeddable":true,"href":"https:\/\/timeksyalitim.com.tr\/home\/wp-json\/wp\/v2\/product_tag?post=3465"}],"curies":[{"name":"wp","href":"https:\/\/api.w.org\/{rel}","templated":true}]}}