{"id":3468,"date":"2022-11-26T11:43:12","date_gmt":"2022-11-26T08:43:12","guid":{"rendered":"http:\/\/timeksyalitim.com.tr\/home\/?post_type=product&#038;p=3468"},"modified":"2022-11-26T11:53:41","modified_gmt":"2022-11-26T08:53:41","slug":"weber-dry-ss-5","status":"publish","type":"product","link":"https:\/\/timeksyalitim.com.tr\/home\/product\/weber-dry-ss-5\/","title":{"rendered":"Weber Dry SS-5"},"content":{"rendered":"<p>Elastomerik akrilik re\u00e7ine esasl\u0131, kullan\u0131ma haz\u0131r, s\u00fcper elastik su yal\u0131t\u0131m malzemesi (DMP)<\/p>\n<p>T\u00fcm yap\u0131lar\u0131n i\u00e7 ve d\u0131\u015f mekanlar\u0131nda, \u00e7at\u0131larda, dere ve oluklarda, baca ve parapet kenarlar\u0131nda, kuzey cephelerde, UV dayan\u0131ml\u0131, kullan\u0131ma haz\u0131r, elastik su yal\u0131t\u0131m malzemesi olarak kullan\u0131l\u0131r.<\/p>\n<ul>\n<li>UV Dayan\u0131m\u0131<\/li>\n<li>S\u00fcper Elastik<\/li>\n<\/ul>\n<p><strong>Uygulama Alan\u0131<\/strong><\/p>\n<ul>\n<li>Duvar<\/li>\n<li>Zemin<\/li>\n<\/ul>\n<p><strong>\u00dcr\u00fcn Bilgileri<\/strong><\/p>\n<ul>\n<li>Uygulama aletleri: F\u0131r\u00e7a, rulo.<\/li>\n<li>Ortam S\u0131cakl\u0131\u011f\u0131: +5\u00b0C ile +30\u00b0C aras\u0131.<\/li>\n<li>Mekanik mukavemet kazanma s\u00fcresi: 7 g\u00fcn.<\/li>\n<li>Katlar aras\u0131nda bekleme s\u00fcresi: min. 6 saat.<\/li>\n<li>Tam kuruma s\u00fcresi: 48 saat.<\/li>\n<li>Uygulama kal\u0131nl\u0131\u011f\u0131: 1-1,5 mm.<\/li>\n<\/ul>\n<p><strong>Avantajlar\u0131<\/strong><\/p>\n<ul>\n<li>Kullan\u0131ma haz\u0131r yap\u0131<\/li>\n<li>Elastik yap\u0131 ile s\u0131cakl\u0131k farklar\u0131na dayan\u0131m.<\/li>\n<li>UV dayan\u0131m\u0131<\/li>\n<li>Hafif yaya trafi\u011fine dayan\u0131m<\/li>\n<li>Su g\u00f6llenmesine kar\u015f\u0131 dayan\u0131m<\/li>\n<li>Akrilik boya ile boyanabilme ve seramik ile kaplanabilme imkan\u0131<\/li>\n<\/ul>\n<p><strong>Uyar\u0131 ve \u00d6neriler<\/strong><\/p>\n<ul>\n<li>Negatif su bas\u0131nc\u0131na kar\u015f\u0131 uygulanmaz.<\/li>\n<li>\u0130\u00e7me suyu depolar\u0131nda uygulanmaz.<\/li>\n<\/ul>\n","protected":false},"excerpt":{"rendered":"<p>Elastomerik akrilik re\u00e7ine esasl\u0131, kullan\u0131ma haz\u0131r, s\u00fcper elastik su yal\u0131t\u0131m malzemesi (DMP)<\/p>\n","protected":false},"featured_media":3469,"comment_status":"open","ping_status":"closed","template":"","meta":[],"product_brand":[],"product_cat":[228],"product_tag":[395],"class_list":{"0":"post-3468","1":"product","2":"type-product","3":"status-publish","4":"has-post-thumbnail","6":"product_cat-su-yalitim-urunleri","7":"product_tag-weber-dry-ss-5","9":"first","10":"instock","11":"taxable","12":"shipping-taxable","13":"product-type-simple"},"_links":{"self":[{"href":"https:\/\/timeksyalitim.com.tr\/home\/wp-json\/wp\/v2\/product\/3468","targetHints":{"allow":["GET"]}}],"collection":[{"href":"https:\/\/timeksyalitim.com.tr\/home\/wp-json\/wp\/v2\/product"}],"about":[{"href":"https:\/\/timeksyalitim.com.tr\/home\/wp-json\/wp\/v2\/types\/product"}],"replies":[{"embeddable":true,"href":"https:\/\/timeksyalitim.com.tr\/home\/wp-json\/wp\/v2\/comments?post=3468"}],"wp:featuredmedia":[{"embeddable":true,"href":"https:\/\/timeksyalitim.com.tr\/home\/wp-json\/wp\/v2\/media\/3469"}],"wp:attachment":[{"href":"https:\/\/timeksyalitim.com.tr\/home\/wp-json\/wp\/v2\/media?parent=3468"}],"wp:term":[{"taxonomy":"product_brand","embeddable":true,"href":"https:\/\/timeksyalitim.com.tr\/home\/wp-json\/wp\/v2\/product_brand?post=3468"},{"taxonomy":"product_cat","embeddable":true,"href":"https:\/\/timeksyalitim.com.tr\/home\/wp-json\/wp\/v2\/product_cat?post=3468"},{"taxonomy":"product_tag","embeddable":true,"href":"https:\/\/timeksyalitim.com.tr\/home\/wp-json\/wp\/v2\/product_tag?post=3468"}],"curies":[{"name":"wp","href":"https:\/\/api.w.org\/{rel}","templated":true}]}}