{"id":3486,"date":"2022-11-28T09:55:13","date_gmt":"2022-11-28T06:55:13","guid":{"rendered":"http:\/\/timeksyalitim.com.tr\/home\/?post_type=product&#038;p=3486"},"modified":"2022-11-28T09:57:53","modified_gmt":"2022-11-28T06:57:53","slug":"weber-dry-pur-b2k","status":"publish","type":"product","link":"https:\/\/timeksyalitim.com.tr\/home\/product\/weber-dry-pur-b2k\/","title":{"rendered":"Weber Dry PUR B2K"},"content":{"rendered":"<p>Bit\u00fcm-Poli\u00fcretan esasl\u0131, \u00e7ift bile \u015fenli, h\u0131zl\u0131 k\u00fcrlenen s\u00fcper elastik su yal\u0131t\u0131m \u00fcr\u00fcn\u00fc<\/p>\n<p>T\u00fcm yap\u0131lar\u0131n temel, perde duvarlar, teras \u00e7at\u0131, balkon,otopark, k\u00f6pr\u00fc \u00fcst k\u0131s\u0131mlar\u0131 ve benzeri alanlar\u0131n su yal\u0131t\u0131m\u0131nda neme, bas\u0131n\u00e7s\u0131z ve bas\u0131n\u00e7l\u0131 suya kar\u015f\u0131 yal\u0131t\u0131m malzemesi olarak kullan\u0131l\u0131r. Ayn\u0131 zamanda \u0131slak hacim yal\u0131t\u0131m\u0131nda, bitki k\u00f6k\u00fc dayan\u0131m\u0131 istenen alanlar\u0131n yal\u0131t\u0131m\u0131nda, eski su yal\u0131t\u0131m kaplamalar\u0131n tadilatlar\u0131nda su yal\u0131t\u0131m malzemesi olarak uygulan\u0131r.<\/p>\n<ul>\n<li>UV Dayan\u0131m\u0131 S\u00fcper Elastik<\/li>\n<\/ul>\n<p><strong>Uygulama alan\u0131<\/strong><\/p>\n<ul>\n<li>Duvar<\/li>\n<li>Zemin<\/li>\n<\/ul>\n<p><strong>\u00dcr\u00fcn Bilgileri<\/strong><\/p>\n<ul>\n<li>Uygulama aletleri: F\u0131r\u00e7a, rulo, di\u015fli mala ve mikser.<\/li>\n<li>Y\u00fczey ve ortam s\u0131cakl\u0131\u011f\u0131 +5 \u00b0C ile +35 \u00b0C aras\u0131 olmal\u0131d\u0131r.<\/li>\n<li>Uygulanabilme s\u00fcresi : 30 dk.<\/li>\n<li>Uygulanabilecek kat adeti : 2-3 kat<\/li>\n<li>Katlar aras\u0131 bekleme s\u00fcresi: En az 12 saat, en fazla 72 saat<\/li>\n<li>\u0130lk kuruma s\u00fcresi s\u00fcresi : 3-5 saat<\/li>\n<li>Hafif yaya trafi\u011fine dayan\u0131m s\u00fcresi: 24 saat<\/li>\n<li>Tam k\u00fcrlenme s\u00fcresi : 7 g\u00fcn.<\/li>\n<\/ul>\n<p><strong>Avantajlar\u0131<\/strong><\/p>\n<ul>\n<li>Geni\u015f\u00a0teraslarda ve derin temellerde y\u00fcksek performans<\/li>\n<li>Eksiz, s\u00fcper elastik yal\u0131t\u0131m tabakas\u0131 olu\u015fturmas\u0131<\/li>\n<li>Rahat uygulama k\u0131vam\u0131yla kompleks detaylar\u0131 kolayca\u00a0\u00e7\u00f6zebilmesi<\/li>\n<li>Zorlu iklim ko\u015fullar\u0131nda\u00a0dahi mekanik \u00f6zelliklerini korumas\u0131<\/li>\n<li>H\u0131zl\u0131\u00a0kuruma \u00f6zelli\u011fi<\/li>\n<li>Su g\u00f6llenmesine ve donmaya kar\u015f\u0131 y\u00fcksek dayan\u0131m<\/li>\n<li>Deterjan, ya\u011f, deniz suyu ve evsel kimyasallara dayan\u0131m<\/li>\n<\/ul>\n<p><strong>Uyar\u0131lar ve \u00d6neriler<\/strong><\/p>\n<ul>\n<li>Nem oran\u0131 % 5\u2019den fazla y\u00fczeylere uygulanmamal\u0131d\u0131r.<\/li>\n<\/ul>\n","protected":false},"excerpt":{"rendered":"<p>Bit\u00fcm-Poli\u00fcretan esasl\u0131, \u00e7ift bile \u015fenli, h\u0131zl\u0131 k\u00fcrlenen s\u00fcper elastik su yal\u0131t\u0131m \u00fcr\u00fcn\u00fc<\/p>\n","protected":false},"featured_media":3487,"comment_status":"open","ping_status":"closed","template":"","meta":[],"product_brand":[],"product_cat":[228],"product_tag":[402],"class_list":{"0":"post-3486","1":"product","2":"type-product","3":"status-publish","4":"has-post-thumbnail","6":"product_cat-su-yalitim-urunleri","7":"product_tag-weber-dry-pur-b2k","9":"first","10":"instock","11":"taxable","12":"shipping-taxable","13":"product-type-simple"},"_links":{"self":[{"href":"https:\/\/timeksyalitim.com.tr\/home\/wp-json\/wp\/v2\/product\/3486","targetHints":{"allow":["GET"]}}],"collection":[{"href":"https:\/\/timeksyalitim.com.tr\/home\/wp-json\/wp\/v2\/product"}],"about":[{"href":"https:\/\/timeksyalitim.com.tr\/home\/wp-json\/wp\/v2\/types\/product"}],"replies":[{"embeddable":true,"href":"https:\/\/timeksyalitim.com.tr\/home\/wp-json\/wp\/v2\/comments?post=3486"}],"wp:featuredmedia":[{"embeddable":true,"href":"https:\/\/timeksyalitim.com.tr\/home\/wp-json\/wp\/v2\/media\/3487"}],"wp:attachment":[{"href":"https:\/\/timeksyalitim.com.tr\/home\/wp-json\/wp\/v2\/media?parent=3486"}],"wp:term":[{"taxonomy":"product_brand","embeddable":true,"href":"https:\/\/timeksyalitim.com.tr\/home\/wp-json\/wp\/v2\/product_brand?post=3486"},{"taxonomy":"product_cat","embeddable":true,"href":"https:\/\/timeksyalitim.com.tr\/home\/wp-json\/wp\/v2\/product_cat?post=3486"},{"taxonomy":"product_tag","embeddable":true,"href":"https:\/\/timeksyalitim.com.tr\/home\/wp-json\/wp\/v2\/product_tag?post=3486"}],"curies":[{"name":"wp","href":"https:\/\/api.w.org\/{rel}","templated":true}]}}