{"id":3488,"date":"2022-11-28T09:58:43","date_gmt":"2022-11-28T06:58:43","guid":{"rendered":"http:\/\/timeksyalitim.com.tr\/home\/?post_type=product&#038;p=3488"},"modified":"2022-11-28T10:03:45","modified_gmt":"2022-11-28T07:03:45","slug":"weber-dry-pur-seal","status":"publish","type":"product","link":"https:\/\/timeksyalitim.com.tr\/home\/product\/weber-dry-pur-seal\/","title":{"rendered":"Weber Dry PUR Seal"},"content":{"rendered":"<p>Poli\u00fcretan esasl\u0131, tek bile\u015fenli, kullan\u0131ma haz\u0131r UV dayan\u0131ml\u0131 s\u00fcper elastik su yal\u0131t\u0131m \u00fcr\u00fcn\u00fc<\/p>\n<p>T\u00fcm yap\u0131lar\u0131n yatay teraslar\u0131, \u00e7at\u0131, balkon, otopark, k\u00f6pr\u00fc \u00fcst k\u0131s\u0131mlar\u0131 ve benzeri alanlar\u0131n su yal\u0131t\u0131m\u0131nda ve korunmas\u0131nda kullan\u0131l\u0131r. Ayn\u0131 zamanda \u0131slak hacim yal\u0131t\u0131m\u0131nda, bitki k\u00f6k\u00fc dayan\u0131m\u0131 istenen alanlar\u0131n yal\u0131t\u0131m\u0131nda, eski su yal\u0131t\u0131m kaplamalar\u0131n tadilatlar\u0131nda su yal\u0131t\u0131m malzemesi olarak da uygulan\u0131r.<\/p>\n<ul>\n<li>UV Dayan\u0131m\u0131<\/li>\n<li>S\u00fcper Elastik<\/li>\n<li>Son Kat Olarak B\u0131rak\u0131labilen<\/li>\n<\/ul>\n<p><strong>Uygulama alan\u0131<\/strong><\/p>\n<ul>\n<li>Duvar<\/li>\n<li>Zemin<\/li>\n<\/ul>\n<p><strong>\u00dcr\u00fcn Bilgileri<\/strong><\/p>\n<ul>\n<li>Uygulama aletleri: F\u0131r\u00e7a, rulo, sprey<\/li>\n<li>Y\u00fczey ve ortam s\u0131cakl\u0131\u011f\u0131 +10 \u00b0C ile +35 \u00b0C aras\u0131 olmal\u0131d\u0131r.<\/li>\n<li>Uygulanabilecek kat adeti : 2-3 kat<\/li>\n<li>Katlar aras\u0131 bekleme s\u00fcresi : En az 12 saat; en fazla 36 saat<\/li>\n<li>Ya\u011fmura kar\u015f\u0131 dayan\u0131m s\u00fcresi : 4 saat<\/li>\n<li>Hafif yaya trafi\u011fine dayan\u0131m s\u00fcresi : 12 saat<\/li>\n<li>Tam k\u00fcrlenme s\u00fcresi : 7 g\u00fcn.<\/li>\n<\/ul>\n<p><strong>Avantajlar\u0131<\/strong><\/p>\n<ul>\n<li>Yaz\u0131n yumu\u015famaz, k\u0131\u015f\u0131n sertle\u015fmez.<\/li>\n<li>Mekanik direnciyle yaya trafi\u011fine dayan\u0131m.<\/li>\n<li>D\u00fc\u015f\u00fck s\u0131cakl\u0131klarda dahi 2 mm\u2019den fazla \u00e7atlak k\u00f6pr\u00fcleme<\/li>\n<li>Havas\u0131z spreyle veya rulo ile rahat uygulama imkan\u0131<\/li>\n<li>Rahat uygulama k\u0131vam\u0131yla kompleks detaylar\u0131 kolayca\u00a0\u00e7\u00f6zebilmesi<\/li>\n<li>Deterjan, ya\u011f, deniz suyu, ve evsel kimyasallara dayan\u0131m<\/li>\n<\/ul>\n<p><strong>Uyar\u0131lar ve \u00d6neriler<\/strong><\/p>\n<ul>\n<li>Nem oran\u0131 % 5&#8242;\u00a0den fazla y\u00fczeylere uygulanmamal\u0131d\u0131r.<\/li>\n<li>Taze beton y\u00fczeylere uygulanmamal\u0131d\u0131r.<\/li>\n<\/ul>\n","protected":false},"excerpt":{"rendered":"<p>Poli\u00fcretan esasl\u0131, tek bile\u015fenli, kullan\u0131ma haz\u0131r UV dayan\u0131ml\u0131 s\u00fcper elastik su yal\u0131t\u0131m \u00fcr\u00fcn\u00fc<\/p>\n","protected":false},"featured_media":3489,"comment_status":"open","ping_status":"closed","template":"","meta":[],"product_brand":[],"product_cat":[228],"product_tag":[403],"class_list":{"0":"post-3488","1":"product","2":"type-product","3":"status-publish","4":"has-post-thumbnail","6":"product_cat-su-yalitim-urunleri","7":"product_tag-weber-dry-pur-seal","9":"first","10":"instock","11":"taxable","12":"shipping-taxable","13":"product-type-simple"},"_links":{"self":[{"href":"https:\/\/timeksyalitim.com.tr\/home\/wp-json\/wp\/v2\/product\/3488","targetHints":{"allow":["GET"]}}],"collection":[{"href":"https:\/\/timeksyalitim.com.tr\/home\/wp-json\/wp\/v2\/product"}],"about":[{"href":"https:\/\/timeksyalitim.com.tr\/home\/wp-json\/wp\/v2\/types\/product"}],"replies":[{"embeddable":true,"href":"https:\/\/timeksyalitim.com.tr\/home\/wp-json\/wp\/v2\/comments?post=3488"}],"wp:featuredmedia":[{"embeddable":true,"href":"https:\/\/timeksyalitim.com.tr\/home\/wp-json\/wp\/v2\/media\/3489"}],"wp:attachment":[{"href":"https:\/\/timeksyalitim.com.tr\/home\/wp-json\/wp\/v2\/media?parent=3488"}],"wp:term":[{"taxonomy":"product_brand","embeddable":true,"href":"https:\/\/timeksyalitim.com.tr\/home\/wp-json\/wp\/v2\/product_brand?post=3488"},{"taxonomy":"product_cat","embeddable":true,"href":"https:\/\/timeksyalitim.com.tr\/home\/wp-json\/wp\/v2\/product_cat?post=3488"},{"taxonomy":"product_tag","embeddable":true,"href":"https:\/\/timeksyalitim.com.tr\/home\/wp-json\/wp\/v2\/product_tag?post=3488"}],"curies":[{"name":"wp","href":"https:\/\/api.w.org\/{rel}","templated":true}]}}