{"id":3498,"date":"2022-11-28T10:39:45","date_gmt":"2022-11-28T07:39:45","guid":{"rendered":"http:\/\/timeksyalitim.com.tr\/home\/?post_type=product&#038;p=3498"},"modified":"2022-11-28T10:42:28","modified_gmt":"2022-11-28T07:42:28","slug":"weber-emprenye","status":"publish","type":"product","link":"https:\/\/timeksyalitim.com.tr\/home\/product\/weber-emprenye\/","title":{"rendered":"Weber Emprenye"},"content":{"rendered":"<p>Silika-silikat esasl\u0131, yap\u0131 elemanlar\u0131n\u0131n y\u00fczeylerine emprenye edilerek su iticilik kazand\u0131ran \u015feffaf, UV dayan\u0131ml\u0131, su itici ve koruyucu malzeme.<\/p>\n<p>Belli bir e\u011fime sahip su emici y\u00fczeyler i\u00e7in su emicili\u011fini azalt\u0131c\u0131 ve kirlenmeyi \u00f6nleyici koruyucu malzeme olarak kullan\u0131l\u0131r.<\/p>\n<ul>\n<li>UV Dayan\u0131m\u0131 Su \u0130tici<\/li>\n<\/ul>\n<p><strong>Uygulama alan\u0131<\/strong><\/p>\n<ul>\n<li>Duvar<\/li>\n<li>Zemin<\/li>\n<\/ul>\n<p><strong>\u00dcr\u00fcn Bilgileri<\/strong><\/p>\n<ul>\n<li>Uygulama aletleri: Havas\u0131z sprey, f\u0131r\u00e7a ve rulo.<\/li>\n<li>Y\u00fczey ve ortam s\u0131cak\u0131l\u0131\u011f\u0131 +5\u00a0<sup>o<\/sup>C ile +30\u00a0<sup>o<\/sup>C aras\u0131 olmal\u0131d\u0131r.<\/li>\n<li>Kuruma s\u00fcresi: ort. 24 saat.<\/li>\n<li>Katlar aras\u0131 bekleme s\u00fcresi: max. 4 saat.<\/li>\n<\/ul>\n<p><strong>Avantajlar\u0131<\/strong><\/p>\n<ul>\n<li>Kuvvetli su iticilik ve y\u00fcksek penetrasyon \u00f6zelli\u011fi,<\/li>\n<li>D\u0131\u015f cephe kaplamalar\u0131n g\u00f6r\u00fcnt\u00fcs\u00fcn\u00fc de\u011fi\u015ftirmeden koruma,<\/li>\n<li>Zor kirlenme ve kolay temizlenme,<\/li>\n<\/ul>\n<p><strong>Uyar\u0131lar ve \u00d6neriler<\/strong><\/p>\n<ul>\n<li>Malzeme k\u00fcr\u00fcn\u00fc al\u0131ncaya kadar ya\u011f\u0131\u015ftan korunmal\u0131d\u0131r.<\/li>\n<\/ul>\n","protected":false},"excerpt":{"rendered":"<p>Silika-silikat esasl\u0131, yap\u0131 elemanlar\u0131n\u0131n y\u00fczeylerine emprenye edilerek su iticilik kazand\u0131ran \u015feffaf, UV dayan\u0131ml\u0131, su itici ve koruyucu malzeme.<\/p>\n","protected":false},"featured_media":3499,"comment_status":"open","ping_status":"closed","template":"","meta":[],"product_brand":[],"product_cat":[229],"product_tag":[408],"class_list":{"0":"post-3498","1":"product","2":"type-product","3":"status-publish","4":"has-post-thumbnail","6":"product_cat-emprenyeler","7":"product_tag-weber-emprenye","9":"first","10":"instock","11":"taxable","12":"shipping-taxable","13":"product-type-simple"},"_links":{"self":[{"href":"https:\/\/timeksyalitim.com.tr\/home\/wp-json\/wp\/v2\/product\/3498","targetHints":{"allow":["GET"]}}],"collection":[{"href":"https:\/\/timeksyalitim.com.tr\/home\/wp-json\/wp\/v2\/product"}],"about":[{"href":"https:\/\/timeksyalitim.com.tr\/home\/wp-json\/wp\/v2\/types\/product"}],"replies":[{"embeddable":true,"href":"https:\/\/timeksyalitim.com.tr\/home\/wp-json\/wp\/v2\/comments?post=3498"}],"wp:featuredmedia":[{"embeddable":true,"href":"https:\/\/timeksyalitim.com.tr\/home\/wp-json\/wp\/v2\/media\/3499"}],"wp:attachment":[{"href":"https:\/\/timeksyalitim.com.tr\/home\/wp-json\/wp\/v2\/media?parent=3498"}],"wp:term":[{"taxonomy":"product_brand","embeddable":true,"href":"https:\/\/timeksyalitim.com.tr\/home\/wp-json\/wp\/v2\/product_brand?post=3498"},{"taxonomy":"product_cat","embeddable":true,"href":"https:\/\/timeksyalitim.com.tr\/home\/wp-json\/wp\/v2\/product_cat?post=3498"},{"taxonomy":"product_tag","embeddable":true,"href":"https:\/\/timeksyalitim.com.tr\/home\/wp-json\/wp\/v2\/product_tag?post=3498"}],"curies":[{"name":"wp","href":"https:\/\/api.w.org\/{rel}","templated":true}]}}