{"id":3507,"date":"2022-11-28T11:29:08","date_gmt":"2022-11-28T08:29:08","guid":{"rendered":"http:\/\/timeksyalitim.com.tr\/home\/?post_type=product&#038;p=3507"},"modified":"2022-11-28T11:35:33","modified_gmt":"2022-11-28T08:35:33","slug":"weber-floor-adr-510","status":"publish","type":"product","link":"https:\/\/timeksyalitim.com.tr\/home\/product\/weber-floor-adr-510\/","title":{"rendered":"Weber Floor ADR 510"},"content":{"rendered":"<p>\u0130\u00e7 mekanlarda PVC ve linolyum zemin kaplama uygulamalar\u0131 i\u00e7in geli\u015ftirilmi\u015f, solventsiz, akrilik esasl\u0131 dispersiyon yap\u0131\u015ft\u0131r\u0131c\u0131.<\/p>\n<p>PVC esasl\u0131 homojen ve heterojen yer karolar\u0131 ve kaplamalar\u0131, linolyum cinsi do\u011fal yer kaplamalar\u0131, kau\u00e7uk rulo karo ve kaplamalar\u0131n\u0131n yap\u0131\u015ft\u0131r\u0131lmas\u0131nda kullan\u0131l\u0131r.<\/p>\n<p><strong>Uygulama alan\u0131<\/strong><\/p>\n<ul>\n<li>Zemin<\/li>\n<\/ul>\n<p><strong>\u00dcr\u00fcn Bilgileri<\/strong><\/p>\n<ul>\n<li>Uygulama Aletleri: \u00dc\u00e7gen di\u015fli mala<\/li>\n<li>Ortam s\u0131cakl\u0131\u011f\u0131: +15\u00b0C ile +30\u00b0C aras\u0131<\/li>\n<li>A\u011fdala\u015fma s\u00fcresi: 20-25 dakika<\/li>\n<li>\u00c7al\u0131\u015fma s\u00fcresi: 40-60 dakika<\/li>\n<li>Trafi\u011fe a\u00e7\u0131lma s\u00fcresi: 24-48 saat<\/li>\n<li>Son kuruma: 3-4 g\u00fcn<\/li>\n<\/ul>\n<p><strong>Avantajlar\u0131<\/strong><\/p>\n<ul>\n<li>Y\u00fcksek yap\u0131\u015fma g\u00fcc\u00fc<\/li>\n<li>Uzun \u00e7al\u0131\u015fma s\u00fcresi<\/li>\n<li>Solvent i\u00e7ermez<\/li>\n<li>S\u0131cakl\u0131k de\u011fi\u015fimlerine dayan\u0131kl\u0131<\/li>\n<li>Kolay uygulan\u0131r<\/li>\n<\/ul>\n<p><strong>Uyar\u0131lar ve \u00d6neriler<\/strong><\/p>\n<ul>\n<li><b>weber.floor ADR 510<\/b>\u00a0kullan\u0131ma haz\u0131rd\u0131r, yabanc\u0131 madde ilave edilmemelidir.<\/li>\n<li>A\u011fdala\u015fma ger\u00e7ekle\u015ftikten (20-25 dk) sonra kaplama malzemesi yap\u0131\u015ft\u0131r\u0131lmal\u0131d\u0131r.<\/li>\n<li>Zeminden \u0131s\u0131tmal\u0131 d\u00f6\u015femelerde \u0131s\u0131tma sistemi kaplamadan 10 g\u00fcn \u00f6nce \u00e7al\u0131\u015ft\u0131r\u0131lmal\u0131 ve kaplama s\u0131ras\u0131nda kapat\u0131lmal\u0131d\u0131r. Uygulamadan 72 saat sonra sistem tekrar \u00e7al\u0131\u015ft\u0131r\u0131labilir.<\/li>\n<li>Uygulama s\u0131ras\u0131nda ortam s\u0131cakl\u0131\u011f\u0131 +15\u00b0C ile +30\u00b0C aras\u0131nda olmal\u0131d\u0131r.<\/li>\n<li>Kaplamalar\u0131n birle\u015fim yerleri kayna\u011f\u0131, yap\u0131\u015ft\u0131rma uygulamas\u0131ndan en az 24 saat sonra yap\u0131lmal\u0131d\u0131r.<\/li>\n<\/ul>\n","protected":false},"excerpt":{"rendered":"<p>\u0130\u00e7 mekanlarda PVC ve linolyum zemin kaplama uygulamalar\u0131 i\u00e7in geli\u015ftirilmi\u015f, solventsiz, akrilik esasl\u0131 dispersiyon yap\u0131\u015ft\u0131r\u0131c\u0131.<\/p>\n","protected":false},"featured_media":3508,"comment_status":"open","ping_status":"closed","template":"","meta":[],"product_brand":[],"product_cat":[240],"product_tag":[411],"class_list":{"0":"post-3507","1":"product","2":"type-product","3":"status-publish","4":"has-post-thumbnail","6":"product_cat-yapistiricilar-2","7":"product_tag-weber-floor-adr-510","9":"first","10":"instock","11":"taxable","12":"shipping-taxable","13":"product-type-simple"},"_links":{"self":[{"href":"https:\/\/timeksyalitim.com.tr\/home\/wp-json\/wp\/v2\/product\/3507","targetHints":{"allow":["GET"]}}],"collection":[{"href":"https:\/\/timeksyalitim.com.tr\/home\/wp-json\/wp\/v2\/product"}],"about":[{"href":"https:\/\/timeksyalitim.com.tr\/home\/wp-json\/wp\/v2\/types\/product"}],"replies":[{"embeddable":true,"href":"https:\/\/timeksyalitim.com.tr\/home\/wp-json\/wp\/v2\/comments?post=3507"}],"wp:featuredmedia":[{"embeddable":true,"href":"https:\/\/timeksyalitim.com.tr\/home\/wp-json\/wp\/v2\/media\/3508"}],"wp:attachment":[{"href":"https:\/\/timeksyalitim.com.tr\/home\/wp-json\/wp\/v2\/media?parent=3507"}],"wp:term":[{"taxonomy":"product_brand","embeddable":true,"href":"https:\/\/timeksyalitim.com.tr\/home\/wp-json\/wp\/v2\/product_brand?post=3507"},{"taxonomy":"product_cat","embeddable":true,"href":"https:\/\/timeksyalitim.com.tr\/home\/wp-json\/wp\/v2\/product_cat?post=3507"},{"taxonomy":"product_tag","embeddable":true,"href":"https:\/\/timeksyalitim.com.tr\/home\/wp-json\/wp\/v2\/product_tag?post=3507"}],"curies":[{"name":"wp","href":"https:\/\/api.w.org\/{rel}","templated":true}]}}