{"id":3509,"date":"2022-11-28T11:37:26","date_gmt":"2022-11-28T08:37:26","guid":{"rendered":"http:\/\/timeksyalitim.com.tr\/home\/?post_type=product&#038;p=3509"},"modified":"2022-11-28T11:46:41","modified_gmt":"2022-11-28T08:46:41","slug":"weber-floor-ys-4","status":"publish","type":"product","link":"https:\/\/timeksyalitim.com.tr\/home\/product\/weber-floor-ys-4\/","title":{"rendered":"Weber Floor YS 4"},"content":{"rendered":"<p>A\u011f\u0131r y\u00fcke ve yo\u011fun ara\u00e7 trafi\u011fine maruz kalan end\u00fcstriyel zeminlerde y\u00fczey a\u015f\u0131nma direncini y\u00fckselten \u00e7imento, \u00f6zel se\u00e7ilmi\u015f agrega, korunt, pigment ve \u00f6zel katk\u0131 esasl\u0131 y\u00fczey sertle\u015ftirme harc\u0131<\/p>\n<p>Y\u00fcksek oranda mekanik a\u015f\u0131nma dayan\u0131m\u0131 aranan ve tozuma yapmamas\u0131 istenilen t\u00fcm zemin kaplamalar\u0131 \u00fczerine uygulan\u0131r<\/p>\n<ul>\n<li>Yang\u0131n Dayan\u0131m\u0131<\/li>\n<li>A\u015f\u0131nma Dayan\u0131m\u0131 Y\u00fcksek<\/li>\n<li>End\u00fcstriyel Alanlara Uygun<\/li>\n<\/ul>\n<p>Uygulama alan\u0131<\/p>\n<ul>\n<li>Zemin<\/li>\n<\/ul>\n<p><strong>\u00dcr\u00fcn Bilgileri<\/strong><\/p>\n<ul>\n<li>Uygulama aletleri: Serpme ekipmanlar\u0131, perdah tepsisi, perdah b\u0131\u00e7a\u011f\u0131, helikopter.<\/li>\n<li>Ortam s\u0131cakl\u0131\u011f\u0131: +5 \u00b0C ile +30 \u00b0C aras\u0131.<\/li>\n<\/ul>\n<p><strong>Avantajlar\u0131<\/strong><\/p>\n<ul>\n<li>D\u00fczg\u00fcn ve homojen y\u00fczey elde edebilme imkan\u0131.<\/li>\n<li>Y\u00fcksek oranda mekanik y\u00fcklere kar\u015f\u0131 a\u015f\u0131nmay\u0131 \u00f6nleme.<\/li>\n<li>Darbelere kar\u015f\u0131 diren\u00e7 artt\u0131rma.<\/li>\n<li>Y\u00fczey tozumas\u0131n\u0131 geciktirme.<\/li>\n<li>Ta\u015f\u0131y\u0131c\u0131 betona kolay uygulama.<\/li>\n<li>4 farkl\u0131 renk se\u00e7ene\u011fi.<\/li>\n<\/ul>\n<p><strong>Uyar\u0131lar ve \u00d6neriler<\/strong><\/p>\n<ul>\n<li>Uygulama sonras\u0131 y\u00fczeyin suyunu istenenden \u00e7abuk kaybetmemesi i\u00e7in k\u00fcr malzemesi<b>\u00a0weber k\u00fcr A<\/b>\u00a0uygulanmal\u0131d\u0131r. Uygulama s\u0131ras\u0131nda malzeme \u00fczerine su at\u0131lmamal\u0131d\u0131r.<\/li>\n<\/ul>\n<p>&nbsp;<\/p>\n","protected":false},"excerpt":{"rendered":"<p>A\u011f\u0131r y\u00fcke ve yo\u011fun ara\u00e7 trafi\u011fine maruz kalan end\u00fcstriyel zeminlerde y\u00fczey a\u015f\u0131nma direncini y\u00fckselten \u00e7imento, \u00f6zel se\u00e7ilmi\u015f agrega, korunt, pigment ve \u00f6zel katk\u0131 esasl\u0131 y\u00fczey sertle\u015ftirme harc\u0131<\/p>\n","protected":false},"featured_media":3510,"comment_status":"open","ping_status":"closed","template":"","meta":[],"product_brand":[],"product_cat":[232],"product_tag":[412],"class_list":{"0":"post-3509","1":"product","2":"type-product","3":"status-publish","4":"has-post-thumbnail","6":"product_cat-yuzey-serlestiriciler","7":"product_tag-weber-floor-ys-4","9":"first","10":"instock","11":"taxable","12":"shipping-taxable","13":"product-type-simple"},"_links":{"self":[{"href":"https:\/\/timeksyalitim.com.tr\/home\/wp-json\/wp\/v2\/product\/3509","targetHints":{"allow":["GET"]}}],"collection":[{"href":"https:\/\/timeksyalitim.com.tr\/home\/wp-json\/wp\/v2\/product"}],"about":[{"href":"https:\/\/timeksyalitim.com.tr\/home\/wp-json\/wp\/v2\/types\/product"}],"replies":[{"embeddable":true,"href":"https:\/\/timeksyalitim.com.tr\/home\/wp-json\/wp\/v2\/comments?post=3509"}],"wp:featuredmedia":[{"embeddable":true,"href":"https:\/\/timeksyalitim.com.tr\/home\/wp-json\/wp\/v2\/media\/3510"}],"wp:attachment":[{"href":"https:\/\/timeksyalitim.com.tr\/home\/wp-json\/wp\/v2\/media?parent=3509"}],"wp:term":[{"taxonomy":"product_brand","embeddable":true,"href":"https:\/\/timeksyalitim.com.tr\/home\/wp-json\/wp\/v2\/product_brand?post=3509"},{"taxonomy":"product_cat","embeddable":true,"href":"https:\/\/timeksyalitim.com.tr\/home\/wp-json\/wp\/v2\/product_cat?post=3509"},{"taxonomy":"product_tag","embeddable":true,"href":"https:\/\/timeksyalitim.com.tr\/home\/wp-json\/wp\/v2\/product_tag?post=3509"}],"curies":[{"name":"wp","href":"https:\/\/api.w.org\/{rel}","templated":true}]}}