{"id":3523,"date":"2022-11-28T12:46:20","date_gmt":"2022-11-28T09:46:20","guid":{"rendered":"http:\/\/timeksyalitim.com.tr\/home\/?post_type=product&#038;p=3523"},"modified":"2022-11-28T12:48:33","modified_gmt":"2022-11-28T09:48:33","slug":"weber-geokece","status":"publish","type":"product","link":"https:\/\/timeksyalitim.com.tr\/home\/product\/weber-geokece\/","title":{"rendered":"Weber Geoke\u00e7e"},"content":{"rendered":"<p>weber geoke\u00e7e 45, \u00f6rg\u00fcs\u00fcz polyester elyaf\u0131ndan \u00fcretilmi\u015f ke\u00e7e tipi olup su yal\u0131t\u0131m katman\u0131n dayan\u0131m\u0131n\u0131 artt\u0131r\u0131r.<\/p>\n<p>Elastomerik ve poli\u00fcretan gibi s\u0131v\u0131 re\u00e7ine esasl\u0131 su yal\u0131t\u0131m \u00fcr\u00fcnlerinde destekleyici ara katman olarak kullan\u0131l\u0131r. Ayr\u0131ca \u00fcr\u00fcnlerin homojen kal\u0131nl\u0131kta uygulamas\u0131na yard\u0131mc\u0131 olur.<\/p>\n<ul>\n<li>Kimyasallara Dayan\u0131m<\/li>\n<\/ul>\n<p><strong>Avantajlar\u0131<\/strong><\/p>\n<ul>\n<li>Uygulamas\u0131 rahat<\/li>\n<li>Uzun \u00f6m\u00fcrl\u00fc<\/li>\n<li>Kimyasallara dayan\u0131ml\u0131<\/li>\n<\/ul>\n","protected":false},"excerpt":{"rendered":"<p>weber geoke\u00e7e 45, \u00f6rg\u00fcs\u00fcz polyester elyaf\u0131ndan \u00fcretilmi\u015f ke\u00e7e tipi olup su yal\u0131t\u0131m katman\u0131n dayan\u0131m\u0131n\u0131 artt\u0131r\u0131r.<\/p>\n","protected":false},"featured_media":3524,"comment_status":"open","ping_status":"closed","template":"","meta":[],"product_brand":[],"product_cat":[239],"product_tag":[418],"class_list":{"0":"post-3523","1":"product","2":"type-product","3":"status-publish","4":"has-post-thumbnail","6":"product_cat-astarlar-2","7":"product_tag-weber-geokece","9":"first","10":"instock","11":"taxable","12":"shipping-taxable","13":"product-type-simple"},"_links":{"self":[{"href":"https:\/\/timeksyalitim.com.tr\/home\/wp-json\/wp\/v2\/product\/3523","targetHints":{"allow":["GET"]}}],"collection":[{"href":"https:\/\/timeksyalitim.com.tr\/home\/wp-json\/wp\/v2\/product"}],"about":[{"href":"https:\/\/timeksyalitim.com.tr\/home\/wp-json\/wp\/v2\/types\/product"}],"replies":[{"embeddable":true,"href":"https:\/\/timeksyalitim.com.tr\/home\/wp-json\/wp\/v2\/comments?post=3523"}],"wp:featuredmedia":[{"embeddable":true,"href":"https:\/\/timeksyalitim.com.tr\/home\/wp-json\/wp\/v2\/media\/3524"}],"wp:attachment":[{"href":"https:\/\/timeksyalitim.com.tr\/home\/wp-json\/wp\/v2\/media?parent=3523"}],"wp:term":[{"taxonomy":"product_brand","embeddable":true,"href":"https:\/\/timeksyalitim.com.tr\/home\/wp-json\/wp\/v2\/product_brand?post=3523"},{"taxonomy":"product_cat","embeddable":true,"href":"https:\/\/timeksyalitim.com.tr\/home\/wp-json\/wp\/v2\/product_cat?post=3523"},{"taxonomy":"product_tag","embeddable":true,"href":"https:\/\/timeksyalitim.com.tr\/home\/wp-json\/wp\/v2\/product_tag?post=3523"}],"curies":[{"name":"wp","href":"https:\/\/api.w.org\/{rel}","templated":true}]}}