{"id":3525,"date":"2022-11-28T12:50:00","date_gmt":"2022-11-28T09:50:00","guid":{"rendered":"http:\/\/timeksyalitim.com.tr\/home\/?post_type=product&#038;p=3525"},"modified":"2022-11-28T12:52:38","modified_gmt":"2022-11-28T09:52:38","slug":"weber-hp-3a","status":"publish","type":"product","link":"https:\/\/timeksyalitim.com.tr\/home\/product\/weber-hp-3a\/","title":{"rendered":"Weber HP 3A"},"content":{"rendered":"<p>Hibrit polimer esasl\u0131, tek komponentli, UV dayan\u0131ml\u0131, y\u00fcksek mod\u00fcll\u00fc, solvent i\u00e7ermeyen, derz dolgu ve s\u0131zd\u0131rmazl\u0131k masti\u011fi ve yap\u0131\u015ft\u0131r\u0131c\u0131s\u0131.<\/p>\n<p>\u00d6zellikle geni\u015f \u0131s\u0131 aral\u0131klar\u0131nda s\u00fcrekli elastikiyet ve y\u00fcksek sarkma mukavemeti istenen yatay ve d\u00fc\u015fey derzlerde, pre-cast eleman derzlerinde, prefabrik yap\u0131 elemanlar\u0131n\u0131n birle\u015fim detaylar\u0131nda, \u00e7at\u0131 ve teras dilatasyonlar\u0131nda, parapet k\u00f6\u015fe birle\u015fimlerinde, duvar, zemin, pencere ve kap\u0131 \u00e7evresinde kullan\u0131l\u0131r. Ayr\u0131ca i\u00e7 mekan \u0131slak hacimlerde banyo, mutfak, du\u015fakabin, lavabo, evye, tezgah vb. birle\u015fim derzlerinde uygulan\u0131r. Kimyasal olarak n\u00f6tral olup, kokusuz, \u00e7evreye duyarl\u0131 ve zorlu hava ko\u015fullar\u0131na ve k\u00fcfe dayan\u0131kl\u0131d\u0131r.<\/p>\n<ul>\n<li>UV Dayan\u0131m\u0131<\/li>\n<li>Su \u0130tici<\/li>\n<li>Elastik<\/li>\n<\/ul>\n<p><strong>Uygulama alan\u0131<\/strong><\/p>\n<ul>\n<li>Duvar<\/li>\n<li>Zemin<\/li>\n<li>Tavan<\/li>\n<\/ul>\n<p><strong>\u00dcr\u00fcn Bilgileri<\/strong><\/p>\n<ul>\n<li>Uygulama aletleri: Sosis tabancas\u0131<\/li>\n<li>Uygulama s\u0131cakl\u0131\u011f\u0131: +5\u00b0C ile +35\u00b0C aras\u0131.<\/li>\n<li>K\u00fcrle\u015fme h\u0131z\u0131 (25\u00b0C, %50 rh): 2-3 mm \/g\u00fcn<\/li>\n<li>Y\u00fczey kurumas\u0131 (25\u00b0C, %50 rh): 20-30 dk<\/li>\n<\/ul>\n<p><strong>Avantajlar\u0131<\/strong><\/p>\n<ul>\n<li>Y\u00fcksek mekanik ve kimyasal dayan\u0131m<\/li>\n<li>\u00c7ok geni\u015f \u0131s\u0131 aral\u0131klar\u0131nda kal\u0131c\u0131 elestikiyet<\/li>\n<li>\u00c7evreci ve antibakteriyel<\/li>\n<li>M\u00fckemmel yap\u0131\u015fma \u00f6zelli\u011fi<\/li>\n<li>Hacim kayb\u0131na u\u011framam<\/li>\n<li>Bit\u00fcm esasl\u0131 su yal\u0131t\u0131m \u00fcr\u00fcnlerine kuvvetli ba\u011fda\u015fma<\/li>\n<\/ul>\n<p><strong>Uyar\u0131lar ve \u00d6neriler<\/strong><\/p>\n<ul>\n<li><b>weber HP 3A<\/b>\u2019n\u0131n derzde daha y\u00fcksek esneme sa\u011flamas\u0131 i\u00e7in, malzemenin derz zeminine polietilen fitil yerle\u015ftirilerek zemine yap\u0131\u015fmas\u0131 engellenir.<\/li>\n<li><b>weber HP 3A<\/b>\u00a0d\u00fcz y\u00fczeyli bir \u00e7ok yap\u0131 eleman\u0131na astars\u0131z yap\u0131\u015fma sa\u011flar. Ancak \u00e7ok emici veya parlak, y\u00fczeyi i\u015flem g\u00f6rm\u00fc\u015f veya \u00fczeri boyal\u0131 baz\u0131 kaplama malzemelerine uygulama \u00f6ncesi k\u00fc\u00e7\u00fck bir deneme yap\u0131lmas\u0131 \u00f6nerilir.<\/li>\n<li>Cephe derzlerinde derz geni\u015flikleri genelde 15-30 mm. aras\u0131ndad\u0131r. En uygun de\u011fer derz geni\u015fli\u011finin, derz derinli\u011finin yakla\u015f\u0131k iki kat\u0131 olmas\u0131d\u0131r.<\/li>\n<li>\u00dczeri boyanabilir ancak derz hareketlerinden sonra boya \u00e7atlama yapabilir.<\/li>\n<li>Uygulama esnas\u0131nda, mutlaka eldiven ve g\u00f6zl\u00fck kullan\u0131lmal\u0131, g\u00f6z ve deri temas\u0131ndan ka\u00e7\u0131n\u0131lmal\u0131d\u0131r.<\/li>\n<\/ul>\n","protected":false},"excerpt":{"rendered":"<p>Hibrit polimer esasl\u0131, tek komponentli, UV dayan\u0131ml\u0131, y\u00fcksek mod\u00fcll\u00fc, solvent i\u00e7ermeyen, derz dolgu ve s\u0131zd\u0131rmazl\u0131k masti\u011fi ve yap\u0131\u015ft\u0131r\u0131c\u0131s\u0131.<\/p>\n","protected":false},"featured_media":3526,"comment_status":"open","ping_status":"closed","template":"","meta":[],"product_brand":[],"product_cat":[238],"product_tag":[419],"class_list":{"0":"post-3525","1":"product","2":"type-product","3":"status-publish","4":"has-post-thumbnail","6":"product_cat-mastikler-2","7":"product_tag-weber-hp-3a","9":"first","10":"instock","11":"taxable","12":"shipping-taxable","13":"product-type-simple"},"_links":{"self":[{"href":"https:\/\/timeksyalitim.com.tr\/home\/wp-json\/wp\/v2\/product\/3525","targetHints":{"allow":["GET"]}}],"collection":[{"href":"https:\/\/timeksyalitim.com.tr\/home\/wp-json\/wp\/v2\/product"}],"about":[{"href":"https:\/\/timeksyalitim.com.tr\/home\/wp-json\/wp\/v2\/types\/product"}],"replies":[{"embeddable":true,"href":"https:\/\/timeksyalitim.com.tr\/home\/wp-json\/wp\/v2\/comments?post=3525"}],"wp:featuredmedia":[{"embeddable":true,"href":"https:\/\/timeksyalitim.com.tr\/home\/wp-json\/wp\/v2\/media\/3526"}],"wp:attachment":[{"href":"https:\/\/timeksyalitim.com.tr\/home\/wp-json\/wp\/v2\/media?parent=3525"}],"wp:term":[{"taxonomy":"product_brand","embeddable":true,"href":"https:\/\/timeksyalitim.com.tr\/home\/wp-json\/wp\/v2\/product_brand?post=3525"},{"taxonomy":"product_cat","embeddable":true,"href":"https:\/\/timeksyalitim.com.tr\/home\/wp-json\/wp\/v2\/product_cat?post=3525"},{"taxonomy":"product_tag","embeddable":true,"href":"https:\/\/timeksyalitim.com.tr\/home\/wp-json\/wp\/v2\/product_tag?post=3525"}],"curies":[{"name":"wp","href":"https:\/\/api.w.org\/{rel}","templated":true}]}}