{"id":3527,"date":"2022-11-28T13:01:30","date_gmt":"2022-11-28T10:01:30","guid":{"rendered":"http:\/\/timeksyalitim.com.tr\/home\/?post_type=product&#038;p=3527"},"modified":"2022-11-28T13:06:08","modified_gmt":"2022-11-28T10:06:08","slug":"weber-kol-fermafix","status":"publish","type":"product","link":"https:\/\/timeksyalitim.com.tr\/home\/product\/weber-kol-fermafix\/","title":{"rendered":"Weber Kol Fermafix"},"content":{"rendered":"<p>Kayma \u00f6zelli\u011fi azalt\u0131lm\u0131\u015f ve a\u00e7\u0131k bekletme s\u00fcresi uzat\u0131lm\u0131\u015f \u00e7imento esasl\u0131 seramik yap\u0131\u015ft\u0131rma harc\u0131.<\/p>\n<p>Seramik,fayans,cam mozaik ve benzeri kaplama malzemelerinin i\u00e7 mekanlarda duvara ve zemine, d\u0131\u015f mekanlarda zemine d\u00f6\u015fenmesinde kullan\u0131l\u0131r.<\/p>\n<ul>\n<li>\u00c7evre Dostu<\/li>\n<\/ul>\n<p><strong>Uygulama alan\u0131<\/strong><\/p>\n<ul>\n<li>Duvar<\/li>\n<li>Zemin<\/li>\n<\/ul>\n<p><strong>\u00dcr\u00fcn Bilgileri<\/strong><\/p>\n<ul>\n<li>Uygulama Aletleri:El mikseri, mala, lastik \u00e7eki\u00e7, di\u015fli \u00e7elik mala<\/li>\n<li>Ortam s\u0131cakl\u0131\u011f\u0131: +5 \u00b0C ile +35 \u00b0C aras\u0131<\/li>\n<li>Kullan\u0131labilme s\u00fcresi: Max. 4 saat<\/li>\n<li>\u00c7al\u0131\u015f\u0131labilme s\u00fcresi: Max. 25 dakika<\/li>\n<li>D\u00fczeltilebilme s\u00fcresi: Max. 20 dakika<\/li>\n<li>Derz uygulanabilmesi i\u00e7in gerekli s\u00fcre: 24 saat. (duvarda ve zeminde)<\/li>\n<li>Zeminin trafi\u011fe a\u00e7\u0131labilmesi i\u00e7in gerekli s\u00fcre: 24 saat<\/li>\n<li>Uygulama kal\u0131nl\u0131\u011f\u0131: 3-10 mm. aras\u0131 (tek veya \u00e7ift tarafl\u0131 yap\u0131\u015ft\u0131rma).<\/li>\n<\/ul>\n<p><strong>Avantajlar\u0131<\/strong><\/p>\n<ul>\n<li>Rahat uygulama imkan\u0131<\/li>\n<li>Seramik uygulamalar\u0131nda g\u00fcvenli kullan\u0131m<\/li>\n<li>Uzat\u0131lm\u0131\u015f \u00e7al\u0131\u015fabilme s\u00fcresi<\/li>\n<\/ul>\n<p><strong>Uyar\u0131lar ve \u00d6neriler<\/strong><\/p>\n<ul>\n<li>Metal y\u00fczeylerde uygulanmaz (\u00a0<b>weber EP 800<\/b>\u00a0kullan\u0131lmal\u0131d\u0131r).<\/li>\n<li>Yo\u011fun trafi\u011fe maruz zeminlerde (end\u00fcstriyel alanlar vb.) uygulanmaz (<b>\u00a0weberkol flex\u00a0konfor<\/b>\n<div id=\"tooltip781923\" class=\"tooltip fade top\" role=\"tooltip\">\n<div class=\"tooltip-arrow\"><\/div>\n<div class=\"tooltip-inner\">this is the text definition about comfort&#8230;<\/div>\n<\/div>\n<p><b>\u00a0konsantre\u00a0<\/b>veya\u00a0 \u00a0\u00a0<b>weberkol flex\u00a0konfor<\/b>\u00a0kullan\u0131lmal\u0131d\u0131r).<\/li>\n<li>Prefabrik ve yerden \u0131s\u0131tmal\u0131 d\u00f6\u015femelerde uygulanmaz (<b>\u00a0weberkol flex\u00a0konfor\u00a0konsantre<\/b>\u00a0veya\u00a0<b>weberkol flex\u00a0konfor<\/b>\u00a0kullan\u0131lmal\u0131d\u0131r).<\/li>\n<li>Ah\u015fap d\u00f6\u015femelerde, eski boyal\u0131 y\u00fczeylerde, y\u00fczme havuzlar\u0131 ve mevcut seramik kaplamalar \u00fczerinde uygulanmaz.<\/li>\n<li>Br\u00fct beton, al\u00e7\u0131pan duvarlarda , iklimsel de\u011fi\u015fikliklere maruz kalan y\u00fczeylerde uygulanmaz.<\/li>\n<li>Al\u00e7\u0131 panel \u00fczeri uygulamalarda\u00a0\u00a0&#8220;C2&#8221; s\u0131n\u0131f\u0131 seramik yap\u0131\u015ft\u0131r\u0131c\u0131 kullan\u0131lmal\u0131d\u0131r.<\/li>\n<li>Kesinlikle yabanc\u0131 malzemeler ilave edilmemelidir.<\/li>\n<li>Uygulama sonras\u0131nda, kullan\u0131lan t\u00fcm aletler kurumadan y\u0131kanmal\u0131d\u0131r.<\/li>\n<li>A\u00e7\u0131k renk seramik ve benzeri kaplamalar\u0131n d\u00f6\u015femesinde beyaz\u00a0<b>weberkol FERMAFIX<\/b>\u00a0kullan\u0131lmas\u0131 \u00f6nerilir.<\/li>\n<li>Torban\u0131n \u00fczerinde yazan su oran\u0131na dikkat edilmelidir.\u00dcr\u00fcne fazla ya da az su ilave etmek \u00fcr\u00fcn\u00fcn performans\u0131n\u0131 d\u00fc\u015f\u00fcr\u00fcr.<\/li>\n<\/ul>\n","protected":false},"excerpt":{"rendered":"<p>Kayma \u00f6zelli\u011fi azalt\u0131lm\u0131\u015f ve a\u00e7\u0131k bekletme s\u00fcresi uzat\u0131lm\u0131\u015f\u00a0\u00a0\u00e7imento esasl\u0131 seramik yap\u0131\u015ft\u0131rma harc\u0131.<\/p>\n","protected":false},"featured_media":3528,"comment_status":"open","ping_status":"closed","template":"","meta":[],"product_brand":[],"product_cat":[224],"product_tag":[420],"class_list":{"0":"post-3527","1":"product","2":"type-product","3":"status-publish","4":"has-post-thumbnail","6":"product_cat-harclar","7":"product_tag-weber-kol-fermafix","9":"first","10":"instock","11":"taxable","12":"shipping-taxable","13":"product-type-simple"},"_links":{"self":[{"href":"https:\/\/timeksyalitim.com.tr\/home\/wp-json\/wp\/v2\/product\/3527","targetHints":{"allow":["GET"]}}],"collection":[{"href":"https:\/\/timeksyalitim.com.tr\/home\/wp-json\/wp\/v2\/product"}],"about":[{"href":"https:\/\/timeksyalitim.com.tr\/home\/wp-json\/wp\/v2\/types\/product"}],"replies":[{"embeddable":true,"href":"https:\/\/timeksyalitim.com.tr\/home\/wp-json\/wp\/v2\/comments?post=3527"}],"wp:featuredmedia":[{"embeddable":true,"href":"https:\/\/timeksyalitim.com.tr\/home\/wp-json\/wp\/v2\/media\/3528"}],"wp:attachment":[{"href":"https:\/\/timeksyalitim.com.tr\/home\/wp-json\/wp\/v2\/media?parent=3527"}],"wp:term":[{"taxonomy":"product_brand","embeddable":true,"href":"https:\/\/timeksyalitim.com.tr\/home\/wp-json\/wp\/v2\/product_brand?post=3527"},{"taxonomy":"product_cat","embeddable":true,"href":"https:\/\/timeksyalitim.com.tr\/home\/wp-json\/wp\/v2\/product_cat?post=3527"},{"taxonomy":"product_tag","embeddable":true,"href":"https:\/\/timeksyalitim.com.tr\/home\/wp-json\/wp\/v2\/product_tag?post=3527"}],"curies":[{"name":"wp","href":"https:\/\/api.w.org\/{rel}","templated":true}]}}