{"id":3529,"date":"2022-11-28T13:19:55","date_gmt":"2022-11-28T10:19:55","guid":{"rendered":"http:\/\/timeksyalitim.com.tr\/home\/?post_type=product&#038;p=3529"},"modified":"2022-11-28T13:22:14","modified_gmt":"2022-11-28T10:22:14","slug":"weber-kol-fix","status":"publish","type":"product","link":"https:\/\/timeksyalitim.com.tr\/home\/product\/weber-kol-fix\/","title":{"rendered":"Weber Kol Fix"},"content":{"rendered":"<p>Akrilik em\u00fclsiyon esasl\u0131, y\u00fcksek performansl\u0131,elastik,kullan\u0131ma haz\u0131r seramik yap\u0131\u015ft\u0131r\u0131c\u0131s\u0131.<\/p>\n<p>Seramik, fayans, terracotta ve benzeri kaplama malzemelerinin, i\u00e7 ve d\u0131\u015f mekanlarda, duvara d\u00f6\u015fenmesinde kullan\u0131l\u0131r.<\/p>\n<p><strong>Uygulama alan\u0131<\/strong><\/p>\n<ul>\n<li>Duvar<\/li>\n<\/ul>\n<p><strong>\u00dcr\u00fcn Bilgileri<\/strong><\/p>\n<ul>\n<li>Uygulama aletleri: Mala, lastik \u00e7eki\u00e7, di\u015fli \u00e7elik mala.<\/li>\n<li>Ortam s\u0131cakl\u0131\u011f\u0131: +5 \u00b0C ile +35 \u00b0C aras\u0131.<\/li>\n<li>\u00c7al\u0131\u015f\u0131labilme s\u00fcresi: Max. 30 dakika.<\/li>\n<li>D\u00fczeltilebilme s\u00fcresi: Max. 20 dakika.<\/li>\n<li>Derz uygulanabilmesi i\u00e7in gerekli s\u00fcre: Min. 24 saat.<\/li>\n<li>Tamamen sertle\u015fme s\u00fcresi: 8-15 g\u00fcn.<\/li>\n<li>Uygulama kal\u0131nl\u0131\u011f\u0131: 1-4 mm. aras\u0131 (tek veya \u00e7ift tarafl\u0131 yap\u0131\u015ft\u0131rma).<\/li>\n<\/ul>\n<p><strong>Avantajlar\u0131<\/strong><\/p>\n<ul>\n<li>Kullan\u0131ma haz\u0131r<\/li>\n<li>Is\u0131 yal\u0131t\u0131m levhalar\u0131, al\u00e7\u0131 levha, al\u00e7\u0131 blok y\u00fczeylerde kullan\u0131m<\/li>\n<li>Neme direnci sayesinde mutfak ve banyolarda g\u00fcvenli kullan\u0131m<\/li>\n<li>Eski boyal\u0131 y\u00fczeylerde ve mevcut seramik kaplamalar \u00fczerinde kullan\u0131m<\/li>\n<\/ul>\n<p><strong>Uyar\u0131lar ve \u00d6neriler<\/strong><\/p>\n<ul>\n<li>Metal y\u00fczeylerde uygulanmaz (<b>\u00a0weber EP 800<\/b>\u00a0kullan\u0131lmal\u0131d\u0131r).<\/li>\n<li>\u0130\u00e7 ve d\u0131\u015f zeminlerde uygulanmaz.<\/li>\n<li>Havuz gibi s\u00fcrekli \u0131slak mekanlarda uygulanmaz.<\/li>\n<li>Bozuk zeminlerde uygulanmaz.<\/li>\n<li>D\u0131\u015f cephelerde uygulanabilecek max. kaplama alan\u0131 120 cm<sup>2<\/sup>\u00a0, max. y\u00fckseklik ise 6 m.&#8217;dir.<\/li>\n<\/ul>\n","protected":false},"excerpt":{"rendered":"<p>Akrilik em\u00fclsiyon esasl\u0131, y\u00fcksek performansl\u0131,elastik,kullan\u0131ma haz\u0131r seramik yap\u0131\u015ft\u0131r\u0131c\u0131s\u0131.<\/p>\n","protected":false},"featured_media":3530,"comment_status":"open","ping_status":"closed","template":"","meta":[],"product_brand":[],"product_cat":[240],"product_tag":[421],"class_list":{"0":"post-3529","1":"product","2":"type-product","3":"status-publish","4":"has-post-thumbnail","6":"product_cat-yapistiricilar-2","7":"product_tag-weber-kol-fix","9":"first","10":"instock","11":"taxable","12":"shipping-taxable","13":"product-type-simple"},"_links":{"self":[{"href":"https:\/\/timeksyalitim.com.tr\/home\/wp-json\/wp\/v2\/product\/3529","targetHints":{"allow":["GET"]}}],"collection":[{"href":"https:\/\/timeksyalitim.com.tr\/home\/wp-json\/wp\/v2\/product"}],"about":[{"href":"https:\/\/timeksyalitim.com.tr\/home\/wp-json\/wp\/v2\/types\/product"}],"replies":[{"embeddable":true,"href":"https:\/\/timeksyalitim.com.tr\/home\/wp-json\/wp\/v2\/comments?post=3529"}],"wp:featuredmedia":[{"embeddable":true,"href":"https:\/\/timeksyalitim.com.tr\/home\/wp-json\/wp\/v2\/media\/3530"}],"wp:attachment":[{"href":"https:\/\/timeksyalitim.com.tr\/home\/wp-json\/wp\/v2\/media?parent=3529"}],"wp:term":[{"taxonomy":"product_brand","embeddable":true,"href":"https:\/\/timeksyalitim.com.tr\/home\/wp-json\/wp\/v2\/product_brand?post=3529"},{"taxonomy":"product_cat","embeddable":true,"href":"https:\/\/timeksyalitim.com.tr\/home\/wp-json\/wp\/v2\/product_cat?post=3529"},{"taxonomy":"product_tag","embeddable":true,"href":"https:\/\/timeksyalitim.com.tr\/home\/wp-json\/wp\/v2\/product_tag?post=3529"}],"curies":[{"name":"wp","href":"https:\/\/api.w.org\/{rel}","templated":true}]}}