{"id":3543,"date":"2022-11-28T14:19:06","date_gmt":"2022-11-28T11:19:06","guid":{"rendered":"http:\/\/timeksyalitim.com.tr\/home\/?post_type=product&#038;p=3543"},"modified":"2022-11-28T14:21:53","modified_gmt":"2022-11-28T11:21:53","slug":"weber-kosebant-100-120","status":"publish","type":"product","link":"https:\/\/timeksyalitim.com.tr\/home\/product\/weber-kosebant-100-120\/","title":{"rendered":"Weber K\u00f6\u015febant 100\/120"},"content":{"rendered":"<p>Sentetik kau\u00e7uk esasl\u0131, polyester ke\u00e7e ta\u015f\u0131y\u0131c\u0131l\u0131 \u0131slak mekanlardaki hareketli derzler, duvar ve zemin birle\u015fim noktalar\u0131 i\u00e7in su yal\u0131t\u0131m bantlar\u0131<\/p>\n<p>Banyo, mutfak, tuvalet, balkon gibi \u0131slak mekanlarda, teraslarda, ticari mutfaklar, laboratuarlar ve oto y\u0131kama merkezlerinde, seramik alt\u0131nda kalacak su yal\u0131t\u0131m uygulamalar\u0131nda, hareketli derzlerin, duvar ve zemin birle\u015fim noktalar\u0131n\u0131n su ge\u00e7irimsizli\u011fini desteklemek amac\u0131yla seyreltik asitlere, sodyum \u00e7\u00f6zeltilerine, alkol ve keton gibi polar solventlere dayan\u0131kl\u0131 yal\u0131t\u0131m band\u0131 olarak kullan\u0131l\u0131r.<\/p>\n<ul>\n<li>Elastik<\/li>\n<li>Su \u0130tici<\/li>\n<li>Kimyasallara Dayan\u0131m<\/li>\n<\/ul>\n<p><strong>Uygulama alan\u0131<\/strong><\/p>\n<ul>\n<li>Duvar<\/li>\n<li>Zemin<\/li>\n<\/ul>\n<p><strong>\u00dcr\u00fcn Bilgileri<\/strong><\/p>\n<ul>\n<li>Y\u00fczey yap\u0131\u015fmay\u0131 engelleyici kal\u0131nt\u0131lardan ar\u0131nd\u0131r\u0131lm\u0131\u015f, temiz ve sa\u011flam olmal\u0131d\u0131r.<\/li>\n<li>\n<div class=\"table-responsive\">\n<table class=\"table table-bordered table-striped\">\n<tbody>\n<tr>\n<td>Toplam geni\u015flik<\/td>\n<td>weber k\u00f6\u015febant 100: 10 cm (gerilme alan\u0131 5 cm)<br \/>\nweber k\u00f6\u015febant 120: 12 cm (gerilme alan\u0131 7 cm)<\/td>\n<\/tr>\n<tr>\n<td>Yatay e\u011filme dayan\u0131m\u0131<\/td>\n<td>Yakla\u015f\u0131k %190<\/td>\n<\/tr>\n<tr>\n<td>S\u0131cakl\u0131k dayan\u0131m\u0131<\/td>\n<td>-30\u00b0C ila +90\u00b0C aras\u0131<\/td>\n<\/tr>\n<tr>\n<td>Sertlik<\/td>\n<td>Shore A 50<\/td>\n<\/tr>\n<tr>\n<td>Bas\u0131n\u00e7l\u0131 su dayan\u0131m\u0131<\/td>\n<td>2 bar<\/td>\n<\/tr>\n<\/tbody>\n<\/table>\n<\/div>\n<\/li>\n<\/ul>\n<p><strong>Avantajlar\u0131<\/strong><\/p>\n<ul>\n<li>D\u00fc\u015f\u00fck s\u0131cakl\u0131klarda dahi y\u00fcksek elastikiyet<\/li>\n<li>Kimyasal dayan\u0131m<\/li>\n<li>\u0130ki farkl\u0131 boyut se\u00e7ene\u011fi<\/li>\n<li>Y\u0131rt\u0131lma ve \u0131s\u0131 dayan\u0131m\u0131<\/li>\n<\/ul>\n<p><strong>Uyar\u0131lar ve \u00d6neriler<\/strong><\/p>\n<ul>\n<li>Mineral ya\u011flar, benzen, benzin ve toluen gibi aromatik bile\u015fenlerle temas ihtimali bulunan yerlerde uygulanmaz.<\/li>\n<\/ul>\n","protected":false},"excerpt":{"rendered":"<p>Sentetik kau\u00e7uk esasl\u0131, polyester ke\u00e7e ta\u015f\u0131y\u0131c\u0131l\u0131 \u0131slak mekanlardaki hareketli derzler, duvar ve zemin birle\u015fim noktalar\u0131 i\u00e7in su yal\u0131t\u0131m bantlar\u0131<\/p>\n","protected":false},"featured_media":3544,"comment_status":"open","ping_status":"closed","template":"","meta":[],"product_brand":[],"product_cat":[241],"product_tag":[428],"class_list":{"0":"post-3543","1":"product","2":"type-product","3":"status-publish","4":"has-post-thumbnail","6":"product_cat-bantlar-2","7":"product_tag-weber-kosebant-100-120","9":"first","10":"instock","11":"taxable","12":"shipping-taxable","13":"product-type-simple"},"_links":{"self":[{"href":"https:\/\/timeksyalitim.com.tr\/home\/wp-json\/wp\/v2\/product\/3543","targetHints":{"allow":["GET"]}}],"collection":[{"href":"https:\/\/timeksyalitim.com.tr\/home\/wp-json\/wp\/v2\/product"}],"about":[{"href":"https:\/\/timeksyalitim.com.tr\/home\/wp-json\/wp\/v2\/types\/product"}],"replies":[{"embeddable":true,"href":"https:\/\/timeksyalitim.com.tr\/home\/wp-json\/wp\/v2\/comments?post=3543"}],"wp:featuredmedia":[{"embeddable":true,"href":"https:\/\/timeksyalitim.com.tr\/home\/wp-json\/wp\/v2\/media\/3544"}],"wp:attachment":[{"href":"https:\/\/timeksyalitim.com.tr\/home\/wp-json\/wp\/v2\/media?parent=3543"}],"wp:term":[{"taxonomy":"product_brand","embeddable":true,"href":"https:\/\/timeksyalitim.com.tr\/home\/wp-json\/wp\/v2\/product_brand?post=3543"},{"taxonomy":"product_cat","embeddable":true,"href":"https:\/\/timeksyalitim.com.tr\/home\/wp-json\/wp\/v2\/product_cat?post=3543"},{"taxonomy":"product_tag","embeddable":true,"href":"https:\/\/timeksyalitim.com.tr\/home\/wp-json\/wp\/v2\/product_tag?post=3543"}],"curies":[{"name":"wp","href":"https:\/\/api.w.org\/{rel}","templated":true}]}}