{"id":3545,"date":"2022-11-28T14:23:14","date_gmt":"2022-11-28T11:23:14","guid":{"rendered":"http:\/\/timeksyalitim.com.tr\/home\/?post_type=product&#038;p=3545"},"modified":"2022-11-28T14:26:06","modified_gmt":"2022-11-28T11:26:06","slug":"weber-latex","status":"publish","type":"product","link":"https:\/\/timeksyalitim.com.tr\/home\/product\/weber-latex\/","title":{"rendered":"Weber Latex"},"content":{"rendered":"<p><b>weber latex<\/b>, y\u00fcksek nitelikli s\u0131va ve har\u00e7 elde etmek, su ge\u00e7irimsizli\u011fi ve elastikiyeti artt\u0131rmak amac\u0131yla kullan\u0131lan \u00f6zel katk\u0131 malzemesidir.<\/p>\n<p>S\u0131valar\u0131n, d\u00f6\u015feme \u015faplar\u0131n\u0131n mukavemetini ve su ge\u00e7irimsizli\u011fini artt\u0131rmada; a\u015f\u0131nmaya dayan\u0131ml\u0131 \u015fap haz\u0131rlanmas\u0131nda; p\u00fcr\u00fczs\u00fcz zeminlerde s\u0131van\u0131n daha iyi yap\u0131\u015fmas\u0131 i\u00e7in serpme s\u0131va yap\u0131m\u0131nda.<\/p>\n<p><strong>\u00dcr\u00fcn Bilgileri<\/strong><\/p>\n<ul>\n<li>Uygulama aletleri: Posteki rulo<\/li>\n<li>Ortam s\u0131cakl\u0131\u011f\u0131: +5<sup>o<\/sup>C ile +35<sup>o<\/sup>C aras\u0131.<\/li>\n<\/ul>\n<p><strong>Avantajlar\u0131<\/strong><\/p>\n<ul>\n<li>Elastikiyet ve k\u0131vam kazand\u0131rma<\/li>\n<li>Su ge\u00e7irimsizli\u011fi art\u0131rma<\/li>\n<\/ul>\n<p>&nbsp;<\/p>\n","protected":false},"excerpt":{"rendered":"<p>weber latex, y\u00fcksek nitelikli s\u0131va ve har\u00e7 elde etmek, su ge\u00e7irimsizli\u011fi ve elastikiyeti artt\u0131rmak amac\u0131yla kullan\u0131lan \u00f6zel katk\u0131 malzemesidir. S\u0131valar\u0131n, d\u00f6\u015feme \u015faplar\u0131n\u0131n mukavemetini ve su ge\u00e7irimsizli\u011fini artt\u0131rmada; a\u015f\u0131nmaya dayan\u0131ml\u0131 \u015fap haz\u0131rlanmas\u0131nda; p\u00fcr\u00fczs\u00fcz zeminlerde s\u0131van\u0131n daha iyi yap\u0131\u015fmas\u0131 i\u00e7in serpme s\u0131va yap\u0131m\u0131nda. \u00dcr\u00fcn Bilgileri Uygulama aletleri: Posteki rulo Ortam s\u0131cakl\u0131\u011f\u0131: +5oC ile +35oC aras\u0131. Avantajlar\u0131 Elastikiyet [&hellip;]<\/p>\n","protected":false},"featured_media":3546,"comment_status":"open","ping_status":"closed","template":"","meta":[],"product_brand":[],"product_cat":[224],"product_tag":[429],"class_list":{"0":"post-3545","1":"product","2":"type-product","3":"status-publish","4":"has-post-thumbnail","6":"product_cat-harclar","7":"product_tag-weber-latex","9":"first","10":"instock","11":"taxable","12":"shipping-taxable","13":"product-type-simple"},"_links":{"self":[{"href":"https:\/\/timeksyalitim.com.tr\/home\/wp-json\/wp\/v2\/product\/3545","targetHints":{"allow":["GET"]}}],"collection":[{"href":"https:\/\/timeksyalitim.com.tr\/home\/wp-json\/wp\/v2\/product"}],"about":[{"href":"https:\/\/timeksyalitim.com.tr\/home\/wp-json\/wp\/v2\/types\/product"}],"replies":[{"embeddable":true,"href":"https:\/\/timeksyalitim.com.tr\/home\/wp-json\/wp\/v2\/comments?post=3545"}],"wp:featuredmedia":[{"embeddable":true,"href":"https:\/\/timeksyalitim.com.tr\/home\/wp-json\/wp\/v2\/media\/3546"}],"wp:attachment":[{"href":"https:\/\/timeksyalitim.com.tr\/home\/wp-json\/wp\/v2\/media?parent=3545"}],"wp:term":[{"taxonomy":"product_brand","embeddable":true,"href":"https:\/\/timeksyalitim.com.tr\/home\/wp-json\/wp\/v2\/product_brand?post=3545"},{"taxonomy":"product_cat","embeddable":true,"href":"https:\/\/timeksyalitim.com.tr\/home\/wp-json\/wp\/v2\/product_cat?post=3545"},{"taxonomy":"product_tag","embeddable":true,"href":"https:\/\/timeksyalitim.com.tr\/home\/wp-json\/wp\/v2\/product_tag?post=3545"}],"curies":[{"name":"wp","href":"https:\/\/api.w.org\/{rel}","templated":true}]}}