{"id":3555,"date":"2022-11-28T15:10:50","date_gmt":"2022-11-28T12:10:50","guid":{"rendered":"http:\/\/timeksyalitim.com.tr\/home\/?post_type=product&#038;p=3555"},"modified":"2022-11-28T15:12:59","modified_gmt":"2022-11-28T12:12:59","slug":"weber-min-p-15","status":"publish","type":"product","link":"https:\/\/timeksyalitim.com.tr\/home\/product\/weber-min-p-15\/","title":{"rendered":"Weber Min P 1,5"},"content":{"rendered":"<p>\u00c7imento esasl\u0131, lif takviyeli, orta tekst\u00fcrl\u00fc dekoratif d\u0131\u015f cephe kaplamas\u0131.<\/p>\n<p>T\u00fcm yap\u0131lar\u0131n d\u0131\u015f cephelerinde ve d\u0131\u015f cephe \u0131s\u0131 yal\u0131t\u0131m\u00a0sistemleri \u00fczerinde son kat kaplama malzemesi olarak kullan\u0131l\u0131r.<\/p>\n<p><strong>Uygulama alan\u0131<\/strong><\/p>\n<ul>\n<li>Duvar<\/li>\n<\/ul>\n<p><strong>\u00dcr\u00fcn Bilgileri<\/strong><\/p>\n<ul>\n<li>Uygulama aletleri: \u00c7elik mala, plastik mala<\/li>\n<li>Ortam s\u0131cakl\u0131\u011f\u0131: +5\u00b0C ile +30\u00b0C aras\u0131<\/li>\n<li>Harc\u0131n dinlendirilme s\u00fcresi: 5 dakika<\/li>\n<li>Haz\u0131rlanan harc\u0131n kullan\u0131labilme s\u00fcresi: 3-4 saat<\/li>\n<li>Uygulama kal\u0131nl\u0131\u011f\u0131: 1,5 mm<\/li>\n<\/ul>\n<p><strong>Avantajlar\u0131<\/strong><\/p>\n<ul>\n<li>Y\u00fcksek su buhar\u0131 ge\u00e7irgenli\u011fi sayesinde y\u00fczeylerin nefes almas\u0131na olanak tan\u0131r.<\/li>\n<li>Lif takviyeli yap\u0131s\u0131 sayesinde d\u0131\u015f etkilere kar\u015f\u0131 dayan\u0131kl\u0131d\u0131r, binay\u0131 uzun y\u0131llar korur.<\/li>\n<li>Suya ve donmaya kar\u015f\u0131 dayan\u0131m\u0131 y\u00fcksektir.<\/li>\n<li>Yan\u0131c\u0131 de\u011fildir.<\/li>\n<li>Do\u011fal ve dekoratif bir g\u00f6r\u00fcn\u00fcme sahiptir.<\/li>\n<li>Kolay uygulan\u0131r, d\u0131\u015f cephe boyalar\u0131 ile boyanabilir.<\/li>\n<\/ul>\n<p><strong>Uyar\u0131lar ve \u00d6neriler<\/strong><\/p>\n<ul>\n<li>Yatay ve 45 derecenin alt\u0131nda e\u011fimli y\u00fczeylerde uygulanmaz.<\/li>\n<li>Direkt tu\u011fla ve gazbeton \u00fczerine ve zay\u0131f s\u0131val\u0131 y\u00fczeylerde uygulanmaz.<\/li>\n<\/ul>\n","protected":false},"excerpt":{"rendered":"<p>\u00c7imento esasl\u0131, lif takviyeli, orta tekst\u00fcrl\u00fc dekoratif d\u0131\u015f cephe kaplamas\u0131.<\/p>\n","protected":false},"featured_media":3556,"comment_status":"open","ping_status":"closed","template":"","meta":[],"product_brand":[],"product_cat":[225],"product_tag":[434],"class_list":{"0":"post-3555","1":"product","2":"type-product","3":"status-publish","4":"has-post-thumbnail","6":"product_cat-cephe-kaplamalari","7":"product_tag-weber-min-p-1-5","9":"first","10":"instock","11":"taxable","12":"shipping-taxable","13":"product-type-simple"},"_links":{"self":[{"href":"https:\/\/timeksyalitim.com.tr\/home\/wp-json\/wp\/v2\/product\/3555","targetHints":{"allow":["GET"]}}],"collection":[{"href":"https:\/\/timeksyalitim.com.tr\/home\/wp-json\/wp\/v2\/product"}],"about":[{"href":"https:\/\/timeksyalitim.com.tr\/home\/wp-json\/wp\/v2\/types\/product"}],"replies":[{"embeddable":true,"href":"https:\/\/timeksyalitim.com.tr\/home\/wp-json\/wp\/v2\/comments?post=3555"}],"wp:featuredmedia":[{"embeddable":true,"href":"https:\/\/timeksyalitim.com.tr\/home\/wp-json\/wp\/v2\/media\/3556"}],"wp:attachment":[{"href":"https:\/\/timeksyalitim.com.tr\/home\/wp-json\/wp\/v2\/media?parent=3555"}],"wp:term":[{"taxonomy":"product_brand","embeddable":true,"href":"https:\/\/timeksyalitim.com.tr\/home\/wp-json\/wp\/v2\/product_brand?post=3555"},{"taxonomy":"product_cat","embeddable":true,"href":"https:\/\/timeksyalitim.com.tr\/home\/wp-json\/wp\/v2\/product_cat?post=3555"},{"taxonomy":"product_tag","embeddable":true,"href":"https:\/\/timeksyalitim.com.tr\/home\/wp-json\/wp\/v2\/product_tag?post=3555"}],"curies":[{"name":"wp","href":"https:\/\/api.w.org\/{rel}","templated":true}]}}