{"id":3561,"date":"2022-11-28T15:38:51","date_gmt":"2022-11-28T12:38:51","guid":{"rendered":"http:\/\/timeksyalitim.com.tr\/home\/?post_type=product&#038;p=3561"},"modified":"2022-11-28T15:41:05","modified_gmt":"2022-11-28T12:41:05","slug":"weber-prim-c-300","status":"publish","type":"product","link":"https:\/\/timeksyalitim.com.tr\/home\/product\/weber-prim-c-300\/","title":{"rendered":"Weber Prim C 300"},"content":{"rendered":"<p>Silan siloksan em\u00fclsiyon esasl\u0131 haz\u0131r d\u0131\u015f cephe astar\u0131.<\/p>\n<p>Yap\u0131lar\u0131n d\u0131\u015f cephelerinde \u00f6zellikle eski ve tozuyan y\u00fczeylerde, tozumay\u0131 engellemek ve aderans\u0131 artt\u0131rmak amac\u0131yla astar olarak kullan\u0131l\u0131r.<\/p>\n<p><strong>Uygulama alan\u0131<\/strong><\/p>\n<ul>\n<li>Duvar<\/li>\n<\/ul>\n<p><strong>\u00dcr\u00fcn Bilgileri<\/strong><\/p>\n<ul>\n<li>Uygulama Aletleri: Posteki rulo,f\u0131r\u00e7a.<\/li>\n<li>Ortam s\u0131cakl\u0131\u011f\u0131 0 \u00b0C ile +30 \u00b0C aras\u0131 olmal\u0131d\u0131r.<\/li>\n<li>Kuruma s\u00fcresi : Min. 6 saat.<\/li>\n<\/ul>\n<p><strong>Avantajlar\u0131<\/strong><\/p>\n<ul>\n<li>Alkali ve tuz etkisine kar\u015f\u0131 dayan\u0131kl\u0131d\u0131r.<\/li>\n<li>Eski y\u00fczeylerin g\u00fc\u00e7lendirilmesi ve haz\u0131rlanmas\u0131na olanak sa\u011flar.<\/li>\n<\/ul>\n<p><strong>Uyar\u0131lar ve \u00d6neriler<\/strong><\/p>\n<ul>\n<li>Islak ve nemli y\u00fczeylerde kesinlikle uygulanmaz.<\/li>\n<\/ul>\n","protected":false},"excerpt":{"rendered":"<p>Silan siloksan em\u00fclsiyon esasl\u0131 haz\u0131r d\u0131\u015f cephe astar\u0131.<\/p>\n","protected":false},"featured_media":3562,"comment_status":"open","ping_status":"closed","template":"","meta":[],"product_brand":[],"product_cat":[239],"product_tag":[437],"class_list":{"0":"post-3561","1":"product","2":"type-product","3":"status-publish","4":"has-post-thumbnail","6":"product_cat-astarlar-2","7":"product_tag-weber-prim-c-300","9":"first","10":"instock","11":"taxable","12":"shipping-taxable","13":"product-type-simple"},"_links":{"self":[{"href":"https:\/\/timeksyalitim.com.tr\/home\/wp-json\/wp\/v2\/product\/3561","targetHints":{"allow":["GET"]}}],"collection":[{"href":"https:\/\/timeksyalitim.com.tr\/home\/wp-json\/wp\/v2\/product"}],"about":[{"href":"https:\/\/timeksyalitim.com.tr\/home\/wp-json\/wp\/v2\/types\/product"}],"replies":[{"embeddable":true,"href":"https:\/\/timeksyalitim.com.tr\/home\/wp-json\/wp\/v2\/comments?post=3561"}],"wp:featuredmedia":[{"embeddable":true,"href":"https:\/\/timeksyalitim.com.tr\/home\/wp-json\/wp\/v2\/media\/3562"}],"wp:attachment":[{"href":"https:\/\/timeksyalitim.com.tr\/home\/wp-json\/wp\/v2\/media?parent=3561"}],"wp:term":[{"taxonomy":"product_brand","embeddable":true,"href":"https:\/\/timeksyalitim.com.tr\/home\/wp-json\/wp\/v2\/product_brand?post=3561"},{"taxonomy":"product_cat","embeddable":true,"href":"https:\/\/timeksyalitim.com.tr\/home\/wp-json\/wp\/v2\/product_cat?post=3561"},{"taxonomy":"product_tag","embeddable":true,"href":"https:\/\/timeksyalitim.com.tr\/home\/wp-json\/wp\/v2\/product_tag?post=3561"}],"curies":[{"name":"wp","href":"https:\/\/api.w.org\/{rel}","templated":true}]}}