{"id":3563,"date":"2022-11-28T15:42:41","date_gmt":"2022-11-28T12:42:41","guid":{"rendered":"http:\/\/timeksyalitim.com.tr\/home\/?post_type=product&#038;p=3563"},"modified":"2022-11-28T15:44:40","modified_gmt":"2022-11-28T12:44:40","slug":"weber-prim-ep-2k","status":"publish","type":"product","link":"https:\/\/timeksyalitim.com.tr\/home\/product\/weber-prim-ep-2k\/","title":{"rendered":"Weber Prim EP 2K"},"content":{"rendered":"<p>Epoksi esasl\u0131, su ile seyretilebilen, \u00e7ift bile\u015fenli \u015feffaf astar<\/p>\n<p>\u00d6zellikle poli\u00fcretan su yal\u0131t\u0131m\u0131 ve mastik ayr\u0131ca genel su yal\u0131t\u0131m\u0131 uygulamalar\u0131 \u00f6ncesinde \u00f6zellikle emici olmayan ve emici y\u00fczeyler i\u00e7in y\u00fcksek performansl\u0131 astar olarak kullan\u0131l\u0131r.\u00d6te yandan nemli beton y\u00fczeylerde \u00f6zellikle poli\u00fcretan su yal\u0131t\u0131m\u0131 ve mastik uygulamas\u0131 \u00f6ncesinde astar olarak kullan\u0131l\u0131r.<\/p>\n<ul>\n<li>Kimyasallara Dayan\u0131m<\/li>\n<\/ul>\n<p><strong>Uygulama alan\u0131<\/strong><\/p>\n<ul>\n<li>Duvar<\/li>\n<li>Zemin<\/li>\n<\/ul>\n<p><strong>\u00dcr\u00fcn Bilgileri<\/strong><\/p>\n<ul>\n<li>Uygulama aletleri: F\u0131r\u00e7a, rulo, mikser<\/li>\n<li>Y\u00fczey ve ortam s\u0131cakl\u0131\u011f\u0131 +5 \u00b0C ile +35 \u00b0C aras\u0131 olmal\u0131d\u0131r.<\/li>\n<li>Kar\u0131\u015f\u0131m Oran\u0131:<br \/>\nA bile\u015feni : Epoksi Re\u00e7ine 3 birim<br \/>\nB bile\u015feni : Sertle\u015ftirici 1 birim<\/li>\n<li>Kullan\u0131labilme s\u00fcresi : 45 dakika<\/li>\n<li>Uygulanabilecek kat adeti : 1-2 kat<\/li>\n<li>Sonraki kat icin bekleme s\u00fcresi: 6-10 saat; en fazla 24 saat<\/li>\n<li>Tam k\u00fcrlenme s\u00fcresi : 7 g\u00fcn<\/li>\n<\/ul>\n<p><strong>Avantajlar\u0131<\/strong><\/p>\n<ul>\n<li>Emici olan ve olmayan y\u00fczeylerde y\u00fcksek aderans<\/li>\n<li>Nemli y\u00fczeylerde poli\u00fcretan su yal\u0131t\u0131m\u0131 ve mastik uygulamas\u0131\u00a0\u00f6ncesi m\u00fckemmel haz\u0131rl\u0131k<\/li>\n<li>Su ile seyreltilerek k\u0131vam\u0131n ayarlanabilmesi<\/li>\n<li>Kimyasal dayan\u0131ml\u0131 olmas\u0131<\/li>\n<\/ul>\n<p><strong>Uyar\u0131lar ve \u00d6neriler<\/strong><\/p>\n<ul>\n<li>\u0130deal uygulama i\u00e7in y\u00fczey nem oran\u203a %7\u2019den fazla\u00a0olmamal\u0131d\u0131r.<\/li>\n<li>\u0130deal bir uygulama i\u00e7in y\u00fczey basma dayan\u0131m\u0131 en az 25\u00a0MPa, yap\u0131\u015fma\u00a0dayan\u0131m\u0131\u00a0ise 1,5 MPa olmal\u0131d\u0131r.<\/li>\n<li>\u00dcr\u00fcn kar\u0131\u015ft\u0131rma esnas\u0131nda ambalaj kenar ve diplerinde\u00a0kar\u0131\u015fmayan \u00fcr\u00fcn bile\u015fenleri olmamas\u0131na \u00f6zen g\u00f6sterilmelidir.<\/li>\n<li><b>weberprim EP 2K<\/b>\u00a0uygulamas\u0131 k\u0131r\u0131lgan y\u00fczeye sahip hafif\u00a0beton ve benzeri \u00e7imento esasl\u0131 y\u00fczeylerde \u00e7ift kat\u00a0olarak yap\u0131lmal\u0131d\u0131r.<\/li>\n<\/ul>\n","protected":false},"excerpt":{"rendered":"<p>Epoksi esasl\u0131, su ile seyretilebilen, \u00e7ift bile\u015fenli \u015feffaf astar<\/p>\n","protected":false},"featured_media":3564,"comment_status":"open","ping_status":"closed","template":"","meta":[],"product_brand":[],"product_cat":[239],"product_tag":[438],"class_list":{"0":"post-3563","1":"product","2":"type-product","3":"status-publish","4":"has-post-thumbnail","6":"product_cat-astarlar-2","7":"product_tag-weber-prim-ep-2k","9":"first","10":"instock","11":"taxable","12":"shipping-taxable","13":"product-type-simple"},"_links":{"self":[{"href":"https:\/\/timeksyalitim.com.tr\/home\/wp-json\/wp\/v2\/product\/3563","targetHints":{"allow":["GET"]}}],"collection":[{"href":"https:\/\/timeksyalitim.com.tr\/home\/wp-json\/wp\/v2\/product"}],"about":[{"href":"https:\/\/timeksyalitim.com.tr\/home\/wp-json\/wp\/v2\/types\/product"}],"replies":[{"embeddable":true,"href":"https:\/\/timeksyalitim.com.tr\/home\/wp-json\/wp\/v2\/comments?post=3563"}],"wp:featuredmedia":[{"embeddable":true,"href":"https:\/\/timeksyalitim.com.tr\/home\/wp-json\/wp\/v2\/media\/3564"}],"wp:attachment":[{"href":"https:\/\/timeksyalitim.com.tr\/home\/wp-json\/wp\/v2\/media?parent=3563"}],"wp:term":[{"taxonomy":"product_brand","embeddable":true,"href":"https:\/\/timeksyalitim.com.tr\/home\/wp-json\/wp\/v2\/product_brand?post=3563"},{"taxonomy":"product_cat","embeddable":true,"href":"https:\/\/timeksyalitim.com.tr\/home\/wp-json\/wp\/v2\/product_cat?post=3563"},{"taxonomy":"product_tag","embeddable":true,"href":"https:\/\/timeksyalitim.com.tr\/home\/wp-json\/wp\/v2\/product_tag?post=3563"}],"curies":[{"name":"wp","href":"https:\/\/api.w.org\/{rel}","templated":true}]}}