{"id":3565,"date":"2022-11-28T15:45:33","date_gmt":"2022-11-28T12:45:33","guid":{"rendered":"http:\/\/timeksyalitim.com.tr\/home\/?post_type=product&#038;p=3565"},"modified":"2022-11-28T15:51:50","modified_gmt":"2022-11-28T12:51:50","slug":"weber-prim-uv","status":"publish","type":"product","link":"https:\/\/timeksyalitim.com.tr\/home\/product\/weber-prim-uv\/","title":{"rendered":"Weber Prim UV"},"content":{"rendered":"<p>UV dayan\u0131m\u0131na yard\u0131mc\u0131 d\u0131\u015f cephe astar\u0131.<\/p>\n<p>Yap\u0131lar\u0131n d\u0131\u015f cephelerinde \u00f6zellikle emicili\u011fi y\u00fcksek y\u00fczeylerde, webertex UV grubu boyalar\u0131n ve d\u0131\u015f cephe kaplamalar\u0131n\u0131n alt\u0131nda, aderans\u0131 artt\u0131rmak, son kat boya ve kaplama t\u00fcketimini azaltmak amac\u0131yla astar olarak kullan\u0131l\u0131r.<\/p>\n<ul>\n<li>UV Dayan\u0131m\u0131<\/li>\n<\/ul>\n<p><strong>Uygulama alan\u0131<\/strong><\/p>\n<ul>\n<li>Duvar<\/li>\n<\/ul>\n<p>Renk se\u00e7enekleri i\u00e7in bizimle ileti\u015fime ge\u00e7in.<\/p>\n<p><strong>\u00dcr\u00fcn Bilgileri<\/strong><\/p>\n<ul>\n<li>Uygulama Aletleri: Posteki rulo,f\u0131r\u00e7a.<\/li>\n<li>Ortam s\u0131cakl\u0131\u011f\u0131 5\u00b0C ile +30 \u00b0C aras\u0131 olmal\u0131d\u0131r.<\/li>\n<li>Kuruma s\u00fcresi : Min. 12 saat.<\/li>\n<\/ul>\n<p><strong>Avantajlar\u0131<\/strong><\/p>\n<ul>\n<li>Yap\u0131lar\u0131n d\u0131\u015f cephelerinde\u00a0<b>webertex UV<\/b>\u00a0grubu boyalar\u0131n ve d\u0131\u015f cephe kaplamalar\u0131n\u0131n alt\u0131nda aderans\u0131 art\u0131rmak, son kat boya ve kaplama t\u00fcketimini azaltmak amac\u0131yla astar olarak kullan\u0131l\u0131r.<\/li>\n<\/ul>\n<p><strong>Uyar\u0131lar ve \u00d6neriler<\/strong><\/p>\n<ul>\n<li>\u00a0Islak, nemli ve tozlu y\u00fczeylerde kesinlikle uygulanmaz.<\/li>\n<li>\u00a0Ah\u015fap ve metal y\u00fczeylerde uygulanmaz.<\/li>\n<li>\u00a0Do\u011frudan duvar ka\u011f\u0131d\u0131 \u00fczerine uygulanmaz.<\/li>\n<\/ul>\n","protected":false},"excerpt":{"rendered":"<p>UV dayan\u0131m\u0131na yard\u0131mc\u0131 d\u0131\u015f cephe astar\u0131.<\/p>\n","protected":false},"featured_media":3569,"comment_status":"open","ping_status":"closed","template":"","meta":[],"product_brand":[],"product_cat":[239],"product_tag":[439],"class_list":{"0":"post-3565","1":"product","2":"type-product","3":"status-publish","4":"has-post-thumbnail","6":"product_cat-astarlar-2","7":"product_tag-weber-prim-uv","9":"first","10":"instock","11":"taxable","12":"shipping-taxable","13":"product-type-simple"},"_links":{"self":[{"href":"https:\/\/timeksyalitim.com.tr\/home\/wp-json\/wp\/v2\/product\/3565","targetHints":{"allow":["GET"]}}],"collection":[{"href":"https:\/\/timeksyalitim.com.tr\/home\/wp-json\/wp\/v2\/product"}],"about":[{"href":"https:\/\/timeksyalitim.com.tr\/home\/wp-json\/wp\/v2\/types\/product"}],"replies":[{"embeddable":true,"href":"https:\/\/timeksyalitim.com.tr\/home\/wp-json\/wp\/v2\/comments?post=3565"}],"wp:featuredmedia":[{"embeddable":true,"href":"https:\/\/timeksyalitim.com.tr\/home\/wp-json\/wp\/v2\/media\/3569"}],"wp:attachment":[{"href":"https:\/\/timeksyalitim.com.tr\/home\/wp-json\/wp\/v2\/media?parent=3565"}],"wp:term":[{"taxonomy":"product_brand","embeddable":true,"href":"https:\/\/timeksyalitim.com.tr\/home\/wp-json\/wp\/v2\/product_brand?post=3565"},{"taxonomy":"product_cat","embeddable":true,"href":"https:\/\/timeksyalitim.com.tr\/home\/wp-json\/wp\/v2\/product_cat?post=3565"},{"taxonomy":"product_tag","embeddable":true,"href":"https:\/\/timeksyalitim.com.tr\/home\/wp-json\/wp\/v2\/product_tag?post=3565"}],"curies":[{"name":"wp","href":"https:\/\/api.w.org\/{rel}","templated":true}]}}