{"id":3578,"date":"2022-11-28T16:17:39","date_gmt":"2022-11-28T13:17:39","guid":{"rendered":"http:\/\/timeksyalitim.com.tr\/home\/?post_type=product&#038;p=3578"},"modified":"2022-11-28T16:20:49","modified_gmt":"2022-11-28T13:20:49","slug":"weber-rep-hks","status":"publish","type":"product","link":"https:\/\/timeksyalitim.com.tr\/home\/product\/weber-rep-hks\/","title":{"rendered":"Weber Rep HKS"},"content":{"rendered":"<p>\u00c7imento esasl\u0131, y\u00fcksek mukavemetli, polimer ve elyaf katk\u0131l\u0131, s\u00fclfat ve klor dayan\u0131ml\u0131, su ge\u00e7irimsiz yap\u0131sal tamir harc\u0131 (R4)<\/p>\n<p>T\u00fcm yap\u0131lar\u0131n i\u00e7 ve d\u0131\u015f cephelerinde \u00f6zellikle s\u00fclfat veya klor dayan\u0131m\u0131 istenen toprak alt\u0131, toprak \u00fcst\u00fc, su alt\u0131 zeminlerde;\u00a0su yal\u0131t\u0131m\u0131 veya son kaplama \u00f6ncesi pah uygulanmas\u0131, tamiri, y\u00fczey d\u00fczeltmesinde;donat\u0131 demirlerinin a\u015f\u0131nd\u0131rmas\u0131 sonucu zarar g\u00f6rm\u00fc\u015f, betonlar\u0131n ve\u00a0donat\u0131lar\u0131n onar\u0131m\u0131nda\u00a0<b>weberep AD<\/b>\u00a0ile birlikte kullan\u0131l\u0131r.<\/p>\n<ul>\n<li>Kimyasallara Dayan\u0131m<\/li>\n<\/ul>\n<p><strong>Uygulama alan\u0131<\/strong><\/p>\n<ul>\n<li>Zemin<\/li>\n<li>Duvar<\/li>\n<li>Tavan<\/li>\n<\/ul>\n<p><strong>\u00dcr\u00fcn Bilgileri<\/strong><\/p>\n<ul>\n<li>Uygulama Aletleri: El mikseri, \u00e7elik mala, pah malas\u0131, perdah malas\u0131, \u00e7elik tel f\u0131r\u00e7a.<\/li>\n<li>Ortam s\u0131cakl\u0131\u011f\u0131: +5 \u00b0C ile +30 \u00b0C aras\u0131.<\/li>\n<li>Kullan\u0131labilme s\u00fcresi: Yakla\u015f\u0131k 25 dak.<\/li>\n<li>Uygulama kal\u0131nl\u0131\u011f\u0131: min. 5 mm max. 40 mm (lokal tamirler i\u00e7in)<\/li>\n<li>Katlar aras\u0131 beklenmesi gereken s\u00fcre: 3 saat<\/li>\n<li>Servise a\u00e7\u0131lma s\u00fcresi: Yakla\u015f\u0131k 24 saat<\/li>\n<li>Tam k\u00fcrlenme s\u00fcresi: 28 g\u00fcn<\/li>\n<\/ul>\n<p><strong>Avantajlar\u0131<\/strong><\/p>\n<ul>\n<li>Uyguland\u0131ktan \u00e7ok k\u0131sa zaman sonra y\u00fcksek aderans ve dayan\u0131kl\u0131l\u0131k<\/li>\n<li>Su yal\u0131t\u0131m uygulamalar\u0131 \u00f6ncesinde su ge\u00e7irimsiz ve y\u00fcksek mukavemetli pah uygulanmas\u0131 ve y\u00fczey d\u00fczeltme yap\u0131lmas\u0131na imkan\u0131<\/li>\n<li>Y\u00fcksek dayan\u0131ml\u0131 beton elemanlar\u0131n y\u00fczey tamiri ve tesviyesi<\/li>\n<li>Tie-rod bo\u015fluklar\u0131n\u0131 doldurma imkan\u0131<\/li>\n<li>Tiksotropik \u00f6zellik<\/li>\n<\/ul>\n<p><strong>Uyar\u0131lar ve \u00d6neriler<\/strong><\/p>\n<ul>\n<li>Al\u00e7\u0131,eski boyal\u0131 y\u00fczey,gazbeton,ta\u015f ve ta\u015f duvar \u00fczerine uygulanmaz.<\/li>\n<\/ul>\n","protected":false},"excerpt":{"rendered":"<p>\u00c7imento esasl\u0131, y\u00fcksek mukavemetli, polimer ve elyaf katk\u0131l\u0131, s\u00fclfat ve klor dayan\u0131ml\u0131, su ge\u00e7irimsiz yap\u0131sal tamir harc\u0131 (R4)<\/p>\n","protected":false},"featured_media":3579,"comment_status":"open","ping_status":"closed","template":"","meta":[],"product_brand":[],"product_cat":[224],"product_tag":[445],"class_list":{"0":"post-3578","1":"product","2":"type-product","3":"status-publish","4":"has-post-thumbnail","6":"product_cat-harclar","7":"product_tag-weber-rep-hks","9":"first","10":"instock","11":"taxable","12":"shipping-taxable","13":"product-type-simple"},"_links":{"self":[{"href":"https:\/\/timeksyalitim.com.tr\/home\/wp-json\/wp\/v2\/product\/3578","targetHints":{"allow":["GET"]}}],"collection":[{"href":"https:\/\/timeksyalitim.com.tr\/home\/wp-json\/wp\/v2\/product"}],"about":[{"href":"https:\/\/timeksyalitim.com.tr\/home\/wp-json\/wp\/v2\/types\/product"}],"replies":[{"embeddable":true,"href":"https:\/\/timeksyalitim.com.tr\/home\/wp-json\/wp\/v2\/comments?post=3578"}],"wp:featuredmedia":[{"embeddable":true,"href":"https:\/\/timeksyalitim.com.tr\/home\/wp-json\/wp\/v2\/media\/3579"}],"wp:attachment":[{"href":"https:\/\/timeksyalitim.com.tr\/home\/wp-json\/wp\/v2\/media?parent=3578"}],"wp:term":[{"taxonomy":"product_brand","embeddable":true,"href":"https:\/\/timeksyalitim.com.tr\/home\/wp-json\/wp\/v2\/product_brand?post=3578"},{"taxonomy":"product_cat","embeddable":true,"href":"https:\/\/timeksyalitim.com.tr\/home\/wp-json\/wp\/v2\/product_cat?post=3578"},{"taxonomy":"product_tag","embeddable":true,"href":"https:\/\/timeksyalitim.com.tr\/home\/wp-json\/wp\/v2\/product_tag?post=3578"}],"curies":[{"name":"wp","href":"https:\/\/api.w.org\/{rel}","templated":true}]}}