{"id":3580,"date":"2022-11-28T16:21:26","date_gmt":"2022-11-28T13:21:26","guid":{"rendered":"http:\/\/timeksyalitim.com.tr\/home\/?post_type=product&#038;p=3580"},"modified":"2022-11-28T16:23:14","modified_gmt":"2022-11-28T13:23:14","slug":"weber-rep-ma-200","status":"publish","type":"product","link":"https:\/\/timeksyalitim.com.tr\/home\/product\/weber-rep-ma-200\/","title":{"rendered":"Weber Rep MA 200"},"content":{"rendered":"<p>\u00c7imento esasl\u0131, y\u00fcksek mukavemetli, polimer ve elyaf katk\u0131l\u0131, su ge\u00e7irimsiz yap\u0131sal tamir harc\u0131 (R3)<\/p>\n<p>T\u00fcm yap\u0131lar\u0131n i\u00e7 ve d\u0131\u015f cephelerinde toprak alt\u0131,\u00a0toprak \u00fcst\u00fc, su alt\u0131 zeminlerinde; su yal\u0131t\u0131m\u0131 veya\u00a0son kaplama \u00f6ncesi pah uygulamas\u0131, tamiri, y\u00fczey\u00a0d\u00fczeltmesinde; donat\u0131 demirlerin a\u015f\u0131nd\u0131rmas\u0131 sonucu\u00a0zarar g\u00f6rm\u00fc\u015f betonlar\u0131n ve donat\u0131lar\u0131n onar\u0131m\u0131nda\u00a0<b>weberep AD<\/b>\u00a0ile kullan\u0131l\u0131r.<\/p>\n<p><strong>Uygulama alan\u0131<\/strong><\/p>\n<ul>\n<li>Zemin<\/li>\n<li>Duvar<\/li>\n<li>Tavan<\/li>\n<\/ul>\n<p><strong>\u00dcr\u00fcn Bilgileri<\/strong><\/p>\n<ul>\n<li>Uygulama Aletleri: El mikseri, \u00e7elik mala, pah malas\u0131, perdah malas\u0131, \u00e7elik tel f\u0131r\u00e7a.<\/li>\n<li>Ortam s\u0131cakl\u0131\u011f\u0131: +5 \u00b0C ile +30 \u00b0C aras\u0131.<\/li>\n<li>Kullan\u0131labilme s\u00fcresi: Yakla\u015f\u0131k 40 dk<\/li>\n<li>Uygulama kal\u0131nl\u0131\u011f\u0131: Min 5 mm Max 40 mm ( lokal tamirler i\u00e7in )<\/li>\n<li>Katlar aras\u0131 beklenmesi gereken s\u00fcre: 4,5 saat<\/li>\n<li>Servise a\u00e7\u0131lma s\u00fcresi: yakla\u015f\u0131k 36 saat<\/li>\n<li>Tam k\u00fcrlenme s\u00fcresi: 28 g\u00fcn<\/li>\n<\/ul>\n<p><strong>Avantajlar\u0131<\/strong><\/p>\n<ul>\n<li>Uyguland\u0131ktan k\u0131sa zaman sonra y\u00fcksek aderans ve dayan\u0131kl\u0131l\u0131k<\/li>\n<li>Su yal\u0131t\u0131m uygulamalar\u0131 \u00f6ncesinde su ge\u00e7irimsiz ve \u00a0y\u00fcksek mukavemetli pah uygulanmas\u0131 ve y\u00fczey d\u00fczeltme yap\u0131lmas\u0131 imkan\u0131<\/li>\n<li>Y\u00fcksek dayan\u0131ml\u0131 beton elemanlar\u0131n y\u00fczey tamiri ve tesviyesi<\/li>\n<li>Tie-rod bo\u015fluklar\u0131n\u0131 doldurma imkan\u0131<\/li>\n<li>Tiksotropik \u00f6zellik<\/li>\n<\/ul>\n<p><strong>Uyar\u0131lar ve \u00d6neriler<\/strong><\/p>\n<ul>\n<li>Al\u00e7\u0131, eski boyal\u0131 y\u00fczey, gazbeton, ta\u015f ve ta\u015f duvar \u00fczerine uygulanmaz.<\/li>\n<\/ul>\n","protected":false},"excerpt":{"rendered":"<p>\u00c7imento esasl\u0131, y\u00fcksek mukavemetli, polimer ve elyaf katk\u0131l\u0131, su ge\u00e7irimsiz yap\u0131sal tamir harc\u0131 (R3)<\/p>\n","protected":false},"featured_media":3581,"comment_status":"open","ping_status":"closed","template":"","meta":[],"product_brand":[],"product_cat":[224],"product_tag":[446],"class_list":{"0":"post-3580","1":"product","2":"type-product","3":"status-publish","4":"has-post-thumbnail","6":"product_cat-harclar","7":"product_tag-weber-rep-ma-200","9":"first","10":"instock","11":"taxable","12":"shipping-taxable","13":"product-type-simple"},"_links":{"self":[{"href":"https:\/\/timeksyalitim.com.tr\/home\/wp-json\/wp\/v2\/product\/3580","targetHints":{"allow":["GET"]}}],"collection":[{"href":"https:\/\/timeksyalitim.com.tr\/home\/wp-json\/wp\/v2\/product"}],"about":[{"href":"https:\/\/timeksyalitim.com.tr\/home\/wp-json\/wp\/v2\/types\/product"}],"replies":[{"embeddable":true,"href":"https:\/\/timeksyalitim.com.tr\/home\/wp-json\/wp\/v2\/comments?post=3580"}],"wp:featuredmedia":[{"embeddable":true,"href":"https:\/\/timeksyalitim.com.tr\/home\/wp-json\/wp\/v2\/media\/3581"}],"wp:attachment":[{"href":"https:\/\/timeksyalitim.com.tr\/home\/wp-json\/wp\/v2\/media?parent=3580"}],"wp:term":[{"taxonomy":"product_brand","embeddable":true,"href":"https:\/\/timeksyalitim.com.tr\/home\/wp-json\/wp\/v2\/product_brand?post=3580"},{"taxonomy":"product_cat","embeddable":true,"href":"https:\/\/timeksyalitim.com.tr\/home\/wp-json\/wp\/v2\/product_cat?post=3580"},{"taxonomy":"product_tag","embeddable":true,"href":"https:\/\/timeksyalitim.com.tr\/home\/wp-json\/wp\/v2\/product_tag?post=3580"}],"curies":[{"name":"wp","href":"https:\/\/api.w.org\/{rel}","templated":true}]}}