{"id":3592,"date":"2022-11-28T17:07:06","date_gmt":"2022-11-28T14:07:06","guid":{"rendered":"http:\/\/timeksyalitim.com.tr\/home\/?post_type=product&#038;p=3592"},"modified":"2022-11-28T17:09:03","modified_gmt":"2022-11-28T14:09:03","slug":"weber-tec-rm2","status":"publish","type":"product","link":"https:\/\/timeksyalitim.com.tr\/home\/product\/weber-tec-rm2\/","title":{"rendered":"Weber TEC RM2"},"content":{"rendered":"<p>\u00c7imento esasl\u0131, polimer modifiyeli, y\u00fcksek performansa sahip, br\u00fct betonlar i\u00e7in kal\u0131n tamir harc\u0131 (R2)<\/p>\n<p>T\u00fcm yap\u0131lar\u0131n i\u00e7 ve d\u0131\u015f cephelerinde, duvar ve tavanlar\u0131nda beton tamir harc\u0131 olarak kullan\u0131l\u0131r. Ayr\u0131ca granit ve seramik uygulamas\u0131 \u00f6ncesi y\u00fczeylerde tamir s\u0131vas\u0131 olarak da kullan\u0131l\u0131r.<\/p>\n<p><strong>Uygulama alan\u0131<\/strong><\/p>\n<ul>\n<li>Duvar<\/li>\n<li>Tavan<\/li>\n<\/ul>\n<p><strong>\u00dcr\u00fcn Bilgileri<\/strong><\/p>\n<ul>\n<li>Uygulama Aletleri: El mikseri, \u00e7elik mala, perdah malas\u0131, \u00e7elik tel f\u0131r\u00e7a.<\/li>\n<li>Y\u00fczey ve ortam s\u0131cakl\u0131\u011f\u0131: +5 \u00b0C ile +30 \u00b0C aras\u0131.<\/li>\n<li>Kullan\u0131labilme s\u00fcresi: Yakla\u015f\u0131k 60 dk.<\/li>\n<li>Uygulama kal\u0131nl\u0131\u011f\u0131: 5 mm &#8211; 20 mm<\/li>\n<li>Katlar aras\u0131 beklenmesi gereken s\u00fcre: Ortalama 3 saat.<\/li>\n<\/ul>\n<p><strong>Avantajlar\u0131<\/strong><\/p>\n<ul>\n<li>Beton ve s\u0131val\u0131 y\u00fczeylerde m\u00fckemmel aderans<\/li>\n<li>Kolay mastarlanabilen yap\u0131s\u0131yla geni\u015f y\u00fczeylerde uygulama rahatl\u0131\u011f\u0131<\/li>\n<li>Sudan etkilenmeme, iklim \u015fartlar\u0131na m\u00fckemmel diren\u00e7<\/li>\n<li>Beton yap\u0131 elemanlar\u0131nda d\u00fc\u015feyde ve yatayda tamir imkan\u0131<\/li>\n<\/ul>\n<p><strong>Uyar\u0131lar ve \u00d6neriler<\/strong><\/p>\n<ul>\n<li>Al\u00e7\u0131,eski boyal\u0131 y\u00fczey,gazbeton,ta\u015f,ta\u015f duvar \u00fczerine ve i\u00e7i bo\u015f tu\u011fla y\u00fczeylere uygulanmaz.<\/li>\n<\/ul>\n","protected":false},"excerpt":{"rendered":"<p>\u00c7imento esasl\u0131, polimer modifiyeli, y\u00fcksek performansa sahip, br\u00fct betonlar i\u00e7in kal\u0131n tamir harc\u0131 (R2)<\/p>\n","protected":false},"featured_media":3593,"comment_status":"open","ping_status":"closed","template":"","meta":[],"product_brand":[],"product_cat":[224],"product_tag":[452],"class_list":{"0":"post-3592","1":"product","2":"type-product","3":"status-publish","4":"has-post-thumbnail","6":"product_cat-harclar","7":"product_tag-weber-tec-rm2","9":"first","10":"instock","11":"taxable","12":"shipping-taxable","13":"product-type-simple"},"_links":{"self":[{"href":"https:\/\/timeksyalitim.com.tr\/home\/wp-json\/wp\/v2\/product\/3592","targetHints":{"allow":["GET"]}}],"collection":[{"href":"https:\/\/timeksyalitim.com.tr\/home\/wp-json\/wp\/v2\/product"}],"about":[{"href":"https:\/\/timeksyalitim.com.tr\/home\/wp-json\/wp\/v2\/types\/product"}],"replies":[{"embeddable":true,"href":"https:\/\/timeksyalitim.com.tr\/home\/wp-json\/wp\/v2\/comments?post=3592"}],"wp:featuredmedia":[{"embeddable":true,"href":"https:\/\/timeksyalitim.com.tr\/home\/wp-json\/wp\/v2\/media\/3593"}],"wp:attachment":[{"href":"https:\/\/timeksyalitim.com.tr\/home\/wp-json\/wp\/v2\/media?parent=3592"}],"wp:term":[{"taxonomy":"product_brand","embeddable":true,"href":"https:\/\/timeksyalitim.com.tr\/home\/wp-json\/wp\/v2\/product_brand?post=3592"},{"taxonomy":"product_cat","embeddable":true,"href":"https:\/\/timeksyalitim.com.tr\/home\/wp-json\/wp\/v2\/product_cat?post=3592"},{"taxonomy":"product_tag","embeddable":true,"href":"https:\/\/timeksyalitim.com.tr\/home\/wp-json\/wp\/v2\/product_tag?post=3592"}],"curies":[{"name":"wp","href":"https:\/\/api.w.org\/{rel}","templated":true}]}}