{"id":3594,"date":"2022-11-28T17:09:27","date_gmt":"2022-11-28T14:09:27","guid":{"rendered":"http:\/\/timeksyalitim.com.tr\/home\/?post_type=product&#038;p=3594"},"modified":"2022-11-28T17:12:03","modified_gmt":"2022-11-28T14:12:03","slug":"weber-tec-superflex-d-2","status":"publish","type":"product","link":"https:\/\/timeksyalitim.com.tr\/home\/product\/weber-tec-superflex-d-2\/","title":{"rendered":"Weber TEC Superflex D 2"},"content":{"rendered":"<p>Polimer em\u00fclsiyon modifiyeli, \u00e7imento esasl\u0131, iki komponentli, y\u00fcksek elastikiyete sahip, pozitif ve negatif su bas\u0131nc\u0131na kar\u015f\u0131 uygulanabilen, UV dayan\u0131ml\u0131, hava \u015fartlar\u0131ndan ba\u011f\u0131ms\u0131z h\u0131zl\u0131 priz alan su yal\u0131t\u0131m harc\u0131<\/p>\n<p>T\u00fcm yap\u0131lar\u0131n i\u00e7 ve d\u0131\u015f mekanlar\u0131nda, \u00f6zellikle temel ve bodrum duvarlar\u0131, teraslar, su depolar\u0131, y\u00fczme havuzlar\u0131 ve \u0131slak mekanlarda zemin rutubetine, s\u0131z\u0131nt\u0131 sular\u0131na, pozitif ve negatif su bas\u0131nc\u0131na kar\u015f\u0131 yal\u0131t\u0131m malzemesi olarak kullan\u0131l\u0131r.<\/p>\n<ul>\n<li>UV Dayan\u0131m\u0131<\/li>\n<li>S\u00fcper Elastik<\/li>\n<li>Son Kat Olarak B\u0131rak\u0131labilen<\/li>\n<\/ul>\n<p><strong>Uygulama alan\u0131<\/strong><\/p>\n<ul>\n<li>Duvar<\/li>\n<li>Zemin<\/li>\n<\/ul>\n<p><strong>\u00dcr\u00fcn Bilgileri<\/strong><\/p>\n<ul>\n<li>Uygulama aletleri: El mikseri, f\u0131r\u00e7a, mala, sprey, rulo.<\/li>\n<li>Uygulama s\u0131cakl\u0131\u011f\u0131 : + 3 oC ile + 30 oC aras\u0131.<\/li>\n<li>Su ge\u00e7irimsiz hale gelme s\u00fcresi : 3 g\u00fcn<\/li>\n<li><strong>weber.tec Superflex D 2\u00a0<\/strong>\u00fczerine seramik uygulamas\u0131 i\u00e7in beklenilmesi gereken s\u00fcre : yakla\u015f\u0131k 4 saat<\/li>\n<li>Kullan\u0131labilme s\u00fcresi : yakla\u015f\u0131k 45 dak.<\/li>\n<li>Katlar aras\u0131 bekleme s\u00fcresi : yakla\u015f\u0131k 90 dak.<\/li>\n<li>S\u00fcrekli su ile temas i\u00e7in beklenilmesi gereken s\u00fcre : 3 g\u00fcn<\/li>\n<li>Tam kuruma s\u00fcresi : Hava \u015fartlar\u0131ndan ba\u011f\u0131ms\u0131z olarak maks. 24 saat.<\/li>\n<\/ul>\n<p><strong>Avantajlar\u0131<\/strong><\/p>\n<ul>\n<li>Hava \u015fartlar\u0131ndan ba\u011f\u0131ms\u0131z h\u0131zl\u0131 priz alma<\/li>\n<li>90 dakika sonra 2.kat, 4 saat sonra yaya trafi\u011fine ve\u00a0seramik uygulamas\u0131na ge\u00e7i\u015f imkan\u0131<\/li>\n<li>Pozitif ve negatif su bas\u0131nc\u0131na dayan\u0131m<\/li>\n<li>R\u00fczgar ve g\u00fcne\u015f alt\u0131nda dahi b\u00fcz\u00fclmeden \u00e7atlaks\u0131z\u00a0priz alma<\/li>\n<li>Y\u00fcksek y\u00fczey mukavemeti.<\/li>\n<li>D\u00fc\u015f\u00fck s\u0131cakl\u0131klarda dahi 1 mm\u2019den fazla \u00e7atlak\u00a0k\u00f6pr\u00fcleme<\/li>\n<li>D\u0131\u015f hava \u015fartlar\u0131na, dona, s\u00fclfata ve UV\u2019ye dayan\u0131m<\/li>\n<li>\u00dczeri seramik ile kaplanabilme \u00f6zelli\u011fi<\/li>\n<\/ul>\n<p><strong>Uyar\u0131lar ve \u00d6neriler<\/strong><\/p>\n<ul>\n<li>Ah\u015fap,\u00a0sunta ve\u00a0kontplak \u00fczerinde uygulanmaz.<\/li>\n<li>Metal y\u00fczeylerde uygulanmaz.<\/li>\n<\/ul>\n","protected":false},"excerpt":{"rendered":"<p>Polimer em\u00fclsiyon modifiyeli, \u00e7imento esasl\u0131, iki komponentli, y\u00fcksek elastikiyete sahip, pozitif ve negatif su bas\u0131nc\u0131na kar\u015f\u0131 uygulanabilen, UV dayan\u0131ml\u0131, hava \u015fartlar\u0131ndan ba\u011f\u0131ms\u0131z h\u0131zl\u0131 priz alan su yal\u0131t\u0131m harc\u0131<\/p>\n","protected":false},"featured_media":3595,"comment_status":"open","ping_status":"closed","template":"","meta":[],"product_brand":[],"product_cat":[224,228],"product_tag":[453],"class_list":{"0":"post-3594","1":"product","2":"type-product","3":"status-publish","4":"has-post-thumbnail","6":"product_cat-harclar","7":"product_cat-su-yalitim-urunleri","8":"product_tag-weber-tec-superflex-d-2","10":"first","11":"instock","12":"taxable","13":"shipping-taxable","14":"product-type-simple"},"_links":{"self":[{"href":"https:\/\/timeksyalitim.com.tr\/home\/wp-json\/wp\/v2\/product\/3594","targetHints":{"allow":["GET"]}}],"collection":[{"href":"https:\/\/timeksyalitim.com.tr\/home\/wp-json\/wp\/v2\/product"}],"about":[{"href":"https:\/\/timeksyalitim.com.tr\/home\/wp-json\/wp\/v2\/types\/product"}],"replies":[{"embeddable":true,"href":"https:\/\/timeksyalitim.com.tr\/home\/wp-json\/wp\/v2\/comments?post=3594"}],"wp:featuredmedia":[{"embeddable":true,"href":"https:\/\/timeksyalitim.com.tr\/home\/wp-json\/wp\/v2\/media\/3595"}],"wp:attachment":[{"href":"https:\/\/timeksyalitim.com.tr\/home\/wp-json\/wp\/v2\/media?parent=3594"}],"wp:term":[{"taxonomy":"product_brand","embeddable":true,"href":"https:\/\/timeksyalitim.com.tr\/home\/wp-json\/wp\/v2\/product_brand?post=3594"},{"taxonomy":"product_cat","embeddable":true,"href":"https:\/\/timeksyalitim.com.tr\/home\/wp-json\/wp\/v2\/product_cat?post=3594"},{"taxonomy":"product_tag","embeddable":true,"href":"https:\/\/timeksyalitim.com.tr\/home\/wp-json\/wp\/v2\/product_tag?post=3594"}],"curies":[{"name":"wp","href":"https:\/\/api.w.org\/{rel}","templated":true}]}}