{"id":3596,"date":"2022-11-28T17:21:32","date_gmt":"2022-11-28T14:21:32","guid":{"rendered":"http:\/\/timeksyalitim.com.tr\/home\/?post_type=product&#038;p=3596"},"modified":"2022-11-28T17:25:43","modified_gmt":"2022-11-28T14:25:43","slug":"weber-tex-grn-sil","status":"publish","type":"product","link":"https:\/\/timeksyalitim.com.tr\/home\/product\/weber-tex-grn-sil\/","title":{"rendered":"Weber TEX GRN Sil"},"content":{"rendered":"<p>Akrilik em\u00fclsiyon esasl\u0131, silikon katk\u0131l\u0131, grenli d\u0131\u015f cephe kaplamas\u0131.<\/p>\n<p>T\u00fcm yap\u0131lar\u0131n d\u0131\u015f cephelerinde ve d\u0131\u015f cephe \u0131s\u0131 yal\u0131t\u0131m sistemleri \u00fczerinde son kat kaplama malzemesi olarak kullan\u0131l\u0131r.<\/p>\n<ul>\n<li>Mat G\u00f6r\u00fcn\u00fcm<\/li>\n<li>Su \u0130tici<\/li>\n<li>Silikonlu<\/li>\n<\/ul>\n<p><strong>Uygulama alan\u0131<\/strong><\/p>\n<ul>\n<li>Duvar<\/li>\n<\/ul>\n<p>Renk ve Tekst\u00fcr se\u00e7enekleri i\u00e7in bize ula\u015f\u0131n.<\/p>\n<p><strong>\u00dcr\u00fcn Bilgileri<\/strong><\/p>\n<ul>\n<li>Uygulama aletleri: Mercan ve posteki rulo.<\/li>\n<li>Ortam s\u0131cakl\u0131\u011f\u0131: +5 \u00b0C ile +30 \u00b0C aras\u0131.<\/li>\n<li>Kuruma s\u00fcresi: 6-24 saat aras\u0131.<\/li>\n<\/ul>\n<p><strong>Avantajlar\u0131<\/strong><\/p>\n<ul>\n<li>Kendinden renkli yap\u0131s\u0131 sayesinde uygulama kolayl\u0131\u011f\u0131 sa\u011flar.<\/li>\n<li>Grenli tekst\u00fcr yap\u0131s\u0131 cephenizde g\u00f6rsel anlamda fark yarat\u0131r.<\/li>\n<li>Su itici \u00f6zelli\u011fe sahiptir.<\/li>\n<li>D\u0131\u015f cephe \u0131s\u0131 yal\u0131t\u0131m sistemleri \u00fczerine uygulanabilir.<\/li>\n<\/ul>\n<p><strong>Uyar\u0131lar ve \u00d6neriler<\/strong><\/p>\n<ul>\n<li>Yatay ve 45 derecenin alt\u0131nda e\u011fimli y\u00fczeylerde uygulanmaz.<\/li>\n<li>Islak ve nemli y\u00fczeylerde kesinlikle uygulanmaz.<\/li>\n<\/ul>\n","protected":false},"excerpt":{"rendered":"<p>Polimer em\u00fclsiyon modifiyeli, \u00e7imento esasl\u0131, iki komponentli, y\u00fcksek elastikiyete sahip, pozitif ve negatif su bas\u0131nc\u0131na kar\u015f\u0131 uygulanabilen, UV dayan\u0131ml\u0131, hava \u015fartlar\u0131ndan ba\u011f\u0131ms\u0131z h\u0131zl\u0131 priz alan su yal\u0131t\u0131m harc\u0131<\/p>\n","protected":false},"featured_media":3597,"comment_status":"open","ping_status":"closed","template":"","meta":[],"product_brand":[],"product_cat":[225],"product_tag":[454],"class_list":{"0":"post-3596","1":"product","2":"type-product","3":"status-publish","4":"has-post-thumbnail","6":"product_cat-cephe-kaplamalari","7":"product_tag-weber-tex-grn-sil","9":"first","10":"instock","11":"taxable","12":"shipping-taxable","13":"product-type-simple"},"_links":{"self":[{"href":"https:\/\/timeksyalitim.com.tr\/home\/wp-json\/wp\/v2\/product\/3596","targetHints":{"allow":["GET"]}}],"collection":[{"href":"https:\/\/timeksyalitim.com.tr\/home\/wp-json\/wp\/v2\/product"}],"about":[{"href":"https:\/\/timeksyalitim.com.tr\/home\/wp-json\/wp\/v2\/types\/product"}],"replies":[{"embeddable":true,"href":"https:\/\/timeksyalitim.com.tr\/home\/wp-json\/wp\/v2\/comments?post=3596"}],"wp:featuredmedia":[{"embeddable":true,"href":"https:\/\/timeksyalitim.com.tr\/home\/wp-json\/wp\/v2\/media\/3597"}],"wp:attachment":[{"href":"https:\/\/timeksyalitim.com.tr\/home\/wp-json\/wp\/v2\/media?parent=3596"}],"wp:term":[{"taxonomy":"product_brand","embeddable":true,"href":"https:\/\/timeksyalitim.com.tr\/home\/wp-json\/wp\/v2\/product_brand?post=3596"},{"taxonomy":"product_cat","embeddable":true,"href":"https:\/\/timeksyalitim.com.tr\/home\/wp-json\/wp\/v2\/product_cat?post=3596"},{"taxonomy":"product_tag","embeddable":true,"href":"https:\/\/timeksyalitim.com.tr\/home\/wp-json\/wp\/v2\/product_tag?post=3596"}],"curies":[{"name":"wp","href":"https:\/\/api.w.org\/{rel}","templated":true}]}}