{"id":3598,"date":"2022-11-28T17:26:48","date_gmt":"2022-11-28T14:26:48","guid":{"rendered":"http:\/\/timeksyalitim.com.tr\/home\/?post_type=product&#038;p=3598"},"modified":"2022-11-28T17:28:57","modified_gmt":"2022-11-28T14:28:57","slug":"weber-tex-beton-design","status":"publish","type":"product","link":"https:\/\/timeksyalitim.com.tr\/home\/product\/weber-tex-beton-design\/","title":{"rendered":"Weber TEX Beton Design"},"content":{"rendered":"<p>Akrilik esasl\u0131, i\u00e7 ve d\u0131\u015f cephelerde uygulanabilen, beton g\u00f6r\u00fcn\u00fcm\u00fcne sahip kullan\u0131ma haz\u0131r renkli kaplama.<\/p>\n<p>T\u00fcm yap\u0131lar\u0131n i\u00e7 ve d\u0131\u015f cephelerinde dekoratif beton g\u00f6r\u00fcn\u00fcml\u00fc, kullan\u0131ma haz\u0131r renkli kaplama olarak kullan\u0131l\u0131r.<\/p>\n<p><strong>Uygulama alan\u0131<\/strong><\/p>\n<ul>\n<li>Duvar<\/li>\n<\/ul>\n<p>Renk se\u00e7enekleri i\u00e7in bize ula\u015f\u0131n.<\/p>\n<p><strong>\u00dcr\u00fcn Bilgileri<\/strong><\/p>\n<ul>\n<li>Uygulama aletleri: Mala<\/li>\n<li>Ortam s\u0131cakl\u0131\u011f\u0131: +5\u00b0C ile +30\u00b0C aras\u0131.<\/li>\n<\/ul>\n<p><strong>Avantajlar\u0131<\/strong><\/p>\n<ul>\n<li>Kendinden renkli yap\u0131s\u0131 sayesinde uygulama kolayl\u0131\u011f\u0131 sa\u011flar<\/li>\n<li>Br\u00fct beton g\u00f6r\u00fcn\u00fcm\u00fc sayesinde cephenize farkl\u0131 ve modern bir g\u00f6r\u00fcn\u00fcm sa\u011flar<\/li>\n<li>D\u0131\u015f cephe \u0131s\u0131 yal\u0131t\u0131m sistemleri \u00fczerine uygulanabilir<\/li>\n<\/ul>\n<p><strong>Uyar\u0131lar ve \u00d6neriler<\/strong><\/p>\n<ul>\n<li>Yatay ve 45 derecenin alt\u0131nda e\u011fimli y\u00fczeylerde uygulanmaz.<\/li>\n<li>Islak ve nemli y\u00fczeylerde kesinlikle uygulanmaz.<\/li>\n<\/ul>\n","protected":false},"excerpt":{"rendered":"<p>Akrilik esasl\u0131, i\u00e7 ve d\u0131\u015f cephelerde uygulanabilen, beton g\u00f6r\u00fcn\u00fcm\u00fcne sahip kullan\u0131ma haz\u0131r renkli kaplama.<\/p>\n","protected":false},"featured_media":3599,"comment_status":"open","ping_status":"closed","template":"","meta":[],"product_brand":[],"product_cat":[225],"product_tag":[455],"class_list":{"0":"post-3598","1":"product","2":"type-product","3":"status-publish","4":"has-post-thumbnail","6":"product_cat-cephe-kaplamalari","7":"product_tag-weber-tex-beton-design","9":"first","10":"instock","11":"taxable","12":"shipping-taxable","13":"product-type-simple"},"_links":{"self":[{"href":"https:\/\/timeksyalitim.com.tr\/home\/wp-json\/wp\/v2\/product\/3598","targetHints":{"allow":["GET"]}}],"collection":[{"href":"https:\/\/timeksyalitim.com.tr\/home\/wp-json\/wp\/v2\/product"}],"about":[{"href":"https:\/\/timeksyalitim.com.tr\/home\/wp-json\/wp\/v2\/types\/product"}],"replies":[{"embeddable":true,"href":"https:\/\/timeksyalitim.com.tr\/home\/wp-json\/wp\/v2\/comments?post=3598"}],"wp:featuredmedia":[{"embeddable":true,"href":"https:\/\/timeksyalitim.com.tr\/home\/wp-json\/wp\/v2\/media\/3599"}],"wp:attachment":[{"href":"https:\/\/timeksyalitim.com.tr\/home\/wp-json\/wp\/v2\/media?parent=3598"}],"wp:term":[{"taxonomy":"product_brand","embeddable":true,"href":"https:\/\/timeksyalitim.com.tr\/home\/wp-json\/wp\/v2\/product_brand?post=3598"},{"taxonomy":"product_cat","embeddable":true,"href":"https:\/\/timeksyalitim.com.tr\/home\/wp-json\/wp\/v2\/product_cat?post=3598"},{"taxonomy":"product_tag","embeddable":true,"href":"https:\/\/timeksyalitim.com.tr\/home\/wp-json\/wp\/v2\/product_tag?post=3598"}],"curies":[{"name":"wp","href":"https:\/\/api.w.org\/{rel}","templated":true}]}}