{"id":3602,"date":"2022-11-28T17:32:32","date_gmt":"2022-11-28T14:32:32","guid":{"rendered":"http:\/\/timeksyalitim.com.tr\/home\/?post_type=product&#038;p=3602"},"modified":"2022-11-28T17:34:20","modified_gmt":"2022-11-28T14:34:20","slug":"weber-tex-sil","status":"publish","type":"product","link":"https:\/\/timeksyalitim.com.tr\/home\/product\/weber-tex-sil\/","title":{"rendered":"Weber TEX Sil"},"content":{"rendered":"<p>Akrilik em\u00fclsiyon esasl\u0131, silikon katk\u0131l\u0131 son kat mat d\u0131\u015f cephe boyas\u0131.<\/p>\n<p>T\u00fcm yap\u0131lar\u0131n d\u0131\u015f cephelerinde boya olarak kullan\u0131l\u0131r.<\/p>\n<p><strong>Uygulama alan\u0131<\/strong><\/p>\n<ul>\n<li>Duvar<\/li>\n<\/ul>\n<p>Renk se\u00e7enekleri i\u00e7in bize ula\u015f\u0131n.<\/p>\n<p><strong>\u00dcr\u00fcn Bilgileri<\/strong><\/p>\n<ul>\n<li>Uygulama Aletleri: Posteki rulo ve f\u0131r\u00e7a.<\/li>\n<li>Kuruma s\u00fcresi: 6-24 saat aras\u0131.<\/li>\n<li>Ortam s\u0131cakl\u0131\u011f\u0131: +5 \u00b0C ile +30 \u00b0C aras\u0131.<\/li>\n<\/ul>\n<p><strong>Avantajlar\u0131<\/strong><\/p>\n<ul>\n<li>Uzun y\u0131llar g\u00fczelli\u011fini koruyan, kal\u0131c\u0131 renklere sahiptir.<\/li>\n<li>Y\u00fcksek su buhar\u0131 ge\u00e7irgenli\u011fine sahiptir.<\/li>\n<li>Su itici \u00f6zelli\u011fe sahiptir.<\/li>\n<li>Y\u00fcksek \u00f6rt\u00fcc\u00fcl\u00fck ve aderansa sahiptir.<\/li>\n<li>D\u0131\u015f etkenlere kar\u015f\u0131 dayan\u0131kl\u0131d\u0131r.<\/li>\n<\/ul>\n<p><strong>Uyar\u0131lar ve \u00d6neriler<\/strong><\/p>\n<ul>\n<li>Yatay ve 45 derecenin alt\u0131nda e\u011fimli y\u00fczeylerde uygulanmaz.<\/li>\n<li>Islak ve nemli y\u00fczeylerde kesinlikle uygulanmaz.<\/li>\n<\/ul>\n","protected":false},"excerpt":{"rendered":"<p>Akrilik em\u00fclsiyon esasl\u0131, silikon katk\u0131l\u0131 son kat mat d\u0131\u015f cephe boyas\u0131.<\/p>\n","protected":false},"featured_media":3603,"comment_status":"open","ping_status":"closed","template":"","meta":[],"product_brand":[],"product_cat":[226],"product_tag":[457],"class_list":{"0":"post-3602","1":"product","2":"type-product","3":"status-publish","4":"has-post-thumbnail","6":"product_cat-boyalar","7":"product_tag-weber-tex-sil","9":"first","10":"instock","11":"taxable","12":"shipping-taxable","13":"product-type-simple"},"_links":{"self":[{"href":"https:\/\/timeksyalitim.com.tr\/home\/wp-json\/wp\/v2\/product\/3602","targetHints":{"allow":["GET"]}}],"collection":[{"href":"https:\/\/timeksyalitim.com.tr\/home\/wp-json\/wp\/v2\/product"}],"about":[{"href":"https:\/\/timeksyalitim.com.tr\/home\/wp-json\/wp\/v2\/types\/product"}],"replies":[{"embeddable":true,"href":"https:\/\/timeksyalitim.com.tr\/home\/wp-json\/wp\/v2\/comments?post=3602"}],"wp:featuredmedia":[{"embeddable":true,"href":"https:\/\/timeksyalitim.com.tr\/home\/wp-json\/wp\/v2\/media\/3603"}],"wp:attachment":[{"href":"https:\/\/timeksyalitim.com.tr\/home\/wp-json\/wp\/v2\/media?parent=3602"}],"wp:term":[{"taxonomy":"product_brand","embeddable":true,"href":"https:\/\/timeksyalitim.com.tr\/home\/wp-json\/wp\/v2\/product_brand?post=3602"},{"taxonomy":"product_cat","embeddable":true,"href":"https:\/\/timeksyalitim.com.tr\/home\/wp-json\/wp\/v2\/product_cat?post=3602"},{"taxonomy":"product_tag","embeddable":true,"href":"https:\/\/timeksyalitim.com.tr\/home\/wp-json\/wp\/v2\/product_tag?post=3602"}],"curies":[{"name":"wp","href":"https:\/\/api.w.org\/{rel}","templated":true}]}}