{"id":3606,"date":"2022-11-28T17:40:10","date_gmt":"2022-11-28T14:40:10","guid":{"rendered":"http:\/\/timeksyalitim.com.tr\/home\/?post_type=product&#038;p=3606"},"modified":"2022-11-28T17:44:05","modified_gmt":"2022-11-28T14:44:05","slug":"weber-tex-organic-paste","status":"publish","type":"product","link":"https:\/\/timeksyalitim.com.tr\/home\/product\/weber-tex-organic-paste\/","title":{"rendered":"Weber TEX Organic Paste"},"content":{"rendered":"<p>Akrilik esasl\u0131, kullan\u0131ma haz\u0131r, d\u0131\u015f cephe tesviye macunu.<\/p>\n<p>T\u00fcm yap\u0131lar\u0131n d\u0131\u015f cephelerinde duvar ve tavanda tesviye macunu olarak kullan\u0131l\u0131r.<\/p>\n<p><strong>Uygulama alan\u0131<\/strong><\/p>\n<ul>\n<li>Duvar<\/li>\n<li>Tavan<\/li>\n<\/ul>\n<p><strong>\u00dcr\u00fcn Bilgileri<\/strong><\/p>\n<ul>\n<li>Uygulama aletleri:\u00c7elik mala, spatula, z\u0131mpara<\/li>\n<li>Ortam s\u0131cakl\u0131\u011f\u0131: +5 \u00b0C ile +30 \u00b0C aras\u0131<\/li>\n<li>Tek kat uygulama kal\u0131nl\u0131\u011f\u0131: max. 1 mm<\/li>\n<li>Maksimum uygulama kal\u0131nl\u0131\u011f\u0131: 2 mm<\/li>\n<li>Katlar aras\u0131 bekleme s\u00fcresi: 4 saat<\/li>\n<li>Son kat uygulamas\u0131 i\u00e7in beklenilmesi gereken s\u00fcre: min. 6 saat<\/li>\n<\/ul>\n<p><strong>Avantajlar\u0131<\/strong><\/p>\n<ul>\n<li>Kolay ve h\u0131zl\u0131 uygulama olana\u011f\u0131 sa\u011flar.<\/li>\n<li>Y\u00fczeylere m\u00fckemmel aderans sa\u011flar.<\/li>\n<li>\u00c7i\u00e7eklenmeye kar\u015f\u0131 dayan\u0131kl\u0131d\u0131r.<\/li>\n<li>Boya uygulamas\u0131 \u00f6ncesinde d\u00fczg\u00fcn bir y\u00fczey olu\u015fturur<\/li>\n<li>Kolay z\u0131mparalan\u0131r.<\/li>\n<\/ul>\n<p><strong>Uyar\u0131lar ve \u00d6neriler<\/strong><\/p>\n<ul>\n<li>Islak ve nemli y\u00fczeylerde kesinlikle uygulanmaz.<\/li>\n<li>Direkt tu\u011fla ve zay\u0131f s\u0131val\u0131 y\u00fczeylerde uygulanmaz.<\/li>\n<\/ul>\n","protected":false},"excerpt":{"rendered":"<p>Akrilik esasl\u0131, kullan\u0131ma haz\u0131r, d\u0131\u015f cephe tesviye macunu.<\/p>\n","protected":false},"featured_media":3607,"comment_status":"open","ping_status":"closed","template":"","meta":[],"product_brand":[],"product_cat":[224],"product_tag":[459],"class_list":{"0":"post-3606","1":"product","2":"type-product","3":"status-publish","4":"has-post-thumbnail","6":"product_cat-harclar","7":"product_tag-weber-tex-organic-paste","9":"first","10":"instock","11":"taxable","12":"shipping-taxable","13":"product-type-simple"},"_links":{"self":[{"href":"https:\/\/timeksyalitim.com.tr\/home\/wp-json\/wp\/v2\/product\/3606","targetHints":{"allow":["GET"]}}],"collection":[{"href":"https:\/\/timeksyalitim.com.tr\/home\/wp-json\/wp\/v2\/product"}],"about":[{"href":"https:\/\/timeksyalitim.com.tr\/home\/wp-json\/wp\/v2\/types\/product"}],"replies":[{"embeddable":true,"href":"https:\/\/timeksyalitim.com.tr\/home\/wp-json\/wp\/v2\/comments?post=3606"}],"wp:featuredmedia":[{"embeddable":true,"href":"https:\/\/timeksyalitim.com.tr\/home\/wp-json\/wp\/v2\/media\/3607"}],"wp:attachment":[{"href":"https:\/\/timeksyalitim.com.tr\/home\/wp-json\/wp\/v2\/media?parent=3606"}],"wp:term":[{"taxonomy":"product_brand","embeddable":true,"href":"https:\/\/timeksyalitim.com.tr\/home\/wp-json\/wp\/v2\/product_brand?post=3606"},{"taxonomy":"product_cat","embeddable":true,"href":"https:\/\/timeksyalitim.com.tr\/home\/wp-json\/wp\/v2\/product_cat?post=3606"},{"taxonomy":"product_tag","embeddable":true,"href":"https:\/\/timeksyalitim.com.tr\/home\/wp-json\/wp\/v2\/product_tag?post=3606"}],"curies":[{"name":"wp","href":"https:\/\/api.w.org\/{rel}","templated":true}]}}