{"id":3608,"date":"2022-11-28T17:44:32","date_gmt":"2022-11-28T14:44:32","guid":{"rendered":"http:\/\/timeksyalitim.com.tr\/home\/?post_type=product&#038;p=3608"},"modified":"2022-11-29T11:03:53","modified_gmt":"2022-11-29T08:03:53","slug":"weber-tex-plast-sil","status":"publish","type":"product","link":"https:\/\/timeksyalitim.com.tr\/home\/product\/weber-tex-plast-sil\/","title":{"rendered":"Weber TEX Plast Sil"},"content":{"rendered":"<p>Akrilik em\u00fclsiyon esasl\u0131, silikon katk\u0131l\u0131, kullan\u0131ma haz\u0131r renkli s\u0131va.<\/p>\n<p>T\u00fcm yap\u0131lar\u0131n d\u0131\u015f cephelerinde ve d\u0131\u015f cephe \u0131s\u0131 yal\u0131t\u0131m sistemleri \u00fczerinde son kat kaplama malzemesi olarak kullan\u0131l\u0131r.<\/p>\n<ul>\n<li>Su \u0130tici<\/li>\n<li>Silikonlu<\/li>\n<li>Son Kat Olarak B\u0131rak\u0131labilen<\/li>\n<\/ul>\n<p><strong>Uygulama alan\u0131<\/strong><\/p>\n<ul>\n<li>Duvar<\/li>\n<\/ul>\n<p>Renk ve Tekst\u00fcr se\u00e7enekleri i\u00e7in bize ula\u015f\u0131n.<\/p>\n<p><strong>\u00dcr\u00fcn Bilgileri<\/strong><\/p>\n<ul>\n<li>Uygulama aletleri: \u00c7elik mala, plastik mala, posteki rulo.<\/li>\n<li>Ortam s\u0131cakl\u0131\u011f\u0131: +5 \u00b0C ile +30 \u00b0C aras\u0131.<\/li>\n<li>Ortalama uygulama kal\u0131nl\u0131\u011f\u0131: 1,5 mm.<\/li>\n<li>Kuruma s\u00fcresi: 6-24 saat aras\u0131.<\/li>\n<\/ul>\n<p><strong>Avantajlar\u0131<\/strong><\/p>\n<ul>\n<li>D\u0131\u015f cephelerde \u0131s\u0131 yal\u0131t\u0131m sistemleri \u00fczerinde uygulanabilir.<\/li>\n<li>Kendinden renkli yap\u0131s\u0131 sayesinde uygulama kolayl\u0131\u011f\u0131 sa\u011flar.<\/li>\n<li>Y\u00fczeylere nefes ald\u0131r\u0131r.<\/li>\n<li>D\u0131\u015f etkenlere kar\u015f\u0131 dayan\u0131kl\u0131d\u0131r.<\/li>\n<li>Su itici \u00f6zelli\u011fe sahiptir.<\/li>\n<\/ul>\n<p><strong>Uyar\u0131lar ve \u00d6neriler<\/strong><\/p>\n<ul>\n<li>Yatay ve 45 derecenin alt\u0131nda e\u011fimli y\u00fczeylerde uygulanmaz.<\/li>\n<li>Islak ve nemli y\u00fczeylerde kesinlikle uygulanmaz.<\/li>\n<\/ul>\n","protected":false},"excerpt":{"rendered":"<p>Akrilik em\u00fclsiyon esasl\u0131, silikon katk\u0131l\u0131, kullan\u0131ma haz\u0131r renkli s\u0131va.<\/p>\n","protected":false},"featured_media":3609,"comment_status":"open","ping_status":"closed","template":"","meta":[],"product_brand":[],"product_cat":[227],"product_tag":[460],"class_list":{"0":"post-3608","1":"product","2":"type-product","3":"status-publish","4":"has-post-thumbnail","6":"product_cat-sivalar","7":"product_tag-weber-tex-plast-sil","9":"first","10":"instock","11":"taxable","12":"shipping-taxable","13":"product-type-simple"},"_links":{"self":[{"href":"https:\/\/timeksyalitim.com.tr\/home\/wp-json\/wp\/v2\/product\/3608","targetHints":{"allow":["GET"]}}],"collection":[{"href":"https:\/\/timeksyalitim.com.tr\/home\/wp-json\/wp\/v2\/product"}],"about":[{"href":"https:\/\/timeksyalitim.com.tr\/home\/wp-json\/wp\/v2\/types\/product"}],"replies":[{"embeddable":true,"href":"https:\/\/timeksyalitim.com.tr\/home\/wp-json\/wp\/v2\/comments?post=3608"}],"wp:featuredmedia":[{"embeddable":true,"href":"https:\/\/timeksyalitim.com.tr\/home\/wp-json\/wp\/v2\/media\/3609"}],"wp:attachment":[{"href":"https:\/\/timeksyalitim.com.tr\/home\/wp-json\/wp\/v2\/media?parent=3608"}],"wp:term":[{"taxonomy":"product_brand","embeddable":true,"href":"https:\/\/timeksyalitim.com.tr\/home\/wp-json\/wp\/v2\/product_brand?post=3608"},{"taxonomy":"product_cat","embeddable":true,"href":"https:\/\/timeksyalitim.com.tr\/home\/wp-json\/wp\/v2\/product_cat?post=3608"},{"taxonomy":"product_tag","embeddable":true,"href":"https:\/\/timeksyalitim.com.tr\/home\/wp-json\/wp\/v2\/product_tag?post=3608"}],"curies":[{"name":"wp","href":"https:\/\/api.w.org\/{rel}","templated":true}]}}