{"id":3620,"date":"2022-11-29T11:35:47","date_gmt":"2022-11-29T08:35:47","guid":{"rendered":"http:\/\/timeksyalitim.com.tr\/home\/?post_type=product&#038;p=3620"},"modified":"2022-11-29T11:37:24","modified_gmt":"2022-11-29T08:37:24","slug":"weber-therm-tasyunu-ld-levha","status":"publish","type":"product","link":"https:\/\/timeksyalitim.com.tr\/home\/product\/weber-therm-tasyunu-ld-levha\/","title":{"rendered":"Weber Therm Ta\u015fy\u00fcn\u00fc LD Levha"},"content":{"rendered":"<p>Mineral esasl\u0131 \u0131s\u0131 yal\u0131t\u0131m levhas\u0131d\u0131r. Is\u0131 yal\u0131t\u0131m\u0131 ile birlikte yang\u0131n ve ses yal\u0131t\u0131m \u00f6zelli\u011fi de vard\u0131r. A1 s\u0131n\u0131f\u0131 yanmaz malzemedir.<\/p>\n<p>Yap\u0131lar\u0131n i\u00e7 ve d\u0131\u015f cephelerinde \u0131s\u0131, ses ve yang\u0131n yal\u0131t\u0131m levhas\u0131 olarak kullan\u0131l\u0131r.<\/p>\n<ul>\n<li>Is\u0131 Yal\u0131t\u0131m\u0131<\/li>\n<\/ul>\n<p><strong>Uygulama alan\u0131<\/strong><\/p>\n<ul>\n<li>Duvar<\/li>\n<\/ul>\n<p>[wpdm_package id=&#8217;3619&#8242;]<\/p>\n<p>&nbsp;<\/p>\n","protected":false},"excerpt":{"rendered":"<p>Mineral esasl\u0131 \u0131s\u0131 yal\u0131t\u0131m levhas\u0131d\u0131r. Is\u0131 yal\u0131t\u0131m\u0131 ile birlikte yang\u0131n ve ses yal\u0131t\u0131m \u00f6zelli\u011fi de vard\u0131r. A1 s\u0131n\u0131f\u0131 yanmaz malzemedir.<\/p>\n","protected":false},"featured_media":3618,"comment_status":"open","ping_status":"closed","template":"","meta":[],"product_brand":[],"product_cat":[234],"product_tag":[464],"class_list":{"0":"post-3620","1":"product","2":"type-product","3":"status-publish","4":"has-post-thumbnail","6":"product_cat-tasyunu-levha","7":"product_tag-weber-therm-tasyunu-ld-levha","9":"first","10":"instock","11":"taxable","12":"shipping-taxable","13":"product-type-simple"},"_links":{"self":[{"href":"https:\/\/timeksyalitim.com.tr\/home\/wp-json\/wp\/v2\/product\/3620","targetHints":{"allow":["GET"]}}],"collection":[{"href":"https:\/\/timeksyalitim.com.tr\/home\/wp-json\/wp\/v2\/product"}],"about":[{"href":"https:\/\/timeksyalitim.com.tr\/home\/wp-json\/wp\/v2\/types\/product"}],"replies":[{"embeddable":true,"href":"https:\/\/timeksyalitim.com.tr\/home\/wp-json\/wp\/v2\/comments?post=3620"}],"wp:featuredmedia":[{"embeddable":true,"href":"https:\/\/timeksyalitim.com.tr\/home\/wp-json\/wp\/v2\/media\/3618"}],"wp:attachment":[{"href":"https:\/\/timeksyalitim.com.tr\/home\/wp-json\/wp\/v2\/media?parent=3620"}],"wp:term":[{"taxonomy":"product_brand","embeddable":true,"href":"https:\/\/timeksyalitim.com.tr\/home\/wp-json\/wp\/v2\/product_brand?post=3620"},{"taxonomy":"product_cat","embeddable":true,"href":"https:\/\/timeksyalitim.com.tr\/home\/wp-json\/wp\/v2\/product_cat?post=3620"},{"taxonomy":"product_tag","embeddable":true,"href":"https:\/\/timeksyalitim.com.tr\/home\/wp-json\/wp\/v2\/product_tag?post=3620"}],"curies":[{"name":"wp","href":"https:\/\/api.w.org\/{rel}","templated":true}]}}