{"id":3628,"date":"2022-11-29T11:52:30","date_gmt":"2022-11-29T08:52:30","guid":{"rendered":"http:\/\/timeksyalitim.com.tr\/home\/?post_type=product&#038;p=3628"},"modified":"2022-11-29T11:54:31","modified_gmt":"2022-11-29T08:54:31","slug":"weber-therm-eps-plus","status":"publish","type":"product","link":"https:\/\/timeksyalitim.com.tr\/home\/product\/weber-therm-eps-plus\/","title":{"rendered":"Weber Therm EPS Plus"},"content":{"rendered":"<p>Polistiren bazl\u0131, karbon takviyeli \u0131s\u0131 yal\u0131t\u0131m levhas\u0131.<\/p>\n<p>Yap\u0131lar\u0131n i\u00e7 ve d\u0131\u015f cephelerinde \u0131s\u0131 yal\u0131t\u0131m levhas\u0131 olarak kullan\u0131l\u0131r.<\/p>\n<ul>\n<li>Is\u0131 Yal\u0131t\u0131m\u0131<\/li>\n<\/ul>\n<p><strong>Uygulama alan\u0131<\/strong><\/p>\n<ul>\n<li>Duvar<\/li>\n<\/ul>\n<p>[wpdm_package id=&#8217;3627&#8242;]<\/p>\n<p>&nbsp;<\/p>\n","protected":false},"excerpt":{"rendered":"<p>Polistiren bazl\u0131, karbon takviyeli \u0131s\u0131 yal\u0131t\u0131m levhas\u0131.<\/p>\n","protected":false},"featured_media":3629,"comment_status":"open","ping_status":"closed","template":"","meta":[],"product_brand":[],"product_cat":[204],"product_tag":[467],"class_list":{"0":"post-3628","1":"product","2":"type-product","3":"status-publish","4":"has-post-thumbnail","6":"product_cat-eps","7":"product_tag-weber-therm-eps-plus","9":"first","10":"instock","11":"taxable","12":"shipping-taxable","13":"product-type-simple"},"_links":{"self":[{"href":"https:\/\/timeksyalitim.com.tr\/home\/wp-json\/wp\/v2\/product\/3628","targetHints":{"allow":["GET"]}}],"collection":[{"href":"https:\/\/timeksyalitim.com.tr\/home\/wp-json\/wp\/v2\/product"}],"about":[{"href":"https:\/\/timeksyalitim.com.tr\/home\/wp-json\/wp\/v2\/types\/product"}],"replies":[{"embeddable":true,"href":"https:\/\/timeksyalitim.com.tr\/home\/wp-json\/wp\/v2\/comments?post=3628"}],"wp:featuredmedia":[{"embeddable":true,"href":"https:\/\/timeksyalitim.com.tr\/home\/wp-json\/wp\/v2\/media\/3629"}],"wp:attachment":[{"href":"https:\/\/timeksyalitim.com.tr\/home\/wp-json\/wp\/v2\/media?parent=3628"}],"wp:term":[{"taxonomy":"product_brand","embeddable":true,"href":"https:\/\/timeksyalitim.com.tr\/home\/wp-json\/wp\/v2\/product_brand?post=3628"},{"taxonomy":"product_cat","embeddable":true,"href":"https:\/\/timeksyalitim.com.tr\/home\/wp-json\/wp\/v2\/product_cat?post=3628"},{"taxonomy":"product_tag","embeddable":true,"href":"https:\/\/timeksyalitim.com.tr\/home\/wp-json\/wp\/v2\/product_tag?post=3628"}],"curies":[{"name":"wp","href":"https:\/\/api.w.org\/{rel}","templated":true}]}}