{"id":3630,"date":"2022-11-29T12:08:45","date_gmt":"2022-11-29T09:08:45","guid":{"rendered":"http:\/\/timeksyalitim.com.tr\/home\/?post_type=product&#038;p=3630"},"modified":"2022-11-29T12:11:08","modified_gmt":"2022-11-29T09:11:08","slug":"weber-therm-b-flex","status":"publish","type":"product","link":"https:\/\/timeksyalitim.com.tr\/home\/product\/weber-therm-b-flex\/","title":{"rendered":"Weber Therm B-Flex"},"content":{"rendered":"<p>\u00c7imento esasl\u0131, elyaf takviyeli, y\u00fcksek performansl\u0131, elastik, \u00f6zellikle d\u0131\u015f cepheler i\u00e7in geli\u015ftirilmi\u015f lifler ile g\u00fc\u00e7lendirilmi\u015f al\u00e7\u0131 esasl\u0131 d\u0131\u015f cephe levhalar\u0131 i\u00e7in y\u00fczey s\u0131vas\u0131.<\/p>\n<p>T\u00fcm yap\u0131larda, al\u00e7\u0131 esasl\u0131 d\u0131\u015f cephe levhalar\u0131 ve \u0131s\u0131 yal\u0131t\u0131m levhalar\u0131 \u00fczerinde y\u00fczey s\u0131vas\u0131 olarak kullan\u0131l\u0131r.<\/p>\n<p><strong>Uygulama alan\u0131<\/strong><\/p>\n<ul>\n<li>Duvar<\/li>\n<\/ul>\n<p><strong>Avantajlar<\/strong><\/p>\n<ul>\n<li>D\u0131\u015f cepheler i\u00e7in geli\u015ftirilmi\u015f, lifler ile g\u00fc\u00e7lendirilmi\u015f al\u00e7\u0131 esasl\u0131 d\u0131\u015f cephe levhalar\u0131na m\u00fckemmel aderans sa\u011flar.<\/li>\n<li>Termik \u015foklara dayan\u0131kl\u0131d\u0131r.<\/li>\n<li>Elyaf takviyelidir.<\/li>\n<li>Elastik yap\u0131s\u0131 ile \u00e7atlamalara kar\u015f\u0131 \u00fcst\u00fcn dayan\u0131m sa\u011flar.<\/li>\n<li>Manuel veya makine ile uygulanabilme \u00f6zelli\u011fine sahiptir.<\/li>\n<\/ul>\n<p>&nbsp;<\/p>\n","protected":false},"excerpt":{"rendered":"<p>\u00c7imento esasl\u0131, elyaf takviyeli, y\u00fcksek performansl\u0131, elastik, \u00f6zellikle d\u0131\u015f cepheler i\u00e7in geli\u015ftirilmi\u015f lifler ile g\u00fc\u00e7lendirilmi\u015f al\u00e7\u0131 esasl\u0131 d\u0131\u015f cephe levhalar\u0131 i\u00e7in y\u00fczey s\u0131vas\u0131.<\/p>\n","protected":false},"featured_media":3631,"comment_status":"open","ping_status":"closed","template":"","meta":[],"product_brand":[],"product_cat":[227],"product_tag":[468],"class_list":{"0":"post-3630","1":"product","2":"type-product","3":"status-publish","4":"has-post-thumbnail","6":"product_cat-sivalar","7":"product_tag-weber-therm-b-flex","9":"first","10":"instock","11":"taxable","12":"shipping-taxable","13":"product-type-simple"},"_links":{"self":[{"href":"https:\/\/timeksyalitim.com.tr\/home\/wp-json\/wp\/v2\/product\/3630","targetHints":{"allow":["GET"]}}],"collection":[{"href":"https:\/\/timeksyalitim.com.tr\/home\/wp-json\/wp\/v2\/product"}],"about":[{"href":"https:\/\/timeksyalitim.com.tr\/home\/wp-json\/wp\/v2\/types\/product"}],"replies":[{"embeddable":true,"href":"https:\/\/timeksyalitim.com.tr\/home\/wp-json\/wp\/v2\/comments?post=3630"}],"wp:featuredmedia":[{"embeddable":true,"href":"https:\/\/timeksyalitim.com.tr\/home\/wp-json\/wp\/v2\/media\/3631"}],"wp:attachment":[{"href":"https:\/\/timeksyalitim.com.tr\/home\/wp-json\/wp\/v2\/media?parent=3630"}],"wp:term":[{"taxonomy":"product_brand","embeddable":true,"href":"https:\/\/timeksyalitim.com.tr\/home\/wp-json\/wp\/v2\/product_brand?post=3630"},{"taxonomy":"product_cat","embeddable":true,"href":"https:\/\/timeksyalitim.com.tr\/home\/wp-json\/wp\/v2\/product_cat?post=3630"},{"taxonomy":"product_tag","embeddable":true,"href":"https:\/\/timeksyalitim.com.tr\/home\/wp-json\/wp\/v2\/product_tag?post=3630"}],"curies":[{"name":"wp","href":"https:\/\/api.w.org\/{rel}","templated":true}]}}