{"id":3644,"date":"2022-11-29T13:18:14","date_gmt":"2022-11-29T10:18:14","guid":{"rendered":"http:\/\/timeksyalitim.com.tr\/home\/?post_type=product&#038;p=3644"},"modified":"2022-11-29T13:18:15","modified_gmt":"2022-11-29T10:18:15","slug":"pvc-siyah-bant","status":"publish","type":"product","link":"https:\/\/timeksyalitim.com.tr\/home\/product\/pvc-siyah-bant\/","title":{"rendered":"PVC Siyah Bant"},"content":{"rendered":"<p>PVC yal\u0131t\u0131m band\u0131, siyah renkte olup, \u00f6zel projelerde farkl\u0131 renk temin edilebilir. Yal\u0131t\u0131m, \u00fcr\u00fcn ve kablo gruplama gruplama, koruma vb bir\u00e7ok uygulama da kullan\u0131labilir.<\/p>\n<ul>\n<li>Neme, paslanmaya, a\u015f\u0131nmaya, \u00e7\u00fcr\u00fcmeye, asit ve alkalilere kar\u015f\u0131 dayan\u0131kl\u0131d\u0131r.<\/li>\n<li>T\u00fcm hava \u015fartlar\u0131na kar\u015f\u0131 koruma etkisi mevcuttur.<\/li>\n<\/ul>\n","protected":false},"excerpt":{"rendered":"<p>PVC yal\u0131t\u0131m band\u0131<\/p>\n","protected":false},"featured_media":3645,"comment_status":"open","ping_status":"closed","template":"","meta":[],"product_brand":[],"product_cat":[241],"product_tag":[476,475],"class_list":{"0":"post-3644","1":"product","2":"type-product","3":"status-publish","4":"has-post-thumbnail","6":"product_cat-bantlar-2","7":"product_tag-pvc-bant","8":"product_tag-pvc-siyah-bant","10":"first","11":"instock","12":"taxable","13":"shipping-taxable","14":"product-type-simple"},"_links":{"self":[{"href":"https:\/\/timeksyalitim.com.tr\/home\/wp-json\/wp\/v2\/product\/3644","targetHints":{"allow":["GET"]}}],"collection":[{"href":"https:\/\/timeksyalitim.com.tr\/home\/wp-json\/wp\/v2\/product"}],"about":[{"href":"https:\/\/timeksyalitim.com.tr\/home\/wp-json\/wp\/v2\/types\/product"}],"replies":[{"embeddable":true,"href":"https:\/\/timeksyalitim.com.tr\/home\/wp-json\/wp\/v2\/comments?post=3644"}],"wp:featuredmedia":[{"embeddable":true,"href":"https:\/\/timeksyalitim.com.tr\/home\/wp-json\/wp\/v2\/media\/3645"}],"wp:attachment":[{"href":"https:\/\/timeksyalitim.com.tr\/home\/wp-json\/wp\/v2\/media?parent=3644"}],"wp:term":[{"taxonomy":"product_brand","embeddable":true,"href":"https:\/\/timeksyalitim.com.tr\/home\/wp-json\/wp\/v2\/product_brand?post=3644"},{"taxonomy":"product_cat","embeddable":true,"href":"https:\/\/timeksyalitim.com.tr\/home\/wp-json\/wp\/v2\/product_cat?post=3644"},{"taxonomy":"product_tag","embeddable":true,"href":"https:\/\/timeksyalitim.com.tr\/home\/wp-json\/wp\/v2\/product_tag?post=3644"}],"curies":[{"name":"wp","href":"https:\/\/api.w.org\/{rel}","templated":true}]}}