{"id":3646,"date":"2022-11-29T13:31:40","date_gmt":"2022-11-29T10:31:40","guid":{"rendered":"http:\/\/timeksyalitim.com.tr\/home\/?post_type=product&#038;p=3646"},"modified":"2022-11-29T13:39:11","modified_gmt":"2022-11-29T10:39:11","slug":"aluminyum-folyo-bant","status":"publish","type":"product","link":"https:\/\/timeksyalitim.com.tr\/home\/product\/aluminyum-folyo-bant\/","title":{"rendered":"Al\u00fcminyum Folyo Bant"},"content":{"rendered":"<p><strong>Al\u00fcminyum Folyo Bant<\/strong> \u0131s\u0131tma, so\u011futma, havaland\u0131rma, iklimlendirme, at\u0131k gaz sistemlerinde ve izolasyon uygulamalar\u0131nda s\u0131zd\u0131rmazl\u0131k ve yans\u0131ma amac\u0131yla \u00f6zel olarak tasarlanan folyo bantlard\u0131r.<\/p>\n<p>Al\u00fcminyum folyo bant akrilik esasl\u0131 yap\u0131\u015ft\u0131r\u0131c\u0131 \u00f6zelli\u011fi oldu\u011fundan kau\u00e7uk esasl\u0131 yap\u0131\u015ft\u0131r\u0131c\u0131lara g\u00f6re gerek d\u00fc\u015f\u00fck gerekse de y\u00fcksek s\u0131cakl\u0131klarda \u00e7ok iyi yap\u0131\u015fma performans\u0131na sahiptir. \u00c7\u00fcnk\u00fc akrilik esasl\u0131 yap\u0131\u015ft\u0131r\u0131c\u0131lar ; \u00e7atlamaya , uv \u0131\u015f\u0131nlar\u0131na, s\u0131cakl\u0131k de\u011fi\u015fimlerine ve solventlere kar\u015f\u0131 di\u011fer se\u00e7eneklere g\u00f6re \u00e7ok daha fazla mukavemetlidir.<\/p>\n<p>Renk : Metalik Gri<\/p>\n<p>Al\u00fcminyum Folyo Bant Kal\u0131nl\u0131\u011f\u0131 : 20 Mikron<\/p>\n<p>Yap\u0131\u015fkan Sistemi : Akrilik Esasl\u0131 Solvent<\/p>\n<p>Yap\u0131\u015fma Mukavemeti : 24 N\/25 mm<\/p>\n<p>Gerilme Direnci : 35 N\/25 mm<\/p>\n<p>Uzama : % 3<\/p>\n<p>Uygulama S\u0131cakl\u0131\u011f\u0131 : 120 \u00ba C<\/p>\n","protected":false},"excerpt":{"rendered":"<p>PVC yal\u0131t\u0131m band\u0131<\/p>\n","protected":false},"featured_media":3647,"comment_status":"open","ping_status":"closed","template":"","meta":[],"product_brand":[],"product_cat":[241],"product_tag":[477],"class_list":{"0":"post-3646","1":"product","2":"type-product","3":"status-publish","4":"has-post-thumbnail","6":"product_cat-bantlar-2","7":"product_tag-aluminyum-folyo-bant","9":"first","10":"instock","11":"taxable","12":"shipping-taxable","13":"product-type-simple"},"_links":{"self":[{"href":"https:\/\/timeksyalitim.com.tr\/home\/wp-json\/wp\/v2\/product\/3646","targetHints":{"allow":["GET"]}}],"collection":[{"href":"https:\/\/timeksyalitim.com.tr\/home\/wp-json\/wp\/v2\/product"}],"about":[{"href":"https:\/\/timeksyalitim.com.tr\/home\/wp-json\/wp\/v2\/types\/product"}],"replies":[{"embeddable":true,"href":"https:\/\/timeksyalitim.com.tr\/home\/wp-json\/wp\/v2\/comments?post=3646"}],"wp:featuredmedia":[{"embeddable":true,"href":"https:\/\/timeksyalitim.com.tr\/home\/wp-json\/wp\/v2\/media\/3647"}],"wp:attachment":[{"href":"https:\/\/timeksyalitim.com.tr\/home\/wp-json\/wp\/v2\/media?parent=3646"}],"wp:term":[{"taxonomy":"product_brand","embeddable":true,"href":"https:\/\/timeksyalitim.com.tr\/home\/wp-json\/wp\/v2\/product_brand?post=3646"},{"taxonomy":"product_cat","embeddable":true,"href":"https:\/\/timeksyalitim.com.tr\/home\/wp-json\/wp\/v2\/product_cat?post=3646"},{"taxonomy":"product_tag","embeddable":true,"href":"https:\/\/timeksyalitim.com.tr\/home\/wp-json\/wp\/v2\/product_tag?post=3646"}],"curies":[{"name":"wp","href":"https:\/\/api.w.org\/{rel}","templated":true}]}}