{"id":3676,"date":"2022-12-01T11:48:46","date_gmt":"2022-12-01T08:48:46","guid":{"rendered":"http:\/\/timeksyalitim.com.tr\/home\/?post_type=product&#038;p=3676"},"modified":"2022-12-01T11:53:57","modified_gmt":"2022-12-01T08:53:57","slug":"izocam-mineral-yun-ara-bolme-levhasi-r","status":"publish","type":"product","link":"https:\/\/timeksyalitim.com.tr\/home\/product\/izocam-mineral-yun-ara-bolme-levhasi-r\/","title":{"rendered":"\u0130zocam Mineral Y\u00fcn Ara B\u00f6lme Levhas\u0131 R+"},"content":{"rendered":"<p>Kullan\u0131m\u0131 kolay usta dostu \u201cMineral Y\u00fcn Ara B\u00f6lme Levhas\u0131\u201d \u0130zocam\u2019dan! E\u015fsiz \u00f6zellikleri ile \u0131s\u0131, ses yal\u0131t\u0131m\u0131 ve yang\u0131n g\u00fcvenli\u011fi sa\u011flayan \u201c\u0130zocam Mineral Ara B\u00f6lme Levhas\u0131\u201d usta dostu \u00f6zellikleri ile de \u00f6n planda!<\/p>\n<p>Esnekli\u011fi ve yumu\u015fakl\u0131\u011f\u0131yla rahat uygulanabilen USTA DOSTU \u0130zocam Mineral Ara B\u00f6lme Levhas\u0131 toz yapmayan yap\u0131s\u0131 ve kolay kesimi sayesinde konforlu \u00e7al\u0131\u015fma ortamlar\u0131 yarat\u0131yor. Ta\u015f\u0131ma sapl\u0131 ambalaj\u0131 ve hafifli\u011fi sayesinde kolay ta\u015f\u0131nan levhalar kendi ba\u015f\u0131na ayakta durabiliyor ve uygulama esnas\u0131nda sarkm\u0131yor. \u0130lave malzeme ve i\u015f\u00e7ilik gerektirmeyen \u00f6zellikleriyle ustan\u0131n becerisine h\u0131z katan \u0130zocam Ara B\u00f6lme Levhas\u0131\u2019yla zamandan tasarruf edilirken uygulama kalitesinin s\u00fcreklili\u011fi de sa\u011flan\u0131yor.<\/p>\n<p><strong>Uygulama Alanlar\u0131<\/strong><\/p>\n<ul>\n<li>Ara b\u00f6lme U profili, uygulama yap\u0131lacak d\u00f6\u015feme ve tavana \u015fak\u00fcl\u00fcnde yerle\u015ftirilip 60-80 cm\u2019de bir vidalan\u0131r. Ses k\u00f6pr\u00fcs\u00fcn\u00fc engellemek amac\u0131yla U profilin d\u00f6\u015feme ve tavana monte edilece\u011fi y\u00fczeye kau\u00e7uk<\/li>\n<li>Ara b\u00f6lme C profilleri U profillerin i\u00e7ine monte edilerek ara b\u00f6lme duvar\u0131n \u00e7er\u00e7evesi olu\u015fturulur. Yal\u0131t\u0131m malzemesinin i\u00e7ine yerle\u015ftirilece\u011fi C profiller s\u0131rt s\u0131rta gelecek \u015fekilde 60 cm mesafe ile m<\/li>\n<li>Ara b\u00f6lme duvar\u0131n ta\u015f\u0131y\u0131c\u0131 konstr\u00fcksiyonu tamamland\u0131ktan sonra ses k\u00f6pr\u00fcs\u00fcn\u00fc engellemek amac\u0131yla profillere kau\u00e7uk bant (izocamtape) yap\u0131\u015ft\u0131r\u0131l\u0131r. Akabinde bir y\u00fczeye al\u00e7\u0131 levhalar monte edilir<\/li>\n<li>Al\u00e7\u0131 levhalar\u0131n birle\u015fim yerlerine kendinden yap\u0131\u015fkanl\u0131 al\u00e7\u0131 filesi \u00e7ekilir. T\u00fcm y\u00fczeylere al\u00e7\u0131 \u00e7ekildikten sonra istenilen \u015fekilde boyan\u0131r.<\/li>\n<li>60 cm enindeki \u201c\u0130zocam Ara B\u00f6lme Levhas\u0131\u201d profiller aras\u0131na yerle\u015ftirildikten sonra di\u011fer y\u00fczeye de al\u00e7\u0131 levhalar monte edilir.<\/li>\n<\/ul>\n<p>[wpdm_package id=&#8217;3677&#8242;]<\/p>\n","protected":false},"excerpt":{"rendered":"<p>Kullan\u0131m\u0131 kolay usta dostu \u201cMineral Y\u00fcn Ara B\u00f6lme Levhas\u0131\u201d \u0130zocam\u2019dan! E\u015fsiz \u00f6zellikleri ile \u0131s\u0131, ses yal\u0131t\u0131m\u0131 ve yang\u0131n g\u00fcvenli\u011fi sa\u011flayan \u201c\u0130zocam Mineral Ara B\u00f6lme Levhas\u0131\u201d usta dostu \u00f6zellikleri ile de \u00f6n planda!<\/p>\n","protected":false},"featured_media":2727,"comment_status":"open","ping_status":"closed","template":"","meta":[],"product_brand":[],"product_cat":[167],"product_tag":[182],"class_list":{"0":"post-3676","1":"product","2":"type-product","3":"status-publish","4":"has-post-thumbnail","6":"product_cat-levha-cam-yunu","7":"product_tag-mineral-yun-ara-bolme-levhasi","9":"first","10":"instock","11":"taxable","12":"shipping-taxable","13":"product-type-simple"},"_links":{"self":[{"href":"https:\/\/timeksyalitim.com.tr\/home\/wp-json\/wp\/v2\/product\/3676","targetHints":{"allow":["GET"]}}],"collection":[{"href":"https:\/\/timeksyalitim.com.tr\/home\/wp-json\/wp\/v2\/product"}],"about":[{"href":"https:\/\/timeksyalitim.com.tr\/home\/wp-json\/wp\/v2\/types\/product"}],"replies":[{"embeddable":true,"href":"https:\/\/timeksyalitim.com.tr\/home\/wp-json\/wp\/v2\/comments?post=3676"}],"wp:featuredmedia":[{"embeddable":true,"href":"https:\/\/timeksyalitim.com.tr\/home\/wp-json\/wp\/v2\/media\/2727"}],"wp:attachment":[{"href":"https:\/\/timeksyalitim.com.tr\/home\/wp-json\/wp\/v2\/media?parent=3676"}],"wp:term":[{"taxonomy":"product_brand","embeddable":true,"href":"https:\/\/timeksyalitim.com.tr\/home\/wp-json\/wp\/v2\/product_brand?post=3676"},{"taxonomy":"product_cat","embeddable":true,"href":"https:\/\/timeksyalitim.com.tr\/home\/wp-json\/wp\/v2\/product_cat?post=3676"},{"taxonomy":"product_tag","embeddable":true,"href":"https:\/\/timeksyalitim.com.tr\/home\/wp-json\/wp\/v2\/product_tag?post=3676"}],"curies":[{"name":"wp","href":"https:\/\/api.w.org\/{rel}","templated":true}]}}