{"id":3678,"date":"2022-12-01T11:56:10","date_gmt":"2022-12-01T08:56:10","guid":{"rendered":"http:\/\/timeksyalitim.com.tr\/home\/?post_type=product&#038;p=3678"},"modified":"2022-12-01T17:39:39","modified_gmt":"2022-12-01T14:39:39","slug":"manto-izopor-plus","status":"publish","type":"product","link":"https:\/\/timeksyalitim.com.tr\/home\/product\/manto-izopor-plus\/","title":{"rendered":"\u0130zocam Manto \u0130zopor Plus"},"content":{"rendered":"<p>S\u0131val\u0131 d\u0131\u015f cephe yal\u0131t\u0131m sistemleri i\u00e7in TS EN 13499\u2019a uygun \u015fekilde \u00f6zel olarak \u00fcretilen, karbon katk\u0131l\u0131 ekspande polistiren levhalard\u0131r. Koyu renginden \u00f6t\u00fcr\u00fc g\u00fcne\u015f alt\u0131nda k\u0131sa s\u00fcreli dahi stoklanmamal\u0131d\u0131r.<\/p>\n<p><strong>Uygulama Alanlar\u0131<\/strong><\/p>\n<ul>\n<li>Levhalar cephelerde ve k\u00f6\u015felerde \u015fa\u015f\u0131rtmal\u0131 olarak yerle\u015ftirilmelidir. Yap\u0131\u015ft\u0131rma harc\u0131 tamamen kuruduktan sonra (yakla\u015f\u0131k 24 saat) d\u00fcbelleme i\u015flemine ba\u015flan\u0131r.<\/li>\n<li>Duvar \u00f6zelliklerine uygun olarak se\u00e7ilen \u00f6zel yal\u0131t\u0131m tespit d\u00fcbelleri uygulan\u0131r. Fayans veya eskimi\u015f sivalardan olu\u015fan y\u00fczeyler, d\u00fcbelleme i\u015flemi i\u00e7in uygun de\u011fildir.<\/li>\n<\/ul>\n<p>[wpdm_package id=&#8217;3679&#8242;]<\/p>\n","protected":false},"excerpt":{"rendered":"<p>S\u0131val\u0131 d\u0131\u015f cephe yal\u0131t\u0131m sistemleri i\u00e7in TS EN 13499\u2019a uygun \u015fekilde \u00f6zel olarak \u00fcretilen, karbon katk\u0131l\u0131 ekspande polistiren levhalard\u0131r.<\/p>\n","protected":false},"featured_media":2782,"comment_status":"open","ping_status":"closed","template":"","meta":[],"product_brand":[],"product_cat":[204],"product_tag":[203,478],"class_list":{"0":"post-3678","1":"product","2":"type-product","3":"status-publish","4":"has-post-thumbnail","6":"product_cat-eps","7":"product_tag-eps","8":"product_tag-manto-izopor-plus","10":"first","11":"instock","12":"taxable","13":"shipping-taxable","14":"product-type-simple"},"_links":{"self":[{"href":"https:\/\/timeksyalitim.com.tr\/home\/wp-json\/wp\/v2\/product\/3678","targetHints":{"allow":["GET"]}}],"collection":[{"href":"https:\/\/timeksyalitim.com.tr\/home\/wp-json\/wp\/v2\/product"}],"about":[{"href":"https:\/\/timeksyalitim.com.tr\/home\/wp-json\/wp\/v2\/types\/product"}],"replies":[{"embeddable":true,"href":"https:\/\/timeksyalitim.com.tr\/home\/wp-json\/wp\/v2\/comments?post=3678"}],"wp:featuredmedia":[{"embeddable":true,"href":"https:\/\/timeksyalitim.com.tr\/home\/wp-json\/wp\/v2\/media\/2782"}],"wp:attachment":[{"href":"https:\/\/timeksyalitim.com.tr\/home\/wp-json\/wp\/v2\/media?parent=3678"}],"wp:term":[{"taxonomy":"product_brand","embeddable":true,"href":"https:\/\/timeksyalitim.com.tr\/home\/wp-json\/wp\/v2\/product_brand?post=3678"},{"taxonomy":"product_cat","embeddable":true,"href":"https:\/\/timeksyalitim.com.tr\/home\/wp-json\/wp\/v2\/product_cat?post=3678"},{"taxonomy":"product_tag","embeddable":true,"href":"https:\/\/timeksyalitim.com.tr\/home\/wp-json\/wp\/v2\/product_tag?post=3678"}],"curies":[{"name":"wp","href":"https:\/\/api.w.org\/{rel}","templated":true}]}}