{"id":3680,"date":"2022-12-01T12:18:23","date_gmt":"2022-12-01T09:18:23","guid":{"rendered":"http:\/\/timeksyalitim.com.tr\/home\/?post_type=product&#038;p=3680"},"modified":"2022-12-21T16:21:54","modified_gmt":"2022-12-21T13:21:54","slug":"izocam-camyunu-duvar-levhasi","status":"publish","type":"product","link":"https:\/\/timeksyalitim.com.tr\/home\/product\/izocam-camyunu-duvar-levhasi\/","title":{"rendered":"\u0130zocam Camy\u00fcn\u00fc Duvar Levhas\u0131"},"content":{"rendered":"<p>Silikon ilave edilerek su itici \u00f6zellik kazand\u0131r\u0131lm\u0131\u015f camy\u00fcn\u00fc levha olup, iki duvar aras\u0131nda, \u00e7ift cidarl\u0131 sandvi\u00e7 duvar panellerinde \u0131s\u0131 ve ses yal\u0131t\u0131m amac\u0131yla kullan\u0131l\u0131r.<\/p>\n<p><strong>Uygulama Alanlar\u0131<\/strong><\/p>\n<ul>\n<li>Duvar Levhas\u0131 d\u0131\u015f cephelerde tu\u011fla, gazbeton, briket vb. iki duvar eleman\u0131 aras\u0131na serbest olarak yerle\u015ftirilir.<\/li>\n<li>Sandvi\u00e7 duvar yal\u0131t\u0131m\u0131 olarak bilinen bu uygulamada iki duvar eleman\u0131 belirli aral\u0131klarla birbirlerine \u00f6zel elemanlarla ba\u011flanmal\u0131d\u0131r.<\/li>\n<\/ul>\n<p>[wpdm_package id=&#8217;3682&#8242;]<\/p>\n","protected":false},"excerpt":{"rendered":"<p>Silikon ilave edilerek su itici \u00f6zellik kazand\u0131r\u0131lm\u0131\u015f camy\u00fcn\u00fc levha olup, iki duvar aras\u0131nda, \u00e7ift cidarl\u0131 sandvi\u00e7 duvar panellerinde \u0131s\u0131 ve ses yal\u0131t\u0131m amac\u0131yla kullan\u0131l\u0131r.<\/p>\n","protected":false},"featured_media":3681,"comment_status":"open","ping_status":"closed","template":"","meta":[],"product_brand":[],"product_cat":[167],"product_tag":[479,480],"class_list":{"0":"post-3680","1":"product","2":"type-product","3":"status-publish","4":"has-post-thumbnail","6":"product_cat-levha-cam-yunu","7":"product_tag-camyunu","8":"product_tag-duvar-levhasi","10":"first","11":"instock","12":"taxable","13":"shipping-taxable","14":"product-type-simple"},"_links":{"self":[{"href":"https:\/\/timeksyalitim.com.tr\/home\/wp-json\/wp\/v2\/product\/3680","targetHints":{"allow":["GET"]}}],"collection":[{"href":"https:\/\/timeksyalitim.com.tr\/home\/wp-json\/wp\/v2\/product"}],"about":[{"href":"https:\/\/timeksyalitim.com.tr\/home\/wp-json\/wp\/v2\/types\/product"}],"replies":[{"embeddable":true,"href":"https:\/\/timeksyalitim.com.tr\/home\/wp-json\/wp\/v2\/comments?post=3680"}],"wp:featuredmedia":[{"embeddable":true,"href":"https:\/\/timeksyalitim.com.tr\/home\/wp-json\/wp\/v2\/media\/3681"}],"wp:attachment":[{"href":"https:\/\/timeksyalitim.com.tr\/home\/wp-json\/wp\/v2\/media?parent=3680"}],"wp:term":[{"taxonomy":"product_brand","embeddable":true,"href":"https:\/\/timeksyalitim.com.tr\/home\/wp-json\/wp\/v2\/product_brand?post=3680"},{"taxonomy":"product_cat","embeddable":true,"href":"https:\/\/timeksyalitim.com.tr\/home\/wp-json\/wp\/v2\/product_cat?post=3680"},{"taxonomy":"product_tag","embeddable":true,"href":"https:\/\/timeksyalitim.com.tr\/home\/wp-json\/wp\/v2\/product_tag?post=3680"}],"curies":[{"name":"wp","href":"https:\/\/api.w.org\/{rel}","templated":true}]}}