{"id":3686,"date":"2022-12-01T12:25:30","date_gmt":"2022-12-01T09:25:30","guid":{"rendered":"http:\/\/timeksyalitim.com.tr\/home\/?post_type=product&#038;p=3686"},"modified":"2022-12-01T17:39:15","modified_gmt":"2022-12-01T14:39:15","slug":"izocam-tasyunu-ara-bolme-levhasi","status":"publish","type":"product","link":"https:\/\/timeksyalitim.com.tr\/home\/product\/izocam-tasyunu-ara-bolme-levhasi\/","title":{"rendered":"\u0130zocam Ta\u015fy\u00fcn\u00fc Ara B\u00f6lme Levhas\u0131"},"content":{"rendered":"<p>Hafif ara b\u00f6lme duvarlarda, d\u0131\u015f duvarlar\u0131n i\u00e7ten yal\u0131t\u0131m uygulamalar\u0131nda, merdiven ve asans\u00f6r bo\u015fluklar\u0131nda, kom\u015fu duvarlarda \u0131s\u0131 ve ses yal\u0131t\u0131m\u0131 amac\u0131yla kullan\u0131lan ta\u015fy\u00fcn\u00fc levhalard\u0131r.<\/p>\n<p><strong>Uygulama Alanlar\u0131<\/strong><\/p>\n<ul>\n<li>\u0130zocam Ta\u015fy\u00fcn\u00fc Ara B\u00f6lme Levhas\u0131, ah\u015fap veya metal ta\u015f\u0131y\u0131c\u0131 kontr\u00fcksiyon aras\u0131na yerle\u015ftirilerek \u0131s\u0131 ve ses yal\u0131t\u0131m\u0131<br \/>\nve \u00f6zellikle ofis binalar\u0131nda ara b\u00f6lme duvarlarda uyguland\u0131\u011f\u0131 durumlarda yang\u0131n g\u00fcvenli\u011fi amac\u0131yla kullan\u0131lmaktad\u0131r.<\/li>\n<li>Uygulama yerine ba\u011fl\u0131 olarak profiller aras\u0131na levhalar yerle\u015ftirildikten sonra i\u00e7 mekana bakan y\u00fcz\u00fcne ya da her iki<br \/>\ntarafa profiller vas\u0131tas\u0131yla al\u00e7\u0131 plakalar tespit edilir.<\/li>\n<li>\u00d6zellikle ses yal\u0131t\u0131m\u0131 maksad\u0131yla yap\u0131lan yal\u0131t\u0131mlarda, ta\u015f\u0131y\u0131c\u0131 konstr\u00fcksiyonun duvar, d\u00f6\u015feme ve tavan ile temas etti\u011fi t\u00fcm y\u00fczeylerde kau\u00e7uk (izocamtape) bantlar\u0131n kullan\u0131lmas\u0131, ses k\u00f6pr\u00fclerinin \u00f6nlenmesi a\u00e7\u0131s\u0131ndan dikkat edilmesi gereken bir husustur.<\/li>\n<\/ul>\n<p>[wpdm_package id=&#8217;3692&#8242;]<\/p>\n","protected":false},"excerpt":{"rendered":"<p>Hafif ara b\u00f6lme duvarlarda, d\u0131\u015f duvarlar\u0131n i\u00e7ten yal\u0131t\u0131m uygulamalar\u0131nda, merdiven ve asans\u00f6r bo\u015fluklar\u0131nda, kom\u015fu duvarlarda \u0131s\u0131 ve ses yal\u0131t\u0131m\u0131 amac\u0131yla kullan\u0131lan ta\u015fy\u00fcn\u00fc levhalard\u0131r.<\/p>\n","protected":false},"featured_media":3691,"comment_status":"open","ping_status":"closed","template":"","meta":[],"product_brand":[],"product_cat":[234],"product_tag":[482],"class_list":{"0":"post-3686","1":"product","2":"type-product","3":"status-publish","4":"has-post-thumbnail","6":"product_cat-tasyunu-levha","7":"product_tag-tasyunu-ara-bolme-levhasi","9":"first","10":"instock","11":"taxable","12":"shipping-taxable","13":"product-type-simple"},"_links":{"self":[{"href":"https:\/\/timeksyalitim.com.tr\/home\/wp-json\/wp\/v2\/product\/3686","targetHints":{"allow":["GET"]}}],"collection":[{"href":"https:\/\/timeksyalitim.com.tr\/home\/wp-json\/wp\/v2\/product"}],"about":[{"href":"https:\/\/timeksyalitim.com.tr\/home\/wp-json\/wp\/v2\/types\/product"}],"replies":[{"embeddable":true,"href":"https:\/\/timeksyalitim.com.tr\/home\/wp-json\/wp\/v2\/comments?post=3686"}],"wp:featuredmedia":[{"embeddable":true,"href":"https:\/\/timeksyalitim.com.tr\/home\/wp-json\/wp\/v2\/media\/3691"}],"wp:attachment":[{"href":"https:\/\/timeksyalitim.com.tr\/home\/wp-json\/wp\/v2\/media?parent=3686"}],"wp:term":[{"taxonomy":"product_brand","embeddable":true,"href":"https:\/\/timeksyalitim.com.tr\/home\/wp-json\/wp\/v2\/product_brand?post=3686"},{"taxonomy":"product_cat","embeddable":true,"href":"https:\/\/timeksyalitim.com.tr\/home\/wp-json\/wp\/v2\/product_cat?post=3686"},{"taxonomy":"product_tag","embeddable":true,"href":"https:\/\/timeksyalitim.com.tr\/home\/wp-json\/wp\/v2\/product_tag?post=3686"}],"curies":[{"name":"wp","href":"https:\/\/api.w.org\/{rel}","templated":true}]}}