{"id":3687,"date":"2022-12-01T12:25:33","date_gmt":"2022-12-01T09:25:33","guid":{"rendered":"http:\/\/timeksyalitim.com.tr\/home\/?post_type=product&#038;p=3687"},"modified":"2022-12-01T17:39:08","modified_gmt":"2022-12-01T14:39:08","slug":"izocam-camyunu-kalibel","status":"publish","type":"product","link":"https:\/\/timeksyalitim.com.tr\/home\/product\/izocam-camyunu-kalibel\/","title":{"rendered":"\u0130zocam Camy\u00fcn\u00fc Kalibel"},"content":{"rendered":"<p>Bir y\u00fcz\u00fc al\u00e7\u0131 plaka kapl\u0131 camy\u00fcn\u00fc levhadan olu\u015fan, arada aluminyum folyo bulunan kompozit bir \u00fcr\u00fcn olan Kalibel, d\u0131\u015f duvarlar\u0131n i\u00e7 y\u00fczeyinde, i\u00e7 b\u00f6lme ve kom\u015fu duvarlarda, merdiven ve asans\u00f6r bo\u015fluklar\u0131na biti\u015fik duvarlarda, ah\u015fap karkas\u00a0yap\u0131lar\u0131n i\u00e7ten giydirilmesinde ses ve \u0131s\u0131 yal\u0131t\u0131m\u0131 amac\u0131yla kullan\u0131l\u0131r.<\/p>\n<p><strong>Uygulama Alanlar\u0131<\/strong><\/p>\n<ul>\n<li>Kaplanacak duvar\u0131n y\u00fczeyi temizlenerek, uygulamaya haz\u0131rlan\u0131r. Levhalar duvar\u0131n \u00f6l\u00e7\u00fcs\u00fcne g\u00f6re d\u00f6\u015femeden 1 cm,tavandan 0,5 cm mesafe kalacak \u015fekilde kesilir.<\/li>\n<li>\u00d6zel al\u00e7\u0131 yap\u0131\u015ft\u0131rma harc\u0131 levhan\u0131n camy\u00fcn\u00fc y\u00fczeyine m2 \u2019ye 3-5 kg (8-9 topak) gelecek \u015fekilde uygulan\u0131r. Kalibel levha kald\u0131r\u0131larak duvar dibinde, d\u00f6\u015feme \u00fczerine -\u00f6nceden yerle\u015ftirilmi\u015f 10 mm\u2019lik kamalar \u00fczerine- oturtulur. Duvara yasland\u0131ktan sonra lastik bir \u00e7eki\u00e7 ve mastar ile teraziye al\u0131n\u0131r.<\/li>\n<li>Levhalar, yap\u0131\u015ft\u0131r\u0131c\u0131 prizini alana kadar desteklenir. Birle\u015fim yerleri \u00f6zel file ve macunla kapat\u0131l\u0131r. Son kat boya yap\u0131larak uygulama tamamlan\u0131r<\/li>\n<li>Duvarlar Kalibel uyguland\u0131\u011f\u0131nda k\u00fctle-yay-k\u00fctle prensibine g\u00f6re \u00e7al\u0131\u015ft\u0131\u011f\u0131ndan, yaln\u0131z k\u00fctle kanununa g\u00f6re \u00e7al\u0131\u015fan tek katmanl\u0131 ve a\u011f\u0131r duvarlardan daha iyi ses yal\u0131t\u0131m\u0131 sa\u011flar ve binaya a\u011f\u0131rl\u0131k getirmez.<\/li>\n<li>Camy\u00fcn\u00fc levha ve al\u00e7\u0131 plaka aras\u0131nda yeralan al\u00fcminyum folyo yo\u011fu\u015fma riskini \u00f6nler.<\/li>\n<\/ul>\n<p>[wpdm_package id=&#8217;3689&#8242;]<\/p>\n","protected":false},"excerpt":{"rendered":"<p>Bir y\u00fcz\u00fc al\u00e7\u0131 plaka kapl\u0131 camy\u00fcn\u00fc levhadan olu\u015fan, arada aluminyum folyo bulunan kompozit bir \u00fcr\u00fcn olan Kalibel, d\u0131\u015f duvarlar\u0131n i\u00e7 y\u00fczeyinde, i\u00e7 b\u00f6lme ve kom\u015fu duvarlarda, merdiven ve asans\u00f6r bo\u015fluklar\u0131na biti\u015fik duvarlarda, ah\u015fap karkas\u00a0yap\u0131lar\u0131n i\u00e7ten giydirilmesinde ses ve \u0131s\u0131 yal\u0131t\u0131m\u0131 amac\u0131yla kullan\u0131l\u0131r.<\/p>\n","protected":false},"featured_media":3688,"comment_status":"open","ping_status":"closed","template":"","meta":[],"product_brand":[],"product_cat":[167],"product_tag":[479,481],"class_list":{"0":"post-3687","1":"product","2":"type-product","3":"status-publish","4":"has-post-thumbnail","6":"product_cat-levha-cam-yunu","7":"product_tag-camyunu","8":"product_tag-kalibel","10":"first","11":"instock","12":"taxable","13":"shipping-taxable","14":"product-type-simple"},"_links":{"self":[{"href":"https:\/\/timeksyalitim.com.tr\/home\/wp-json\/wp\/v2\/product\/3687","targetHints":{"allow":["GET"]}}],"collection":[{"href":"https:\/\/timeksyalitim.com.tr\/home\/wp-json\/wp\/v2\/product"}],"about":[{"href":"https:\/\/timeksyalitim.com.tr\/home\/wp-json\/wp\/v2\/types\/product"}],"replies":[{"embeddable":true,"href":"https:\/\/timeksyalitim.com.tr\/home\/wp-json\/wp\/v2\/comments?post=3687"}],"wp:featuredmedia":[{"embeddable":true,"href":"https:\/\/timeksyalitim.com.tr\/home\/wp-json\/wp\/v2\/media\/3688"}],"wp:attachment":[{"href":"https:\/\/timeksyalitim.com.tr\/home\/wp-json\/wp\/v2\/media?parent=3687"}],"wp:term":[{"taxonomy":"product_brand","embeddable":true,"href":"https:\/\/timeksyalitim.com.tr\/home\/wp-json\/wp\/v2\/product_brand?post=3687"},{"taxonomy":"product_cat","embeddable":true,"href":"https:\/\/timeksyalitim.com.tr\/home\/wp-json\/wp\/v2\/product_cat?post=3687"},{"taxonomy":"product_tag","embeddable":true,"href":"https:\/\/timeksyalitim.com.tr\/home\/wp-json\/wp\/v2\/product_tag?post=3687"}],"curies":[{"name":"wp","href":"https:\/\/api.w.org\/{rel}","templated":true}]}}