{"id":3703,"date":"2022-12-01T14:34:08","date_gmt":"2022-12-01T11:34:08","guid":{"rendered":"http:\/\/timeksyalitim.com.tr\/home\/?post_type=product&#038;p=3703"},"modified":"2022-12-01T14:39:32","modified_gmt":"2022-12-01T11:39:32","slug":"izocam-peflex-boru","status":"publish","type":"product","link":"https:\/\/timeksyalitim.com.tr\/home\/product\/izocam-peflex-boru\/","title":{"rendered":"\u0130zocam PEflex Boru"},"content":{"rendered":"<p>\u0130zocam Peflex, iklimlendirme, so\u011futma, g\u00fcne\u015f enerjisi sistemlerinde \u0131s\u0131 yal\u0131t\u0131m\u0131 ve yo\u011fu\u015fma kontrol\u00fc sa\u011flamak \u00fczere \u00fcretilen kapal\u0131 g\u00f6zenekli h\u00fccre yap\u0131s\u0131na sahip boru \u015feklinde polietilen k\u00f6p\u00fck malzemedir.<\/p>\n<p><strong>Uygulama Alanlar\u0131<\/strong><\/p>\n<div class=\"col-md-6\">\n<ul>\n<li>\u0130zocam Peflex, so\u011fuk su devrelerinde, g\u00fcne\u015f enerjisi sistemlerinde, b\u00fcy\u00fck \u00e7apl\u0131 borular\u0131n fitinglerinde iklimlendirme ve so\u011futma elemanlar\u0131nda, \u00e7ift s\u0131cakl\u0131kta \u00e7al\u0131\u015fan sistemlerde, havaland\u0131rma kanallar\u0131 ve tanklarda, kanal ve b\u00fcy\u00fck \u00e7apl\u0131 boru hatlar\u0131n\u0131n d\u0131\u015f y\u00fczeylerinde \u0131s\u0131 yal\u0131t\u0131m\u0131 ve yo\u011fu\u015fma kontrol\u00fc amac\u0131yla uygulan\u0131r.<\/li>\n<li>\u0130zocam\u2019\u0131n tavsiye etti\u011fi \u00f6zel yap\u0131\u015ft\u0131r\u0131c\u0131 kullan\u0131larak, levhalar uygulama yap\u0131lacak kanal y\u00fczeyine yap\u0131\u015ft\u0131r\u0131l\u0131r. Ek yerleri s\u0131zd\u0131rmazl\u0131\u011f\u0131 sa\u011flayacak \u015fekilde yap\u0131\u015ft\u0131r\u0131lmal\u0131, gerekirse yap\u0131\u015ft\u0131rmay\u0131 m\u00fcteakip izolasyon bant\u0131 ile kapat\u0131lmal\u0131d\u0131r<\/li>\n<li>Bantlama kal\u0131nl\u0131k kayb\u0131na sebebiyet verecek s\u0131k\u0131l\u0131kta olmamal\u0131d\u0131r. Uygulama delinmeye ve y\u0131rt\u0131lmaya kar\u015f\u0131 korunmal\u0131d\u0131r. G\u00fcne\u015f \u0131\u015f\u0131\u011f\u0131na maruz uygulamalarda, UV etkisine kar\u015f\u0131 mutlaka koruyucu ceket veya koruyucu boya kullan\u0131lmal\u0131d\u0131r<\/li>\n<li>A\u00e7\u0131k hava uygulamalar\u0131n\u0131n 5 g\u00fcn i\u00e7ersinde kaplanmas\u0131 gerekmektedir. Kendinden yap\u0131\u015fkanl\u0131 levhalarda uygulama yap\u0131l\u0131rken ayr\u0131ca yap\u0131\u015ft\u0131r\u0131c\u0131 kullan\u0131lmas\u0131na gerek kalmaz. Al\u00fcminyum folyo kaplama, malzemenin buhar kesici \u00f6zelli\u011fini ve darbe mukavemetini art\u0131r\u0131r.<\/li>\n<li>G\u00fcne\u015f \u0131\u015f\u0131nlar\u0131n\u0131 engelledi\u011fi i\u00e7in malzemenin UV\u2019den zarar g\u00f6rmesini engeller, \u00f6mr\u00fcn\u00fc uzat\u0131r. G\u00fcne\u015f g\u00f6ren kapal\u0131 alanlarda koruyucu ceket veya boya kullan\u0131m\u0131na gerek kalmaz.<\/li>\n<li>Do\u011frudan g\u00fcne\u015f \u0131\u015f\u0131\u011f\u0131na maruz kalmamal\u0131, kapal\u0131 ortamlarda tercih edilmelidir.<\/li>\n<\/ul>\n<p>[wpdm_package id=&#8217;3705&#8242;]<\/p>\n<\/div>\n","protected":false},"excerpt":{"rendered":"<p>\u0130zocam Peflex, iklimlendirme, so\u011futma, g\u00fcne\u015f enerjisi sistemlerinde \u0131s\u0131 yal\u0131t\u0131m\u0131 ve yo\u011fu\u015fma kontrol\u00fc sa\u011flamak \u00fczere \u00fcretilen kapal\u0131 g\u00f6zenekli h\u00fccre yap\u0131s\u0131na sahip boru \u015feklinde polietilen k\u00f6p\u00fck malzemedir<\/p>\n","protected":false},"featured_media":3704,"comment_status":"open","ping_status":"closed","template":"","meta":[],"product_brand":[],"product_cat":[172],"product_tag":[487],"class_list":{"0":"post-3703","1":"product","2":"type-product","3":"status-publish","4":"has-post-thumbnail","6":"product_cat-boru-kaucuk","7":"product_tag-peflex-boru","9":"first","10":"instock","11":"taxable","12":"shipping-taxable","13":"product-type-simple"},"_links":{"self":[{"href":"https:\/\/timeksyalitim.com.tr\/home\/wp-json\/wp\/v2\/product\/3703","targetHints":{"allow":["GET"]}}],"collection":[{"href":"https:\/\/timeksyalitim.com.tr\/home\/wp-json\/wp\/v2\/product"}],"about":[{"href":"https:\/\/timeksyalitim.com.tr\/home\/wp-json\/wp\/v2\/types\/product"}],"replies":[{"embeddable":true,"href":"https:\/\/timeksyalitim.com.tr\/home\/wp-json\/wp\/v2\/comments?post=3703"}],"wp:featuredmedia":[{"embeddable":true,"href":"https:\/\/timeksyalitim.com.tr\/home\/wp-json\/wp\/v2\/media\/3704"}],"wp:attachment":[{"href":"https:\/\/timeksyalitim.com.tr\/home\/wp-json\/wp\/v2\/media?parent=3703"}],"wp:term":[{"taxonomy":"product_brand","embeddable":true,"href":"https:\/\/timeksyalitim.com.tr\/home\/wp-json\/wp\/v2\/product_brand?post=3703"},{"taxonomy":"product_cat","embeddable":true,"href":"https:\/\/timeksyalitim.com.tr\/home\/wp-json\/wp\/v2\/product_cat?post=3703"},{"taxonomy":"product_tag","embeddable":true,"href":"https:\/\/timeksyalitim.com.tr\/home\/wp-json\/wp\/v2\/product_tag?post=3703"}],"curies":[{"name":"wp","href":"https:\/\/api.w.org\/{rel}","templated":true}]}}