{"id":3707,"date":"2022-12-01T14:41:58","date_gmt":"2022-12-01T11:41:58","guid":{"rendered":"http:\/\/timeksyalitim.com.tr\/home\/?post_type=product&#038;p=3707"},"modified":"2022-12-02T13:59:46","modified_gmt":"2022-12-02T10:59:46","slug":"izocam-vana-ceketi","status":"publish","type":"product","link":"https:\/\/timeksyalitim.com.tr\/home\/product\/izocam-vana-ceketi\/","title":{"rendered":"\u0130zocam Vana Ceketi"},"content":{"rendered":"<p>Ba\u011flay\u0131c\u0131s\u0131z imal edilen beyaz camy\u00fcn\u00fc \u015filte veya ta\u015fy\u00fcn\u00fc sanayi \u015filtesi kullan\u0131lm\u0131\u015f, d\u0131\u015f y\u00fczeyi silikonlu i\u00e7 y\u00fczeyi 500 \u00b0C\u2019ye dayan\u0131kl\u0131 silikonsuz cam kuma\u015f\u0131 kapl\u0131, vanalar i\u00e7in \u00f6zel \u00fcretilmi\u015f yal\u0131t\u0131m ceketidir. Kapal\u0131 ya da a\u00e7\u0131k ortamlardaki DIN, ANSI, API standartlar\u0131nda \u00fcretilmi\u015f b\u00fct\u00fcn vana (pistonlu, k\u00fcresel, kelebek vana vb.) ve pislik tutucular\u0131n \u0131s\u0131 yal\u0131t\u0131m\u0131nda kullan\u0131l\u0131r.<\/p>\n<p><strong>Uygulama Alanlar\u0131<\/strong><\/p>\n<ul>\n<li>Yal\u0131t\u0131m\u0131 yap\u0131lacak vanaya uygun vana ceketi se\u00e7ilir veya \u00f6zel olarak dikilir. Vana ceketi, vanan\u0131n etraf\u0131na sar\u0131l\u0131r ve yay yard\u0131m\u0131yla kop\u00e7alar birbirine s\u0131k\u0131ca ba\u011flan\u0131r.<\/li>\n<li>Montajdan \u00f6nce vanalarda buhar ka\u00e7a\u011f\u0131 olup olmad\u0131\u011f\u0131 kontrol edilir. Ka\u00e7ak tespit edilirse, ar\u0131za giderildikten sonra uygulamaya ba\u015flan\u0131r.<\/li>\n<li>Uygulamada vana ve flan\u015flar tamamen yal\u0131t\u0131lmal\u0131, vana ceketi, vanan\u0131n ba\u011fl\u0131 oldu\u011fu yal\u0131t\u0131ml\u0131 boru \u00fczerine flan\u015flardan itibaren en az 50 mm bindirilmelidir.<\/li>\n<\/ul>\n<p>[wpdm_package id=&#8217;3706&#8242;]<\/p>\n","protected":false},"excerpt":{"rendered":"<p>Ba\u011flay\u0131c\u0131s\u0131z imal edilen beyaz camy\u00fcn\u00fc \u015filte veya ta\u015fy\u00fcn\u00fc sanayi \u015filtesi kullan\u0131lm\u0131\u015f, d\u0131\u015f y\u00fczeyi silikonlu i\u00e7 y\u00fczeyi 500 \u00b0C\u2019ye dayan\u0131kl\u0131 silikonsuz cam kuma\u015f\u0131 kapl\u0131, vanalar i\u00e7in \u00f6zel \u00fcretilmi\u015f yal\u0131t\u0131m ceketidir.<\/p>\n","protected":false},"featured_media":3708,"comment_status":"open","ping_status":"closed","template":"","meta":[],"product_brand":[],"product_cat":[168],"product_tag":[488],"class_list":{"0":"post-3707","1":"product","2":"type-product","3":"status-publish","4":"has-post-thumbnail","6":"product_cat-silte-cam-yunu","7":"product_tag-vana-ceketi","9":"first","10":"instock","11":"taxable","12":"shipping-taxable","13":"product-type-simple"},"_links":{"self":[{"href":"https:\/\/timeksyalitim.com.tr\/home\/wp-json\/wp\/v2\/product\/3707","targetHints":{"allow":["GET"]}}],"collection":[{"href":"https:\/\/timeksyalitim.com.tr\/home\/wp-json\/wp\/v2\/product"}],"about":[{"href":"https:\/\/timeksyalitim.com.tr\/home\/wp-json\/wp\/v2\/types\/product"}],"replies":[{"embeddable":true,"href":"https:\/\/timeksyalitim.com.tr\/home\/wp-json\/wp\/v2\/comments?post=3707"}],"wp:featuredmedia":[{"embeddable":true,"href":"https:\/\/timeksyalitim.com.tr\/home\/wp-json\/wp\/v2\/media\/3708"}],"wp:attachment":[{"href":"https:\/\/timeksyalitim.com.tr\/home\/wp-json\/wp\/v2\/media?parent=3707"}],"wp:term":[{"taxonomy":"product_brand","embeddable":true,"href":"https:\/\/timeksyalitim.com.tr\/home\/wp-json\/wp\/v2\/product_brand?post=3707"},{"taxonomy":"product_cat","embeddable":true,"href":"https:\/\/timeksyalitim.com.tr\/home\/wp-json\/wp\/v2\/product_cat?post=3707"},{"taxonomy":"product_tag","embeddable":true,"href":"https:\/\/timeksyalitim.com.tr\/home\/wp-json\/wp\/v2\/product_tag?post=3707"}],"curies":[{"name":"wp","href":"https:\/\/api.w.org\/{rel}","templated":true}]}}