{"id":3720,"date":"2022-12-01T17:23:00","date_gmt":"2022-12-01T14:23:00","guid":{"rendered":"http:\/\/timeksyalitim.com.tr\/home\/?post_type=product&#038;p=3720"},"modified":"2022-12-01T17:38:45","modified_gmt":"2022-12-01T14:38:45","slug":"izocam-solar-35t","status":"publish","type":"product","link":"https:\/\/timeksyalitim.com.tr\/home\/product\/izocam-solar-35t\/","title":{"rendered":"\u0130zocam Solar 35T"},"content":{"rendered":"<p>Kaplamas\u0131z Solar 35T ve Solar 40T olarak iki farkl\u0131 tipte imal edilen ta\u015fy\u00fcn\u00fc levha olup g\u00fcne\u015f kollekt\u00f6rlerinde \u0131s\u0131 yal\u0131t\u0131m\u0131 amac\u0131yla kullan\u0131l\u0131r.<\/p>\n<p><strong>Uygulama Alanlar\u0131<\/strong><\/p>\n<ul>\n<li>G\u00fcne\u015f kollekt\u00f6rlerinin \u0131s\u0131 yal\u0131t\u0131m uygulamalar\u0131nda Solar levhalar kullan\u0131lmaktad\u0131r. Kasa y\u00fcksekli\u011finin izin vermesi durumunda so\u011furucu y\u00fczey ile alt y\u00fczey yal\u0131t\u0131m\u0131 aras\u0131nda 10 &#8211; 20 mm bo\u015fluk b\u0131rak\u0131larak \u00fcr\u00fcn yerle\u015ftirilir.<\/li>\n<li>Kollekt\u00f6rlerin havaland\u0131r\u0131lmas\u0131 i\u00e7in, ya\u011fmur sular\u0131n\u0131n giremeyece\u011fi yerlere 2-3 mm\u2019lik delikler a\u00e7\u0131lmal\u0131d\u0131r.<\/li>\n<li>Aksi halde, su buhar\u0131 geceleri camlarda yo\u011fu\u015farak, bu\u011fu olu\u015fturup kollekt\u00f6r\u00fcn verimsiz \u00e7al\u0131\u015fmas\u0131na neden olabilir.<\/li>\n<li>Solar 35T ve Solar 40T \u00fcr\u00fcn kullan\u0131ld\u0131\u011f\u0131nda kollekt\u00f6r cam\u0131nda bu\u011fulanma olsa bile lekelenme olu\u015fmaz.<\/li>\n<\/ul>\n<p>[wpdm_package id=&#8217;3719&#8242;]<\/p>\n","protected":false},"excerpt":{"rendered":"<p>Kaplamas\u0131z Solar 35T ve Solar 40T olarak iki farkl\u0131 tipte imal edilen ta\u015fy\u00fcn\u00fc levha olup g\u00fcne\u015f kollekt\u00f6rlerinde \u0131s\u0131 yal\u0131t\u0131m\u0131 amac\u0131yla kullan\u0131l\u0131r.<\/p>\n","protected":false},"featured_media":3691,"comment_status":"open","ping_status":"closed","template":"","meta":[],"product_brand":[],"product_cat":[234],"product_tag":[492],"class_list":{"0":"post-3720","1":"product","2":"type-product","3":"status-publish","4":"has-post-thumbnail","6":"product_cat-tasyunu-levha","7":"product_tag-izocam-solar-35t","9":"first","10":"instock","11":"taxable","12":"shipping-taxable","13":"product-type-simple"},"_links":{"self":[{"href":"https:\/\/timeksyalitim.com.tr\/home\/wp-json\/wp\/v2\/product\/3720","targetHints":{"allow":["GET"]}}],"collection":[{"href":"https:\/\/timeksyalitim.com.tr\/home\/wp-json\/wp\/v2\/product"}],"about":[{"href":"https:\/\/timeksyalitim.com.tr\/home\/wp-json\/wp\/v2\/types\/product"}],"replies":[{"embeddable":true,"href":"https:\/\/timeksyalitim.com.tr\/home\/wp-json\/wp\/v2\/comments?post=3720"}],"wp:featuredmedia":[{"embeddable":true,"href":"https:\/\/timeksyalitim.com.tr\/home\/wp-json\/wp\/v2\/media\/3691"}],"wp:attachment":[{"href":"https:\/\/timeksyalitim.com.tr\/home\/wp-json\/wp\/v2\/media?parent=3720"}],"wp:term":[{"taxonomy":"product_brand","embeddable":true,"href":"https:\/\/timeksyalitim.com.tr\/home\/wp-json\/wp\/v2\/product_brand?post=3720"},{"taxonomy":"product_cat","embeddable":true,"href":"https:\/\/timeksyalitim.com.tr\/home\/wp-json\/wp\/v2\/product_cat?post=3720"},{"taxonomy":"product_tag","embeddable":true,"href":"https:\/\/timeksyalitim.com.tr\/home\/wp-json\/wp\/v2\/product_tag?post=3720"}],"curies":[{"name":"wp","href":"https:\/\/api.w.org\/{rel}","templated":true}]}}