{"id":3737,"date":"2022-12-02T13:05:23","date_gmt":"2022-12-02T10:05:23","guid":{"rendered":"http:\/\/timeksyalitim.com.tr\/home\/?post_type=product&#038;p=3737"},"modified":"2022-12-02T13:06:34","modified_gmt":"2022-12-02T10:06:34","slug":"izocam-yangin-kapisi-levhasi","status":"publish","type":"product","link":"https:\/\/timeksyalitim.com.tr\/home\/product\/izocam-yangin-kapisi-levhasi\/","title":{"rendered":"\u0130zocam Yang\u0131n Kap\u0131s\u0131 Levhas\u0131"},"content":{"rendered":"<p>EI60, EI90 ve EI120 \u00f6zellikte yang\u0131n kap\u0131lar\u0131nda kullan\u0131lan \u00f6zel ta\u015fy\u00fcn\u00fc levhad\u0131r.<\/p>\n<p><strong>Uygulama Alanlar\u0131<\/strong><\/p>\n<ul>\n<li>Yang\u0131n kap\u0131s\u0131 imalat\u0131 yapan firmalara temin edildi\u011finden, \u00fcreticilerin olu\u015fturdu\u011fu detaylara g\u00f6re uygulan\u0131r.<\/li>\n<li>Yang\u0131n diren\u00e7 s\u00fcresi a\u00e7\u0131s\u0131ndan tek par\u00e7a halinde kap\u0131ya tatbik edilmelidir.<\/li>\n<\/ul>\n<p>&nbsp;<\/p>\n","protected":false},"excerpt":{"rendered":"<p>EI60, EI90 ve EI120 \u00f6zellikte yang\u0131n kap\u0131lar\u0131nda kullan\u0131lan \u00f6zel ta\u015fy\u00fcn\u00fc levhad\u0131r.<\/p>\n","protected":false},"featured_media":3691,"comment_status":"open","ping_status":"closed","template":"","meta":[],"product_brand":[],"product_cat":[234],"product_tag":[499],"class_list":{"0":"post-3737","1":"product","2":"type-product","3":"status-publish","4":"has-post-thumbnail","6":"product_cat-tasyunu-levha","7":"product_tag-yangin-kapisi-levhasi","9":"first","10":"instock","11":"taxable","12":"shipping-taxable","13":"product-type-simple"},"_links":{"self":[{"href":"https:\/\/timeksyalitim.com.tr\/home\/wp-json\/wp\/v2\/product\/3737","targetHints":{"allow":["GET"]}}],"collection":[{"href":"https:\/\/timeksyalitim.com.tr\/home\/wp-json\/wp\/v2\/product"}],"about":[{"href":"https:\/\/timeksyalitim.com.tr\/home\/wp-json\/wp\/v2\/types\/product"}],"replies":[{"embeddable":true,"href":"https:\/\/timeksyalitim.com.tr\/home\/wp-json\/wp\/v2\/comments?post=3737"}],"wp:featuredmedia":[{"embeddable":true,"href":"https:\/\/timeksyalitim.com.tr\/home\/wp-json\/wp\/v2\/media\/3691"}],"wp:attachment":[{"href":"https:\/\/timeksyalitim.com.tr\/home\/wp-json\/wp\/v2\/media?parent=3737"}],"wp:term":[{"taxonomy":"product_brand","embeddable":true,"href":"https:\/\/timeksyalitim.com.tr\/home\/wp-json\/wp\/v2\/product_brand?post=3737"},{"taxonomy":"product_cat","embeddable":true,"href":"https:\/\/timeksyalitim.com.tr\/home\/wp-json\/wp\/v2\/product_cat?post=3737"},{"taxonomy":"product_tag","embeddable":true,"href":"https:\/\/timeksyalitim.com.tr\/home\/wp-json\/wp\/v2\/product_tag?post=3737"}],"curies":[{"name":"wp","href":"https:\/\/api.w.org\/{rel}","templated":true}]}}